{"id":1522,"date":"2021-08-24T08:17:48","date_gmt":"2021-08-24T08:17:48","guid":{"rendered":"http:\/\/staging.webbskisser.se\/sbhss\/?page_id=1522"},"modified":"2025-02-12T08:29:39","modified_gmt":"2025-02-12T08:29:39","slug":"verksamhetsplan-for-2024","status":"publish","type":"page","link":"https:\/\/www.sbhss.eu\/sv\/om-oss\/dokument\/verksamhetsplan-for-2024\/","title":{"rendered":"Verksamhetsplan 2025"},"content":{"rendered":"<p style=\"text-align: justify;\">Verksamhetsplanen \u00e4r ett dokument som speglar \u00e4garnas fokus f\u00f6r 2024 i relation till vad som sker p\u00e5 den europeiska arenan. D\u00e5 en stor del av samarbetet i Sm\u00e5land Blekinge Halland South Sweden sker med Brysselkontoret som plattform, har aktiviteter knutna till EU-agendan en central plats. Aktiviteterna p\u00e5 den europeiska arenan \u00e4r ett komplement till och verktyg f\u00f6r \u00e4garnas arbete p\u00e5 hemmaplan.<\/p>\n<p style=\"text-align: justify;\"><strong>L\u00e5ngsiktig verksamhetsinriktning <\/strong><\/p>\n<p style=\"text-align: justify;\">SBHSS verksamhetsinriktning s\u00e4tter en l\u00e5ngsiktig ram f\u00f6r fokusomr\u00e5den i \u00e5rliga verksamhetsplaner och ger samtidigt flexibilitet f\u00f6r att kunna hantera of\u00f6rutsedda situationer. Verksamhetsinriktning fr\u00e5n 2023 g\u00e4ller tills vidare.<\/p>\n<p style=\"text-align: justify;\"><strong>M\u00e5lbilder i existerande strategier ligger som grund<\/strong><\/p>\n<p style=\"text-align: justify;\">Verksamhetsinriktningen tar sin utg\u00e5ngspunkt i globala m\u00e5l s\u00e5 som Agenda 2030 och Parisavtalet, f\u00f6rl\u00e4ngningen av tidigare arbete med OECD:s rekommendationer f\u00f6r v\u00e5r geografi, den nationella strategin f\u00f6r h\u00e5llbar regional utveckling, regionala utvecklingsstrategier och smarta specialiseringsstrategier (S3).<\/p>\n<p style=\"text-align: justify;\"><strong>EU-arenan \u00e4r grunden, samarbetet p\u00e5 hemmaarenan \u00e4r framg\u00e5ngsfaktorn <\/strong><\/p>\n<p style=\"text-align: justify;\">Verksamheten i samarbetet Sm\u00e5land Blekinge Halland South Sweden (SBHSS) har sin grund i regional utveckling och dess behov av att f\u00f6rh\u00e5lla sig till och verka i en internationell kontext. SBHSS-samarbetet mellan \u00e4garna p\u00e5 hemmaplan avg\u00f6rs generellt sett utifr\u00e5n behov. Den samlade styrkan av samarbetet mellan regioner och l\u00e4ros\u00e4ten ses som en framg\u00e5ngsfaktor f\u00f6r gr\u00e4ns\u00f6verskridande arbete.<\/p>\n<p style=\"text-align: justify;\"><strong>M\u00f6jligg\u00f6rare p\u00e5 hemmaplan och Brysselarenan<\/strong><\/p>\n<p style=\"text-align: justify;\">I m\u00e5nga fr\u00e5gor utg\u00f6r <em>innovation<\/em> en viktig best\u00e5ndsdel f\u00f6r samh\u00e4llets och n\u00e4ringslivets utveckling. I innovationsutvecklingen st\u00e5r de <em>smarta specialiseringsstrategierna<\/em> i centrum som metod f\u00f6r fokusering av resurser och akt\u00f6rer, vilket understryker vikten av <em>samverkan mellan regioner och l\u00e4ros\u00e4ten<\/em>. N\u00e4r vi fokuserar och utvecklas f\u00f6r att hantera samh\u00e4llsomst\u00e4llningar, \u00f6kar behovet av <em>kompetensf\u00f6rs\u00f6rjning<\/em>. I det arbetet \u00e4r extern finansiering betydelsefullt.<\/p>\n<p style=\"text-align: justify;\"><em>Brysselkontoret<\/em> \u00e4r \u00e4garnas f\u00f6rl\u00e4ngda arm f\u00f6r att n\u00e5 sina m\u00e5l p\u00e5 hemmaplan genom aktivitet p\u00e5 EU-arenan. I arbetet med \u00e4garnas fokusomr\u00e5den (se nedan) utg\u00f6r <em>policyp\u00e5verkan<\/em>, <em>profilering<\/em> och <em>n\u00e4tverksarbete<\/em> viktiga verktyg p\u00e5 EU-arenan. M\u00e5let \u00e4r att verka f\u00f6r att EU-lagstiftning utvecklas gynnsamt f\u00f6r v\u00e5ra omr\u00e5den och f\u00f6r att v\u00e5ra \u00e4gare ska komma med i r\u00e4tt samarbeten som i sin tur \u00f6kar m\u00f6jligheterna att ta del av konkurrensutsatta EU-medel. P\u00e5 s\u00e5 s\u00e4tt kan EU-arenan bidra positivt till den regionala utvecklingen utifr\u00e5n \u00e4garnas prioriteringar.<\/p>\n<p style=\"text-align: justify;\"><img loading=\"lazy\" decoding=\"async\" class=\"wp-image-4435 aligncenter\" src=\"https:\/\/www.sbhss.eu\/wp-content\/uploads\/2023\/04\/verksamhetinriktning-300x155.png\" alt=\"\" width=\"564\" height=\"292\" \/><\/p>\n<p style=\"text-align: justify;\">\n","protected":false},"excerpt":{"rendered":"<p>Verksamhetsplanen \u00e4r ett dokument som speglar \u00e4garnas fokus f\u00f6r 2024 i relation till vad som sker p\u00e5 den europeiska arenan. D\u00e5 en stor del av samarbetet i Sm\u00e5land Blekinge Halland South Sweden sker med Brysselkontoret som plattform, har aktiviteter knutna till EU-agendan en central plats. Aktiviteterna p\u00e5 den europeiska arenan \u00e4r ett komplement till och [&hellip;]<\/p>\n","protected":false},"author":1,"featured_media":0,"parent":236,"menu_order":16,"comment_status":"closed","ping_status":"closed","template":"page_documents.php","meta":{"_acf_changed":false,"footnotes":"","advanced-sidebar-menu\/link-title":"Verksamhetsplan 2024","advanced-sidebar-menu\/exclude-page":false},"class_list":["post-1522","page","type-page","status-publish","hentry"],"acf":[],"yoast_head":"<!-- This site is optimized with the Yoast SEO plugin v27.2 - https:\/\/yoast.com\/product\/yoast-seo-wordpress\/ -->\n<title>Verksamhetsplan 2025 - SBHSS<\/title>\n<meta name=\"robots\" content=\"index, follow, max-snippet:-1, max-image-preview:large, max-video-preview:-1\" \/>\n<link rel=\"canonical\" href=\"https:\/\/www.sbhss.eu\/sv\/om-oss\/dokument\/verksamhetsplan-for-2024\/\" \/>\n<meta property=\"og:locale\" content=\"sv_SE\" \/>\n<meta property=\"og:type\" content=\"article\" \/>\n<meta property=\"og:title\" content=\"Verksamhetsplan 2025 - SBHSS\" \/>\n<meta property=\"og:description\" content=\"Verksamhetsplanen \u00e4r ett dokument som speglar \u00e4garnas fokus f\u00f6r 2024 i relation till vad som sker p\u00e5 den europeiska arenan. D\u00e5 en stor del av samarbetet i Sm\u00e5land Blekinge Halland South Sweden sker med Brysselkontoret som plattform, har aktiviteter knutna till EU-agendan en central plats. Aktiviteterna p\u00e5 den europeiska arenan \u00e4r ett komplement till och [&hellip;]\" \/>\n<meta property=\"og:url\" content=\"https:\/\/www.sbhss.eu\/sv\/om-oss\/dokument\/verksamhetsplan-for-2024\/\" \/>\n<meta property=\"og:site_name\" content=\"SBHSS\" \/>\n<meta property=\"article:modified_time\" content=\"2025-02-12T08:29:39+00:00\" \/>\n<meta property=\"og:image\" content=\"https:\/\/www.sbhss.eu\/wp-content\/uploads\/2023\/04\/verksamhetinriktning.png\" \/>\n\t<meta property=\"og:image:width\" content=\"2104\" \/>\n\t<meta property=\"og:image:height\" content=\"1090\" \/>\n\t<meta property=\"og:image:type\" content=\"image\/png\" \/>\n<meta name=\"twitter:card\" content=\"summary_large_image\" \/>\n<meta name=\"twitter:label1\" content=\"Ber\u00e4knad l\u00e4stid\" \/>\n\t<meta name=\"twitter:data1\" content=\"2 minuter\" \/>\n<script type=\"application\/ld+json\" class=\"yoast-schema-graph\">{\"@context\":\"https:\/\/schema.org\",\"@graph\":[{\"@type\":\"WebPage\",\"@id\":\"https:\/\/www.sbhss.eu\/sv\/om-oss\/dokument\/verksamhetsplan-for-2024\/\",\"url\":\"https:\/\/www.sbhss.eu\/sv\/om-oss\/dokument\/verksamhetsplan-for-2024\/\",\"name\":\"Verksamhetsplan 2025 - SBHSS\",\"isPartOf\":{\"@id\":\"https:\/\/www.sbhss.eu\/#website\"},\"primaryImageOfPage\":{\"@id\":\"https:\/\/www.sbhss.eu\/sv\/om-oss\/dokument\/verksamhetsplan-for-2024\/#primaryimage\"},\"image\":{\"@id\":\"https:\/\/www.sbhss.eu\/sv\/om-oss\/dokument\/verksamhetsplan-for-2024\/#primaryimage\"},\"thumbnailUrl\":\"https:\/\/www.sbhss.eu\/wp-content\/uploads\/2023\/04\/verksamhetinriktning-300x155.png\",\"datePublished\":\"2021-08-24T08:17:48+00:00\",\"dateModified\":\"2025-02-12T08:29:39+00:00\",\"breadcrumb\":{\"@id\":\"https:\/\/www.sbhss.eu\/sv\/om-oss\/dokument\/verksamhetsplan-for-2024\/#breadcrumb\"},\"inLanguage\":\"sv-SE\",\"potentialAction\":[{\"@type\":\"ReadAction\",\"target\":[\"https:\/\/www.sbhss.eu\/sv\/om-oss\/dokument\/verksamhetsplan-for-2024\/\"]}]},{\"@type\":\"ImageObject\",\"inLanguage\":\"sv-SE\",\"@id\":\"https:\/\/www.sbhss.eu\/sv\/om-oss\/dokument\/verksamhetsplan-for-2024\/#primaryimage\",\"url\":\"https:\/\/www.sbhss.eu\/wp-content\/uploads\/2023\/04\/verksamhetinriktning-300x155.png\",\"contentUrl\":\"https:\/\/www.sbhss.eu\/wp-content\/uploads\/2023\/04\/verksamhetinriktning-300x155.png\"},{\"@type\":\"BreadcrumbList\",\"@id\":\"https:\/\/www.sbhss.eu\/sv\/om-oss\/dokument\/verksamhetsplan-for-2024\/#breadcrumb\",\"itemListElement\":[{\"@type\":\"ListItem\",\"position\":1,\"name\":\"Hem\",\"item\":\"https:\/\/www.sbhss.eu\/sv\/\"},{\"@type\":\"ListItem\",\"position\":2,\"name\":\"Om oss\",\"item\":\"https:\/\/www.sbhss.eu\/sv\/om-oss\/\"},{\"@type\":\"ListItem\",\"position\":3,\"name\":\"Dokument\",\"item\":\"https:\/\/www.sbhss.eu\/sv\/om-oss\/dokument\/\"},{\"@type\":\"ListItem\",\"position\":4,\"name\":\"Verksamhetsplan 2025\"}]},{\"@type\":\"WebSite\",\"@id\":\"https:\/\/www.sbhss.eu\/#website\",\"url\":\"https:\/\/www.sbhss.eu\/\",\"name\":\"SBHSS\",\"description\":\"\",\"potentialAction\":[{\"@type\":\"SearchAction\",\"target\":{\"@type\":\"EntryPoint\",\"urlTemplate\":\"https:\/\/www.sbhss.eu\/?s={search_term_string}\"},\"query-input\":{\"@type\":\"PropertyValueSpecification\",\"valueRequired\":true,\"valueName\":\"search_term_string\"}}],\"inLanguage\":\"sv-SE\"}]}<\/script>\n<!-- \/ Yoast SEO plugin. -->","yoast_head_json":{"title":"Verksamhetsplan 2025 - SBHSS","robots":{"index":"index","follow":"follow","max-snippet":"max-snippet:-1","max-image-preview":"max-image-preview:large","max-video-preview":"max-video-preview:-1"},"canonical":"https:\/\/www.sbhss.eu\/sv\/om-oss\/dokument\/verksamhetsplan-for-2024\/","og_locale":"sv_SE","og_type":"article","og_title":"Verksamhetsplan 2025 - SBHSS","og_description":"Verksamhetsplanen \u00e4r ett dokument som speglar \u00e4garnas fokus f\u00f6r 2024 i relation till vad som sker p\u00e5 den europeiska arenan. D\u00e5 en stor del av samarbetet i Sm\u00e5land Blekinge Halland South Sweden sker med Brysselkontoret som plattform, har aktiviteter knutna till EU-agendan en central plats. Aktiviteterna p\u00e5 den europeiska arenan \u00e4r ett komplement till och [&hellip;]","og_url":"https:\/\/www.sbhss.eu\/sv\/om-oss\/dokument\/verksamhetsplan-for-2024\/","og_site_name":"SBHSS","article_modified_time":"2025-02-12T08:29:39+00:00","og_image":[{"width":2104,"height":1090,"url":"https:\/\/www.sbhss.eu\/wp-content\/uploads\/2023\/04\/verksamhetinriktning.png","type":"image\/png"}],"twitter_card":"summary_large_image","twitter_misc":{"Ber\u00e4knad l\u00e4stid":"2 minuter"},"schema":{"@context":"https:\/\/schema.org","@graph":[{"@type":"WebPage","@id":"https:\/\/www.sbhss.eu\/sv\/om-oss\/dokument\/verksamhetsplan-for-2024\/","url":"https:\/\/www.sbhss.eu\/sv\/om-oss\/dokument\/verksamhetsplan-for-2024\/","name":"Verksamhetsplan 2025 - SBHSS","isPartOf":{"@id":"https:\/\/www.sbhss.eu\/#website"},"primaryImageOfPage":{"@id":"https:\/\/www.sbhss.eu\/sv\/om-oss\/dokument\/verksamhetsplan-for-2024\/#primaryimage"},"image":{"@id":"https:\/\/www.sbhss.eu\/sv\/om-oss\/dokument\/verksamhetsplan-for-2024\/#primaryimage"},"thumbnailUrl":"https:\/\/www.sbhss.eu\/wp-content\/uploads\/2023\/04\/verksamhetinriktning-300x155.png","datePublished":"2021-08-24T08:17:48+00:00","dateModified":"2025-02-12T08:29:39+00:00","breadcrumb":{"@id":"https:\/\/www.sbhss.eu\/sv\/om-oss\/dokument\/verksamhetsplan-for-2024\/#breadcrumb"},"inLanguage":"sv-SE","potentialAction":[{"@type":"ReadAction","target":["https:\/\/www.sbhss.eu\/sv\/om-oss\/dokument\/verksamhetsplan-for-2024\/"]}]},{"@type":"ImageObject","inLanguage":"sv-SE","@id":"https:\/\/www.sbhss.eu\/sv\/om-oss\/dokument\/verksamhetsplan-for-2024\/#primaryimage","url":"https:\/\/www.sbhss.eu\/wp-content\/uploads\/2023\/04\/verksamhetinriktning-300x155.png","contentUrl":"https:\/\/www.sbhss.eu\/wp-content\/uploads\/2023\/04\/verksamhetinriktning-300x155.png"},{"@type":"BreadcrumbList","@id":"https:\/\/www.sbhss.eu\/sv\/om-oss\/dokument\/verksamhetsplan-for-2024\/#breadcrumb","itemListElement":[{"@type":"ListItem","position":1,"name":"Hem","item":"https:\/\/www.sbhss.eu\/sv\/"},{"@type":"ListItem","position":2,"name":"Om oss","item":"https:\/\/www.sbhss.eu\/sv\/om-oss\/"},{"@type":"ListItem","position":3,"name":"Dokument","item":"https:\/\/www.sbhss.eu\/sv\/om-oss\/dokument\/"},{"@type":"ListItem","position":4,"name":"Verksamhetsplan 2025"}]},{"@type":"WebSite","@id":"https:\/\/www.sbhss.eu\/#website","url":"https:\/\/www.sbhss.eu\/","name":"SBHSS","description":"","potentialAction":[{"@type":"SearchAction","target":{"@type":"EntryPoint","urlTemplate":"https:\/\/www.sbhss.eu\/?s={search_term_string}"},"query-input":{"@type":"PropertyValueSpecification","valueRequired":true,"valueName":"search_term_string"}}],"inLanguage":"sv-SE"}]}},"_links":{"self":[{"href":"https:\/\/www.sbhss.eu\/sv\/wp-json\/wp\/v2\/pages\/1522","targetHints":{"allow":["GET"]}}],"collection":[{"href":"https:\/\/www.sbhss.eu\/sv\/wp-json\/wp\/v2\/pages"}],"about":[{"href":"https:\/\/www.sbhss.eu\/sv\/wp-json\/wp\/v2\/types\/page"}],"author":[{"embeddable":true,"href":"https:\/\/www.sbhss.eu\/sv\/wp-json\/wp\/v2\/users\/1"}],"replies":[{"embeddable":true,"href":"https:\/\/www.sbhss.eu\/sv\/wp-json\/wp\/v2\/comments?post=1522"}],"version-history":[{"count":16,"href":"https:\/\/www.sbhss.eu\/sv\/wp-json\/wp\/v2\/pages\/1522\/revisions"}],"predecessor-version":[{"id":7746,"href":"https:\/\/www.sbhss.eu\/sv\/wp-json\/wp\/v2\/pages\/1522\/revisions\/7746"}],"up":[{"embeddable":true,"href":"https:\/\/www.sbhss.eu\/sv\/wp-json\/wp\/v2\/pages\/236"}],"wp:attachment":[{"href":"https:\/\/www.sbhss.eu\/sv\/wp-json\/wp\/v2\/media?parent=1522"}],"curies":[{"name":"wp","href":"https:\/\/api.w.org\/{rel}","templated":true}]}}