{"id":1526,"date":"2021-08-24T08:25:34","date_gmt":"2021-08-24T08:25:34","guid":{"rendered":"http:\/\/staging.webbskisser.se\/sbhss\/?page_id=1526"},"modified":"2025-02-12T08:30:40","modified_gmt":"2025-02-12T08:30:40","slug":"verksamhetsberattelse-for-2023","status":"publish","type":"page","link":"https:\/\/www.sbhss.eu\/sv\/om-oss\/dokument\/verksamhetsberattelse-for-2023\/","title":{"rendered":"Verksamhetsber\u00e4ttelse f\u00f6r 2024"},"content":{"rendered":"<p style=\"text-align: justify;\">Kopplingen mellan den europeiska arenan och p\u00e5 hemmaplan \u00e4r stark. Anledningen \u00e4r att de fr\u00e5gor som EU arbetar med i stor utstr\u00e4ckning \u00e4r desamma som v\u00e5ra medlemmar arbetar med dagligdags. Som en konsekvens kan en stor del av Sm\u00e5land Blekinge Halland South Swedens (SBHSS) resultat s\u00f6kas i \u00e4garnas ordinarie verksamhet. H\u00e4rut\u00f6ver landar m\u00e5nga aktuella fr\u00e5gor hos den svenska nationella niv\u00e5n, varf\u00f6r betydelsen av dialog med den regionala niv\u00e5n understryks. Dels handlar det om att f\u00f6rs\u00e4kra sig om att den nationella niv\u00e5n i tidigt skede i EU:s beslutsprocess har tagit del av v\u00e5ra perspektiv inf\u00f6r f\u00f6rhandlingar med andra medlemsstater, dels handlar det om att vi i inf\u00f6r slutskedet i beslutsprocessen involveras f\u00f6r att inf\u00f6ra s\u00e5v\u00e4l policy som finansiering.<\/p>\n<p style=\"text-align: justify;\"><strong>Brysselkontoret<\/strong><\/p>\n<p style=\"text-align: justify;\">Vid sidan av samarbete mellan \u00e4garna, \u00e4r det gemensamma Brysselkontoret sedan starten 2010 ett viktigt verktyg f\u00f6r medlemmarna. Kontoret bemannas under st\u00f6rre delen av tre heltidsanst\u00e4llda.<\/p>\n","protected":false},"excerpt":{"rendered":"<p>Kopplingen mellan den europeiska arenan och p\u00e5 hemmaplan \u00e4r stark. Anledningen \u00e4r att de fr\u00e5gor som EU arbetar med i stor utstr\u00e4ckning \u00e4r desamma som v\u00e5ra medlemmar arbetar med dagligdags. Som en konsekvens kan en stor del av Sm\u00e5land Blekinge Halland South Swedens (SBHSS) resultat s\u00f6kas i \u00e4garnas ordinarie verksamhet. H\u00e4rut\u00f6ver landar m\u00e5nga aktuella fr\u00e5gor [&hellip;]<\/p>\n","protected":false},"author":1,"featured_media":0,"parent":236,"menu_order":19,"comment_status":"closed","ping_status":"closed","template":"page_documents.php","meta":{"_acf_changed":false,"footnotes":"","advanced-sidebar-menu\/link-title":"","advanced-sidebar-menu\/exclude-page":false},"class_list":["post-1526","page","type-page","status-publish","hentry"],"acf":[],"yoast_head":"<!-- This site is optimized with the Yoast SEO plugin v27.2 - https:\/\/yoast.com\/product\/yoast-seo-wordpress\/ -->\n<title>Verksamhetsber\u00e4ttelse f\u00f6r 2024 - SBHSS<\/title>\n<meta name=\"robots\" content=\"index, follow, max-snippet:-1, max-image-preview:large, max-video-preview:-1\" \/>\n<link rel=\"canonical\" href=\"https:\/\/www.sbhss.eu\/sv\/om-oss\/dokument\/verksamhetsberattelse-for-2023\/\" \/>\n<meta property=\"og:locale\" content=\"sv_SE\" \/>\n<meta property=\"og:type\" content=\"article\" \/>\n<meta property=\"og:title\" content=\"Verksamhetsber\u00e4ttelse f\u00f6r 2024 - SBHSS\" \/>\n<meta property=\"og:description\" content=\"Kopplingen mellan den europeiska arenan och p\u00e5 hemmaplan \u00e4r stark. Anledningen \u00e4r att de fr\u00e5gor som EU arbetar med i stor utstr\u00e4ckning \u00e4r desamma som v\u00e5ra medlemmar arbetar med dagligdags. Som en konsekvens kan en stor del av Sm\u00e5land Blekinge Halland South Swedens (SBHSS) resultat s\u00f6kas i \u00e4garnas ordinarie verksamhet. H\u00e4rut\u00f6ver landar m\u00e5nga aktuella fr\u00e5gor [&hellip;]\" \/>\n<meta property=\"og:url\" content=\"https:\/\/www.sbhss.eu\/sv\/om-oss\/dokument\/verksamhetsberattelse-for-2023\/\" \/>\n<meta property=\"og:site_name\" content=\"SBHSS\" \/>\n<meta property=\"article:modified_time\" content=\"2025-02-12T08:30:40+00:00\" \/>\n<meta name=\"twitter:card\" content=\"summary_large_image\" \/>\n<meta name=\"twitter:label1\" content=\"Ber\u00e4knad l\u00e4stid\" \/>\n\t<meta name=\"twitter:data1\" content=\"1 minut\" \/>\n<script type=\"application\/ld+json\" class=\"yoast-schema-graph\">{\"@context\":\"https:\/\/schema.org\",\"@graph\":[{\"@type\":\"WebPage\",\"@id\":\"https:\/\/www.sbhss.eu\/sv\/om-oss\/dokument\/verksamhetsberattelse-for-2023\/\",\"url\":\"https:\/\/www.sbhss.eu\/sv\/om-oss\/dokument\/verksamhetsberattelse-for-2023\/\",\"name\":\"Verksamhetsber\u00e4ttelse f\u00f6r 2024 - SBHSS\",\"isPartOf\":{\"@id\":\"https:\/\/www.sbhss.eu\/#website\"},\"datePublished\":\"2021-08-24T08:25:34+00:00\",\"dateModified\":\"2025-02-12T08:30:40+00:00\",\"breadcrumb\":{\"@id\":\"https:\/\/www.sbhss.eu\/sv\/om-oss\/dokument\/verksamhetsberattelse-for-2023\/#breadcrumb\"},\"inLanguage\":\"sv-SE\",\"potentialAction\":[{\"@type\":\"ReadAction\",\"target\":[\"https:\/\/www.sbhss.eu\/sv\/om-oss\/dokument\/verksamhetsberattelse-for-2023\/\"]}]},{\"@type\":\"BreadcrumbList\",\"@id\":\"https:\/\/www.sbhss.eu\/sv\/om-oss\/dokument\/verksamhetsberattelse-for-2023\/#breadcrumb\",\"itemListElement\":[{\"@type\":\"ListItem\",\"position\":1,\"name\":\"Hem\",\"item\":\"https:\/\/www.sbhss.eu\/sv\/\"},{\"@type\":\"ListItem\",\"position\":2,\"name\":\"Om oss\",\"item\":\"https:\/\/www.sbhss.eu\/sv\/om-oss\/\"},{\"@type\":\"ListItem\",\"position\":3,\"name\":\"Dokument\",\"item\":\"https:\/\/www.sbhss.eu\/sv\/om-oss\/dokument\/\"},{\"@type\":\"ListItem\",\"position\":4,\"name\":\"Verksamhetsber\u00e4ttelse f\u00f6r 2024\"}]},{\"@type\":\"WebSite\",\"@id\":\"https:\/\/www.sbhss.eu\/#website\",\"url\":\"https:\/\/www.sbhss.eu\/\",\"name\":\"SBHSS\",\"description\":\"\",\"potentialAction\":[{\"@type\":\"SearchAction\",\"target\":{\"@type\":\"EntryPoint\",\"urlTemplate\":\"https:\/\/www.sbhss.eu\/?s={search_term_string}\"},\"query-input\":{\"@type\":\"PropertyValueSpecification\",\"valueRequired\":true,\"valueName\":\"search_term_string\"}}],\"inLanguage\":\"sv-SE\"}]}<\/script>\n<!-- \/ Yoast SEO plugin. -->","yoast_head_json":{"title":"Verksamhetsber\u00e4ttelse f\u00f6r 2024 - SBHSS","robots":{"index":"index","follow":"follow","max-snippet":"max-snippet:-1","max-image-preview":"max-image-preview:large","max-video-preview":"max-video-preview:-1"},"canonical":"https:\/\/www.sbhss.eu\/sv\/om-oss\/dokument\/verksamhetsberattelse-for-2023\/","og_locale":"sv_SE","og_type":"article","og_title":"Verksamhetsber\u00e4ttelse f\u00f6r 2024 - SBHSS","og_description":"Kopplingen mellan den europeiska arenan och p\u00e5 hemmaplan \u00e4r stark. Anledningen \u00e4r att de fr\u00e5gor som EU arbetar med i stor utstr\u00e4ckning \u00e4r desamma som v\u00e5ra medlemmar arbetar med dagligdags. Som en konsekvens kan en stor del av Sm\u00e5land Blekinge Halland South Swedens (SBHSS) resultat s\u00f6kas i \u00e4garnas ordinarie verksamhet. H\u00e4rut\u00f6ver landar m\u00e5nga aktuella fr\u00e5gor [&hellip;]","og_url":"https:\/\/www.sbhss.eu\/sv\/om-oss\/dokument\/verksamhetsberattelse-for-2023\/","og_site_name":"SBHSS","article_modified_time":"2025-02-12T08:30:40+00:00","twitter_card":"summary_large_image","twitter_misc":{"Ber\u00e4knad l\u00e4stid":"1 minut"},"schema":{"@context":"https:\/\/schema.org","@graph":[{"@type":"WebPage","@id":"https:\/\/www.sbhss.eu\/sv\/om-oss\/dokument\/verksamhetsberattelse-for-2023\/","url":"https:\/\/www.sbhss.eu\/sv\/om-oss\/dokument\/verksamhetsberattelse-for-2023\/","name":"Verksamhetsber\u00e4ttelse f\u00f6r 2024 - SBHSS","isPartOf":{"@id":"https:\/\/www.sbhss.eu\/#website"},"datePublished":"2021-08-24T08:25:34+00:00","dateModified":"2025-02-12T08:30:40+00:00","breadcrumb":{"@id":"https:\/\/www.sbhss.eu\/sv\/om-oss\/dokument\/verksamhetsberattelse-for-2023\/#breadcrumb"},"inLanguage":"sv-SE","potentialAction":[{"@type":"ReadAction","target":["https:\/\/www.sbhss.eu\/sv\/om-oss\/dokument\/verksamhetsberattelse-for-2023\/"]}]},{"@type":"BreadcrumbList","@id":"https:\/\/www.sbhss.eu\/sv\/om-oss\/dokument\/verksamhetsberattelse-for-2023\/#breadcrumb","itemListElement":[{"@type":"ListItem","position":1,"name":"Hem","item":"https:\/\/www.sbhss.eu\/sv\/"},{"@type":"ListItem","position":2,"name":"Om oss","item":"https:\/\/www.sbhss.eu\/sv\/om-oss\/"},{"@type":"ListItem","position":3,"name":"Dokument","item":"https:\/\/www.sbhss.eu\/sv\/om-oss\/dokument\/"},{"@type":"ListItem","position":4,"name":"Verksamhetsber\u00e4ttelse f\u00f6r 2024"}]},{"@type":"WebSite","@id":"https:\/\/www.sbhss.eu\/#website","url":"https:\/\/www.sbhss.eu\/","name":"SBHSS","description":"","potentialAction":[{"@type":"SearchAction","target":{"@type":"EntryPoint","urlTemplate":"https:\/\/www.sbhss.eu\/?s={search_term_string}"},"query-input":{"@type":"PropertyValueSpecification","valueRequired":true,"valueName":"search_term_string"}}],"inLanguage":"sv-SE"}]}},"_links":{"self":[{"href":"https:\/\/www.sbhss.eu\/sv\/wp-json\/wp\/v2\/pages\/1526","targetHints":{"allow":["GET"]}}],"collection":[{"href":"https:\/\/www.sbhss.eu\/sv\/wp-json\/wp\/v2\/pages"}],"about":[{"href":"https:\/\/www.sbhss.eu\/sv\/wp-json\/wp\/v2\/types\/page"}],"author":[{"embeddable":true,"href":"https:\/\/www.sbhss.eu\/sv\/wp-json\/wp\/v2\/users\/1"}],"replies":[{"embeddable":true,"href":"https:\/\/www.sbhss.eu\/sv\/wp-json\/wp\/v2\/comments?post=1526"}],"version-history":[{"count":13,"href":"https:\/\/www.sbhss.eu\/sv\/wp-json\/wp\/v2\/pages\/1526\/revisions"}],"predecessor-version":[{"id":7747,"href":"https:\/\/www.sbhss.eu\/sv\/wp-json\/wp\/v2\/pages\/1526\/revisions\/7747"}],"up":[{"embeddable":true,"href":"https:\/\/www.sbhss.eu\/sv\/wp-json\/wp\/v2\/pages\/236"}],"wp:attachment":[{"href":"https:\/\/www.sbhss.eu\/sv\/wp-json\/wp\/v2\/media?parent=1526"}],"curies":[{"name":"wp","href":"https:\/\/api.w.org\/{rel}","templated":true}]}}