{"id":1528,"date":"2021-08-24T08:28:35","date_gmt":"2021-08-24T08:28:35","guid":{"rendered":"http:\/\/staging.webbskisser.se\/sbhss\/?page_id=1528"},"modified":"2025-08-26T14:04:17","modified_gmt":"2025-08-26T14:04:17","slug":"omvarldsbevakning","status":"publish","type":"page","link":"https:\/\/www.sbhss.eu\/sv\/om-oss\/dokument\/omvarldsbevakning\/","title":{"rendered":"Omv\u00e4rldsbevakning"},"content":{"rendered":"<p style=\"text-align: justify;\">Sm\u00e5land Blekinge Halland South Swedens (SBHSS) omv\u00e4rldsbevakning \u00e4r en \u00e5terkommande analys framtagen av samarbetets Brysselkontor. Kunskapsunderlaget bidrar till \u00e4garnas strategiska och \u00e5rliga arbete med att kartl\u00e4gga och prioritera sina gemensamma behov gentemot Brysselkontoret, samt ange p\u00e5 vilket s\u00e4tt man \u00f6nskar engagera sig internationellt f\u00f6r att n\u00e5 m\u00e5len p\u00e5 hemmaplan. Omv\u00e4rldsbevakningen bygger p\u00e5 ett urval av tematiska omr\u00e5det och fr\u00e5gor som SBHSS Brysselkontor bed\u00f6mer vara relevanta att bevaka fram\u00e5t, b\u00e5de i en europeisk och svensk kontext. Fr\u00e5gor som lyfts kan till exempel leda till aktiviteter kring lagstiftning, EU-finansiering eller samarbeten. Omv\u00e4rldsbevakningen utesluter inte att \u00e4garna ger Brysselkontoret i uppdrag att bevaka omr\u00e5den som inte tas upp h\u00e4r.<\/p>\n<p>&nbsp;<\/p>\n<p><img loading=\"lazy\" decoding=\"async\" class=\" wp-image-8106 aligncenter\" src=\"https:\/\/www.sbhss.eu\/wp-content\/uploads\/2025\/05\/ob-bild-till-hemsidan-2025.jpg\" alt=\"\" width=\"310\" height=\"387\" \/><\/p>\n","protected":false},"excerpt":{"rendered":"<p>Sm\u00e5land Blekinge Halland South Swedens (SBHSS) omv\u00e4rldsbevakning \u00e4r en \u00e5terkommande analys framtagen av samarbetets Brysselkontor. Kunskapsunderlaget bidrar till \u00e4garnas strategiska och \u00e5rliga arbete med att kartl\u00e4gga och prioritera sina gemensamma behov gentemot Brysselkontoret, samt ange p\u00e5 vilket s\u00e4tt man \u00f6nskar engagera sig internationellt f\u00f6r att n\u00e5 m\u00e5len p\u00e5 hemmaplan. Omv\u00e4rldsbevakningen bygger p\u00e5 ett urval av [&hellip;]<\/p>\n","protected":false},"author":1,"featured_media":0,"parent":236,"menu_order":19,"comment_status":"closed","ping_status":"closed","template":"page_documents.php","meta":{"_acf_changed":false,"footnotes":"","advanced-sidebar-menu\/link-title":"","advanced-sidebar-menu\/exclude-page":false},"class_list":["post-1528","page","type-page","status-publish","hentry"],"acf":[],"yoast_head":"<!-- This site is optimized with the Yoast SEO plugin v27.2 - https:\/\/yoast.com\/product\/yoast-seo-wordpress\/ -->\n<title>Omv\u00e4rldsbevakning - SBHSS<\/title>\n<meta name=\"robots\" content=\"index, follow, max-snippet:-1, max-image-preview:large, max-video-preview:-1\" \/>\n<link rel=\"canonical\" href=\"https:\/\/www.sbhss.eu\/sv\/om-oss\/dokument\/omvarldsbevakning\/\" \/>\n<meta property=\"og:locale\" content=\"sv_SE\" \/>\n<meta property=\"og:type\" content=\"article\" \/>\n<meta property=\"og:title\" content=\"Omv\u00e4rldsbevakning - SBHSS\" \/>\n<meta property=\"og:description\" content=\"Sm\u00e5land Blekinge Halland South Swedens (SBHSS) omv\u00e4rldsbevakning \u00e4r en \u00e5terkommande analys framtagen av samarbetets Brysselkontor. Kunskapsunderlaget bidrar till \u00e4garnas strategiska och \u00e5rliga arbete med att kartl\u00e4gga och prioritera sina gemensamma behov gentemot Brysselkontoret, samt ange p\u00e5 vilket s\u00e4tt man \u00f6nskar engagera sig internationellt f\u00f6r att n\u00e5 m\u00e5len p\u00e5 hemmaplan. Omv\u00e4rldsbevakningen bygger p\u00e5 ett urval av [&hellip;]\" \/>\n<meta property=\"og:url\" content=\"https:\/\/www.sbhss.eu\/sv\/om-oss\/dokument\/omvarldsbevakning\/\" \/>\n<meta property=\"og:site_name\" content=\"SBHSS\" \/>\n<meta property=\"article:modified_time\" content=\"2025-08-26T14:04:17+00:00\" \/>\n<meta property=\"og:image\" content=\"https:\/\/www.sbhss.eu\/wp-content\/uploads\/2025\/05\/ob-bild-till-hemsidan-2025.jpg\" \/>\n\t<meta property=\"og:image:width\" content=\"666\" \/>\n\t<meta property=\"og:image:height\" content=\"831\" \/>\n\t<meta property=\"og:image:type\" content=\"image\/jpeg\" \/>\n<meta name=\"twitter:card\" content=\"summary_large_image\" \/>\n<meta name=\"twitter:label1\" content=\"Ber\u00e4knad l\u00e4stid\" \/>\n\t<meta name=\"twitter:data1\" content=\"1 minut\" \/>\n<script type=\"application\/ld+json\" class=\"yoast-schema-graph\">{\"@context\":\"https:\/\/schema.org\",\"@graph\":[{\"@type\":\"WebPage\",\"@id\":\"https:\/\/www.sbhss.eu\/sv\/om-oss\/dokument\/omvarldsbevakning\/\",\"url\":\"https:\/\/www.sbhss.eu\/sv\/om-oss\/dokument\/omvarldsbevakning\/\",\"name\":\"Omv\u00e4rldsbevakning - SBHSS\",\"isPartOf\":{\"@id\":\"https:\/\/www.sbhss.eu\/#website\"},\"primaryImageOfPage\":{\"@id\":\"https:\/\/www.sbhss.eu\/sv\/om-oss\/dokument\/omvarldsbevakning\/#primaryimage\"},\"image\":{\"@id\":\"https:\/\/www.sbhss.eu\/sv\/om-oss\/dokument\/omvarldsbevakning\/#primaryimage\"},\"thumbnailUrl\":\"https:\/\/www.sbhss.eu\/wp-content\/uploads\/2025\/05\/ob-bild-till-hemsidan-2025.jpg\",\"datePublished\":\"2021-08-24T08:28:35+00:00\",\"dateModified\":\"2025-08-26T14:04:17+00:00\",\"breadcrumb\":{\"@id\":\"https:\/\/www.sbhss.eu\/sv\/om-oss\/dokument\/omvarldsbevakning\/#breadcrumb\"},\"inLanguage\":\"sv-SE\",\"potentialAction\":[{\"@type\":\"ReadAction\",\"target\":[\"https:\/\/www.sbhss.eu\/sv\/om-oss\/dokument\/omvarldsbevakning\/\"]}]},{\"@type\":\"ImageObject\",\"inLanguage\":\"sv-SE\",\"@id\":\"https:\/\/www.sbhss.eu\/sv\/om-oss\/dokument\/omvarldsbevakning\/#primaryimage\",\"url\":\"https:\/\/www.sbhss.eu\/wp-content\/uploads\/2025\/05\/ob-bild-till-hemsidan-2025.jpg\",\"contentUrl\":\"https:\/\/www.sbhss.eu\/wp-content\/uploads\/2025\/05\/ob-bild-till-hemsidan-2025.jpg\"},{\"@type\":\"BreadcrumbList\",\"@id\":\"https:\/\/www.sbhss.eu\/sv\/om-oss\/dokument\/omvarldsbevakning\/#breadcrumb\",\"itemListElement\":[{\"@type\":\"ListItem\",\"position\":1,\"name\":\"Hem\",\"item\":\"https:\/\/www.sbhss.eu\/sv\/\"},{\"@type\":\"ListItem\",\"position\":2,\"name\":\"Om oss\",\"item\":\"https:\/\/www.sbhss.eu\/sv\/om-oss\/\"},{\"@type\":\"ListItem\",\"position\":3,\"name\":\"Dokument\",\"item\":\"https:\/\/www.sbhss.eu\/sv\/om-oss\/dokument\/\"},{\"@type\":\"ListItem\",\"position\":4,\"name\":\"Omv\u00e4rldsbevakning\"}]},{\"@type\":\"WebSite\",\"@id\":\"https:\/\/www.sbhss.eu\/#website\",\"url\":\"https:\/\/www.sbhss.eu\/\",\"name\":\"SBHSS\",\"description\":\"\",\"potentialAction\":[{\"@type\":\"SearchAction\",\"target\":{\"@type\":\"EntryPoint\",\"urlTemplate\":\"https:\/\/www.sbhss.eu\/?s={search_term_string}\"},\"query-input\":{\"@type\":\"PropertyValueSpecification\",\"valueRequired\":true,\"valueName\":\"search_term_string\"}}],\"inLanguage\":\"sv-SE\"}]}<\/script>\n<!-- \/ Yoast SEO plugin. -->","yoast_head_json":{"title":"Omv\u00e4rldsbevakning - SBHSS","robots":{"index":"index","follow":"follow","max-snippet":"max-snippet:-1","max-image-preview":"max-image-preview:large","max-video-preview":"max-video-preview:-1"},"canonical":"https:\/\/www.sbhss.eu\/sv\/om-oss\/dokument\/omvarldsbevakning\/","og_locale":"sv_SE","og_type":"article","og_title":"Omv\u00e4rldsbevakning - SBHSS","og_description":"Sm\u00e5land Blekinge Halland South Swedens (SBHSS) omv\u00e4rldsbevakning \u00e4r en \u00e5terkommande analys framtagen av samarbetets Brysselkontor. Kunskapsunderlaget bidrar till \u00e4garnas strategiska och \u00e5rliga arbete med att kartl\u00e4gga och prioritera sina gemensamma behov gentemot Brysselkontoret, samt ange p\u00e5 vilket s\u00e4tt man \u00f6nskar engagera sig internationellt f\u00f6r att n\u00e5 m\u00e5len p\u00e5 hemmaplan. Omv\u00e4rldsbevakningen bygger p\u00e5 ett urval av [&hellip;]","og_url":"https:\/\/www.sbhss.eu\/sv\/om-oss\/dokument\/omvarldsbevakning\/","og_site_name":"SBHSS","article_modified_time":"2025-08-26T14:04:17+00:00","og_image":[{"width":666,"height":831,"url":"https:\/\/www.sbhss.eu\/wp-content\/uploads\/2025\/05\/ob-bild-till-hemsidan-2025.jpg","type":"image\/jpeg"}],"twitter_card":"summary_large_image","twitter_misc":{"Ber\u00e4knad l\u00e4stid":"1 minut"},"schema":{"@context":"https:\/\/schema.org","@graph":[{"@type":"WebPage","@id":"https:\/\/www.sbhss.eu\/sv\/om-oss\/dokument\/omvarldsbevakning\/","url":"https:\/\/www.sbhss.eu\/sv\/om-oss\/dokument\/omvarldsbevakning\/","name":"Omv\u00e4rldsbevakning - SBHSS","isPartOf":{"@id":"https:\/\/www.sbhss.eu\/#website"},"primaryImageOfPage":{"@id":"https:\/\/www.sbhss.eu\/sv\/om-oss\/dokument\/omvarldsbevakning\/#primaryimage"},"image":{"@id":"https:\/\/www.sbhss.eu\/sv\/om-oss\/dokument\/omvarldsbevakning\/#primaryimage"},"thumbnailUrl":"https:\/\/www.sbhss.eu\/wp-content\/uploads\/2025\/05\/ob-bild-till-hemsidan-2025.jpg","datePublished":"2021-08-24T08:28:35+00:00","dateModified":"2025-08-26T14:04:17+00:00","breadcrumb":{"@id":"https:\/\/www.sbhss.eu\/sv\/om-oss\/dokument\/omvarldsbevakning\/#breadcrumb"},"inLanguage":"sv-SE","potentialAction":[{"@type":"ReadAction","target":["https:\/\/www.sbhss.eu\/sv\/om-oss\/dokument\/omvarldsbevakning\/"]}]},{"@type":"ImageObject","inLanguage":"sv-SE","@id":"https:\/\/www.sbhss.eu\/sv\/om-oss\/dokument\/omvarldsbevakning\/#primaryimage","url":"https:\/\/www.sbhss.eu\/wp-content\/uploads\/2025\/05\/ob-bild-till-hemsidan-2025.jpg","contentUrl":"https:\/\/www.sbhss.eu\/wp-content\/uploads\/2025\/05\/ob-bild-till-hemsidan-2025.jpg"},{"@type":"BreadcrumbList","@id":"https:\/\/www.sbhss.eu\/sv\/om-oss\/dokument\/omvarldsbevakning\/#breadcrumb","itemListElement":[{"@type":"ListItem","position":1,"name":"Hem","item":"https:\/\/www.sbhss.eu\/sv\/"},{"@type":"ListItem","position":2,"name":"Om oss","item":"https:\/\/www.sbhss.eu\/sv\/om-oss\/"},{"@type":"ListItem","position":3,"name":"Dokument","item":"https:\/\/www.sbhss.eu\/sv\/om-oss\/dokument\/"},{"@type":"ListItem","position":4,"name":"Omv\u00e4rldsbevakning"}]},{"@type":"WebSite","@id":"https:\/\/www.sbhss.eu\/#website","url":"https:\/\/www.sbhss.eu\/","name":"SBHSS","description":"","potentialAction":[{"@type":"SearchAction","target":{"@type":"EntryPoint","urlTemplate":"https:\/\/www.sbhss.eu\/?s={search_term_string}"},"query-input":{"@type":"PropertyValueSpecification","valueRequired":true,"valueName":"search_term_string"}}],"inLanguage":"sv-SE"}]}},"_links":{"self":[{"href":"https:\/\/www.sbhss.eu\/sv\/wp-json\/wp\/v2\/pages\/1528","targetHints":{"allow":["GET"]}}],"collection":[{"href":"https:\/\/www.sbhss.eu\/sv\/wp-json\/wp\/v2\/pages"}],"about":[{"href":"https:\/\/www.sbhss.eu\/sv\/wp-json\/wp\/v2\/types\/page"}],"author":[{"embeddable":true,"href":"https:\/\/www.sbhss.eu\/sv\/wp-json\/wp\/v2\/users\/1"}],"replies":[{"embeddable":true,"href":"https:\/\/www.sbhss.eu\/sv\/wp-json\/wp\/v2\/comments?post=1528"}],"version-history":[{"count":20,"href":"https:\/\/www.sbhss.eu\/sv\/wp-json\/wp\/v2\/pages\/1528\/revisions"}],"predecessor-version":[{"id":8503,"href":"https:\/\/www.sbhss.eu\/sv\/wp-json\/wp\/v2\/pages\/1528\/revisions\/8503"}],"up":[{"embeddable":true,"href":"https:\/\/www.sbhss.eu\/sv\/wp-json\/wp\/v2\/pages\/236"}],"wp:attachment":[{"href":"https:\/\/www.sbhss.eu\/sv\/wp-json\/wp\/v2\/media?parent=1528"}],"curies":[{"name":"wp","href":"https:\/\/api.w.org\/{rel}","templated":true}]}}