{"id":1686,"date":"2021-09-02T08:35:10","date_gmt":"2021-09-02T08:35:10","guid":{"rendered":"http:\/\/staging.webbskisser.se\/sbhss\/?page_id=1686"},"modified":"2025-10-06T07:42:39","modified_gmt":"2025-10-06T07:42:39","slug":"sbhss-positioner-samradssvar-och-debattartiklar","status":"publish","type":"page","link":"https:\/\/www.sbhss.eu\/sv\/om-oss\/dokument\/sbhss-positioner-samradssvar-och-debattartiklar\/","title":{"rendered":"SBHSS-positioner, samr\u00e5dssvar och debattartiklar"},"content":{"rendered":"<p style=\"text-align: justify;\"><em>Fortsatt tillv\u00e4xt f\u00f6r fem regioner i s\u00f6dra <\/em>Sverige \u00e4r ett id\u00e9papper med syfte att regionerna att beskriva f\u00f6ruts\u00e4ttningarna och resurserna f\u00f6r medlemmarnas regioner, som varken \u00e4r en storstadsregion eller landsbygd. Tanken \u00e4r att id\u00e9papperet kan anv\u00e4ndas i sin helhet eller devis i olika forum f\u00f6r att tydligg\u00f6ra regionens utformning.<\/p>\n","protected":false},"excerpt":{"rendered":"<p>Fortsatt tillv\u00e4xt f\u00f6r fem regioner i s\u00f6dra Sverige \u00e4r ett id\u00e9papper med syfte att regionerna att beskriva f\u00f6ruts\u00e4ttningarna och resurserna f\u00f6r medlemmarnas regioner, som varken \u00e4r en storstadsregion eller landsbygd. Tanken \u00e4r att id\u00e9papperet kan anv\u00e4ndas i sin helhet eller devis i olika forum f\u00f6r att tydligg\u00f6ra regionens utformning.<\/p>\n","protected":false},"author":1,"featured_media":0,"parent":236,"menu_order":17,"comment_status":"closed","ping_status":"closed","template":"page_documents.php","meta":{"_acf_changed":false,"footnotes":"","advanced-sidebar-menu\/link-title":"","advanced-sidebar-menu\/exclude-page":false},"class_list":["post-1686","page","type-page","status-publish","hentry"],"acf":[],"yoast_head":"<!-- This site is optimized with the Yoast SEO plugin v27.2 - https:\/\/yoast.com\/product\/yoast-seo-wordpress\/ -->\n<title>SBHSS-positioner, samr\u00e5dssvar och debattartiklar - SBHSS<\/title>\n<meta name=\"robots\" content=\"index, follow, max-snippet:-1, max-image-preview:large, max-video-preview:-1\" \/>\n<link rel=\"canonical\" href=\"https:\/\/www.sbhss.eu\/sv\/om-oss\/dokument\/sbhss-positioner-samradssvar-och-debattartiklar\/\" \/>\n<meta property=\"og:locale\" content=\"sv_SE\" \/>\n<meta property=\"og:type\" content=\"article\" \/>\n<meta property=\"og:title\" content=\"SBHSS-positioner, samr\u00e5dssvar och debattartiklar - SBHSS\" \/>\n<meta property=\"og:description\" content=\"Fortsatt tillv\u00e4xt f\u00f6r fem regioner i s\u00f6dra Sverige \u00e4r ett id\u00e9papper med syfte att regionerna att beskriva f\u00f6ruts\u00e4ttningarna och resurserna f\u00f6r medlemmarnas regioner, som varken \u00e4r en storstadsregion eller landsbygd. Tanken \u00e4r att id\u00e9papperet kan anv\u00e4ndas i sin helhet eller devis i olika forum f\u00f6r att tydligg\u00f6ra regionens utformning.\" \/>\n<meta property=\"og:url\" content=\"https:\/\/www.sbhss.eu\/sv\/om-oss\/dokument\/sbhss-positioner-samradssvar-och-debattartiklar\/\" \/>\n<meta property=\"og:site_name\" content=\"SBHSS\" \/>\n<meta property=\"article:modified_time\" content=\"2025-10-06T07:42:39+00:00\" \/>\n<meta name=\"twitter:card\" content=\"summary_large_image\" \/>\n<meta name=\"twitter:label1\" content=\"Ber\u00e4knad l\u00e4stid\" \/>\n\t<meta name=\"twitter:data1\" content=\"1 minut\" \/>\n<script type=\"application\/ld+json\" class=\"yoast-schema-graph\">{\"@context\":\"https:\/\/schema.org\",\"@graph\":[{\"@type\":\"WebPage\",\"@id\":\"https:\/\/www.sbhss.eu\/sv\/om-oss\/dokument\/sbhss-positioner-samradssvar-och-debattartiklar\/\",\"url\":\"https:\/\/www.sbhss.eu\/sv\/om-oss\/dokument\/sbhss-positioner-samradssvar-och-debattartiklar\/\",\"name\":\"SBHSS-positioner, samr\u00e5dssvar och debattartiklar - SBHSS\",\"isPartOf\":{\"@id\":\"https:\/\/www.sbhss.eu\/#website\"},\"datePublished\":\"2021-09-02T08:35:10+00:00\",\"dateModified\":\"2025-10-06T07:42:39+00:00\",\"breadcrumb\":{\"@id\":\"https:\/\/www.sbhss.eu\/sv\/om-oss\/dokument\/sbhss-positioner-samradssvar-och-debattartiklar\/#breadcrumb\"},\"inLanguage\":\"sv-SE\",\"potentialAction\":[{\"@type\":\"ReadAction\",\"target\":[\"https:\/\/www.sbhss.eu\/sv\/om-oss\/dokument\/sbhss-positioner-samradssvar-och-debattartiklar\/\"]}]},{\"@type\":\"BreadcrumbList\",\"@id\":\"https:\/\/www.sbhss.eu\/sv\/om-oss\/dokument\/sbhss-positioner-samradssvar-och-debattartiklar\/#breadcrumb\",\"itemListElement\":[{\"@type\":\"ListItem\",\"position\":1,\"name\":\"Hem\",\"item\":\"https:\/\/www.sbhss.eu\/sv\/\"},{\"@type\":\"ListItem\",\"position\":2,\"name\":\"Om oss\",\"item\":\"https:\/\/www.sbhss.eu\/sv\/om-oss\/\"},{\"@type\":\"ListItem\",\"position\":3,\"name\":\"Dokument\",\"item\":\"https:\/\/www.sbhss.eu\/sv\/om-oss\/dokument\/\"},{\"@type\":\"ListItem\",\"position\":4,\"name\":\"SBHSS-positioner, samr\u00e5dssvar och debattartiklar\"}]},{\"@type\":\"WebSite\",\"@id\":\"https:\/\/www.sbhss.eu\/#website\",\"url\":\"https:\/\/www.sbhss.eu\/\",\"name\":\"SBHSS\",\"description\":\"\",\"potentialAction\":[{\"@type\":\"SearchAction\",\"target\":{\"@type\":\"EntryPoint\",\"urlTemplate\":\"https:\/\/www.sbhss.eu\/?s={search_term_string}\"},\"query-input\":{\"@type\":\"PropertyValueSpecification\",\"valueRequired\":true,\"valueName\":\"search_term_string\"}}],\"inLanguage\":\"sv-SE\"}]}<\/script>\n<!-- \/ Yoast SEO plugin. -->","yoast_head_json":{"title":"SBHSS-positioner, samr\u00e5dssvar och debattartiklar - SBHSS","robots":{"index":"index","follow":"follow","max-snippet":"max-snippet:-1","max-image-preview":"max-image-preview:large","max-video-preview":"max-video-preview:-1"},"canonical":"https:\/\/www.sbhss.eu\/sv\/om-oss\/dokument\/sbhss-positioner-samradssvar-och-debattartiklar\/","og_locale":"sv_SE","og_type":"article","og_title":"SBHSS-positioner, samr\u00e5dssvar och debattartiklar - SBHSS","og_description":"Fortsatt tillv\u00e4xt f\u00f6r fem regioner i s\u00f6dra Sverige \u00e4r ett id\u00e9papper med syfte att regionerna att beskriva f\u00f6ruts\u00e4ttningarna och resurserna f\u00f6r medlemmarnas regioner, som varken \u00e4r en storstadsregion eller landsbygd. Tanken \u00e4r att id\u00e9papperet kan anv\u00e4ndas i sin helhet eller devis i olika forum f\u00f6r att tydligg\u00f6ra regionens utformning.","og_url":"https:\/\/www.sbhss.eu\/sv\/om-oss\/dokument\/sbhss-positioner-samradssvar-och-debattartiklar\/","og_site_name":"SBHSS","article_modified_time":"2025-10-06T07:42:39+00:00","twitter_card":"summary_large_image","twitter_misc":{"Ber\u00e4knad l\u00e4stid":"1 minut"},"schema":{"@context":"https:\/\/schema.org","@graph":[{"@type":"WebPage","@id":"https:\/\/www.sbhss.eu\/sv\/om-oss\/dokument\/sbhss-positioner-samradssvar-och-debattartiklar\/","url":"https:\/\/www.sbhss.eu\/sv\/om-oss\/dokument\/sbhss-positioner-samradssvar-och-debattartiklar\/","name":"SBHSS-positioner, samr\u00e5dssvar och debattartiklar - SBHSS","isPartOf":{"@id":"https:\/\/www.sbhss.eu\/#website"},"datePublished":"2021-09-02T08:35:10+00:00","dateModified":"2025-10-06T07:42:39+00:00","breadcrumb":{"@id":"https:\/\/www.sbhss.eu\/sv\/om-oss\/dokument\/sbhss-positioner-samradssvar-och-debattartiklar\/#breadcrumb"},"inLanguage":"sv-SE","potentialAction":[{"@type":"ReadAction","target":["https:\/\/www.sbhss.eu\/sv\/om-oss\/dokument\/sbhss-positioner-samradssvar-och-debattartiklar\/"]}]},{"@type":"BreadcrumbList","@id":"https:\/\/www.sbhss.eu\/sv\/om-oss\/dokument\/sbhss-positioner-samradssvar-och-debattartiklar\/#breadcrumb","itemListElement":[{"@type":"ListItem","position":1,"name":"Hem","item":"https:\/\/www.sbhss.eu\/sv\/"},{"@type":"ListItem","position":2,"name":"Om oss","item":"https:\/\/www.sbhss.eu\/sv\/om-oss\/"},{"@type":"ListItem","position":3,"name":"Dokument","item":"https:\/\/www.sbhss.eu\/sv\/om-oss\/dokument\/"},{"@type":"ListItem","position":4,"name":"SBHSS-positioner, samr\u00e5dssvar och debattartiklar"}]},{"@type":"WebSite","@id":"https:\/\/www.sbhss.eu\/#website","url":"https:\/\/www.sbhss.eu\/","name":"SBHSS","description":"","potentialAction":[{"@type":"SearchAction","target":{"@type":"EntryPoint","urlTemplate":"https:\/\/www.sbhss.eu\/?s={search_term_string}"},"query-input":{"@type":"PropertyValueSpecification","valueRequired":true,"valueName":"search_term_string"}}],"inLanguage":"sv-SE"}]}},"_links":{"self":[{"href":"https:\/\/www.sbhss.eu\/sv\/wp-json\/wp\/v2\/pages\/1686","targetHints":{"allow":["GET"]}}],"collection":[{"href":"https:\/\/www.sbhss.eu\/sv\/wp-json\/wp\/v2\/pages"}],"about":[{"href":"https:\/\/www.sbhss.eu\/sv\/wp-json\/wp\/v2\/types\/page"}],"author":[{"embeddable":true,"href":"https:\/\/www.sbhss.eu\/sv\/wp-json\/wp\/v2\/users\/1"}],"replies":[{"embeddable":true,"href":"https:\/\/www.sbhss.eu\/sv\/wp-json\/wp\/v2\/comments?post=1686"}],"version-history":[{"count":35,"href":"https:\/\/www.sbhss.eu\/sv\/wp-json\/wp\/v2\/pages\/1686\/revisions"}],"predecessor-version":[{"id":8691,"href":"https:\/\/www.sbhss.eu\/sv\/wp-json\/wp\/v2\/pages\/1686\/revisions\/8691"}],"up":[{"embeddable":true,"href":"https:\/\/www.sbhss.eu\/sv\/wp-json\/wp\/v2\/pages\/236"}],"wp:attachment":[{"href":"https:\/\/www.sbhss.eu\/sv\/wp-json\/wp\/v2\/media?parent=1686"}],"curies":[{"name":"wp","href":"https:\/\/api.w.org\/{rel}","templated":true}]}}