{"id":1752,"date":"2021-09-03T12:38:34","date_gmt":"2021-09-03T12:38:34","guid":{"rendered":"http:\/\/dmn44.admin.debweb01.kalmarit.com\/?page_id=1752"},"modified":"2024-09-03T07:43:10","modified_gmt":"2024-09-03T07:43:10","slug":"styrning","status":"publish","type":"page","link":"https:\/\/www.sbhss.eu\/sv\/om-oss\/styrning\/","title":{"rendered":"Styrning"},"content":{"rendered":"<p style=\"text-align: justify;\"><img loading=\"lazy\" decoding=\"async\" class=\"alignnone size-full wp-image-1718\" src=\"https:\/\/www.sbhss.eu\/wp-content\/uploads\/2021\/09\/sbshssstyrning.jpg\" alt=\"\" width=\"1280\" height=\"720\" \/><\/p>\n<table width=\"100%\">\n<tbody>\n<tr>\n<td>\n<p style=\"text-align: justify;\"><em><u>Styrgrupp:<\/u><\/em><em>\u00a0Varje l\u00e4n \u00e4r representerade med tre ledam\u00f6ter i styrgruppen varav tv\u00e5 representerar regional utveckling och en h\u00e4lso- och sjukv\u00e5rdsfr\u00e5gor. L\u00e4ros\u00e4tena f\u00f6retr\u00e4ds av rektorerna.\u00a0 Styrgruppen fattar beslut om den strategiska inriktningen f\u00f6r samarbetet.<\/em><\/p>\n<p style=\"text-align: justify;\"><em><u>Chefsgrupp:<\/u><\/em><em>\u00a0Gruppen best\u00e5r av en ansvarig chef f\u00f6r regional utveckling fr\u00e5n respektive regionkommun, en representant, utsedd av rektor, fr\u00e5n respektive l\u00e4ros\u00e4te samt kontorschefen f\u00f6r Brysselkontoret. Chefsgruppen bereder styrgruppens \u00e4renden och m\u00f6ten samt ansvarar f\u00f6r l\u00f6pande avst\u00e4mningar med kontaktpersonsgruppen.<\/em><\/p>\n<p style=\"text-align: justify;\"><em><u>Kontaktpersongrupp:<\/u><\/em><em>\u00a0Kontaktpersoner utses av respektive part i chefsgruppen och ansvarar f\u00f6r l\u00f6pande kontakt med Brysselkontoret, f\u00f6rankring i respektive hemmaorganisation samt f\u00f6rmedling av information mellan Brysselkontoret och regionens intressenter.<\/em><\/p>\n<p style=\"text-align: justify;\"><em>Tillf\u00e4lliga arbetsgrupper utses vid behov.<\/em><\/p>\n<\/td>\n<\/tr>\n<\/tbody>\n<\/table>\n","protected":false},"excerpt":{"rendered":"<p>Styrgrupp:\u00a0Varje l\u00e4n \u00e4r representerade med tre ledam\u00f6ter i styrgruppen varav tv\u00e5 representerar regional utveckling och en h\u00e4lso- och sjukv\u00e5rdsfr\u00e5gor. L\u00e4ros\u00e4tena f\u00f6retr\u00e4ds av rektorerna.\u00a0 Styrgruppen fattar beslut om den strategiska inriktningen f\u00f6r samarbetet. Chefsgrupp:\u00a0Gruppen best\u00e5r av en ansvarig chef f\u00f6r regional utveckling fr\u00e5n respektive regionkommun, en representant, utsedd av rektor, fr\u00e5n respektive l\u00e4ros\u00e4te samt kontorschefen f\u00f6r [&hellip;]<\/p>\n","protected":false},"author":3,"featured_media":0,"parent":223,"menu_order":11,"comment_status":"closed","ping_status":"closed","template":"","meta":{"_acf_changed":false,"footnotes":"","advanced-sidebar-menu\/link-title":"","advanced-sidebar-menu\/exclude-page":false},"class_list":["post-1752","page","type-page","status-publish","hentry"],"acf":[],"yoast_head":"<!-- This site is optimized with the Yoast SEO plugin v27.2 - https:\/\/yoast.com\/product\/yoast-seo-wordpress\/ -->\n<title>Styrning - SBHSS<\/title>\n<meta name=\"robots\" content=\"index, follow, max-snippet:-1, max-image-preview:large, max-video-preview:-1\" \/>\n<link rel=\"canonical\" href=\"https:\/\/www.sbhss.eu\/sv\/om-oss\/styrning\/\" \/>\n<meta property=\"og:locale\" content=\"sv_SE\" \/>\n<meta property=\"og:type\" content=\"article\" \/>\n<meta property=\"og:title\" content=\"Styrning - SBHSS\" \/>\n<meta property=\"og:description\" content=\"Styrgrupp:\u00a0Varje l\u00e4n \u00e4r representerade med tre ledam\u00f6ter i styrgruppen varav tv\u00e5 representerar regional utveckling och en h\u00e4lso- och sjukv\u00e5rdsfr\u00e5gor. L\u00e4ros\u00e4tena f\u00f6retr\u00e4ds av rektorerna.\u00a0 Styrgruppen fattar beslut om den strategiska inriktningen f\u00f6r samarbetet. Chefsgrupp:\u00a0Gruppen best\u00e5r av en ansvarig chef f\u00f6r regional utveckling fr\u00e5n respektive regionkommun, en representant, utsedd av rektor, fr\u00e5n respektive l\u00e4ros\u00e4te samt kontorschefen f\u00f6r [&hellip;]\" \/>\n<meta property=\"og:url\" content=\"https:\/\/www.sbhss.eu\/sv\/om-oss\/styrning\/\" \/>\n<meta property=\"og:site_name\" content=\"SBHSS\" \/>\n<meta property=\"article:modified_time\" content=\"2024-09-03T07:43:10+00:00\" \/>\n<meta property=\"og:image\" content=\"https:\/\/www.sbhss.eu\/wp-content\/uploads\/2021\/09\/sbshssstyrning.jpg\" \/>\n<meta name=\"twitter:card\" content=\"summary_large_image\" \/>\n<meta name=\"twitter:label1\" content=\"Ber\u00e4knad l\u00e4stid\" \/>\n\t<meta name=\"twitter:data1\" content=\"1 minut\" \/>\n<script type=\"application\/ld+json\" class=\"yoast-schema-graph\">{\"@context\":\"https:\/\/schema.org\",\"@graph\":[{\"@type\":\"WebPage\",\"@id\":\"https:\/\/www.sbhss.eu\/sv\/om-oss\/styrning\/\",\"url\":\"https:\/\/www.sbhss.eu\/sv\/om-oss\/styrning\/\",\"name\":\"Styrning - SBHSS\",\"isPartOf\":{\"@id\":\"https:\/\/www.sbhss.eu\/#website\"},\"primaryImageOfPage\":{\"@id\":\"https:\/\/www.sbhss.eu\/sv\/om-oss\/styrning\/#primaryimage\"},\"image\":{\"@id\":\"https:\/\/www.sbhss.eu\/sv\/om-oss\/styrning\/#primaryimage\"},\"thumbnailUrl\":\"https:\/\/www.sbhss.eu\/wp-content\/uploads\/2021\/09\/sbshssstyrning.jpg\",\"datePublished\":\"2021-09-03T12:38:34+00:00\",\"dateModified\":\"2024-09-03T07:43:10+00:00\",\"breadcrumb\":{\"@id\":\"https:\/\/www.sbhss.eu\/sv\/om-oss\/styrning\/#breadcrumb\"},\"inLanguage\":\"sv-SE\",\"potentialAction\":[{\"@type\":\"ReadAction\",\"target\":[\"https:\/\/www.sbhss.eu\/sv\/om-oss\/styrning\/\"]}]},{\"@type\":\"ImageObject\",\"inLanguage\":\"sv-SE\",\"@id\":\"https:\/\/www.sbhss.eu\/sv\/om-oss\/styrning\/#primaryimage\",\"url\":\"https:\/\/www.sbhss.eu\/wp-content\/uploads\/2021\/09\/sbshssstyrning.jpg\",\"contentUrl\":\"https:\/\/www.sbhss.eu\/wp-content\/uploads\/2021\/09\/sbshssstyrning.jpg\"},{\"@type\":\"BreadcrumbList\",\"@id\":\"https:\/\/www.sbhss.eu\/sv\/om-oss\/styrning\/#breadcrumb\",\"itemListElement\":[{\"@type\":\"ListItem\",\"position\":1,\"name\":\"Hem\",\"item\":\"https:\/\/www.sbhss.eu\/sv\/\"},{\"@type\":\"ListItem\",\"position\":2,\"name\":\"Om oss\",\"item\":\"https:\/\/www.sbhss.eu\/sv\/om-oss\/\"},{\"@type\":\"ListItem\",\"position\":3,\"name\":\"Styrning\"}]},{\"@type\":\"WebSite\",\"@id\":\"https:\/\/www.sbhss.eu\/#website\",\"url\":\"https:\/\/www.sbhss.eu\/\",\"name\":\"SBHSS\",\"description\":\"\",\"potentialAction\":[{\"@type\":\"SearchAction\",\"target\":{\"@type\":\"EntryPoint\",\"urlTemplate\":\"https:\/\/www.sbhss.eu\/?s={search_term_string}\"},\"query-input\":{\"@type\":\"PropertyValueSpecification\",\"valueRequired\":true,\"valueName\":\"search_term_string\"}}],\"inLanguage\":\"sv-SE\"}]}<\/script>\n<!-- \/ Yoast SEO plugin. -->","yoast_head_json":{"title":"Styrning - SBHSS","robots":{"index":"index","follow":"follow","max-snippet":"max-snippet:-1","max-image-preview":"max-image-preview:large","max-video-preview":"max-video-preview:-1"},"canonical":"https:\/\/www.sbhss.eu\/sv\/om-oss\/styrning\/","og_locale":"sv_SE","og_type":"article","og_title":"Styrning - SBHSS","og_description":"Styrgrupp:\u00a0Varje l\u00e4n \u00e4r representerade med tre ledam\u00f6ter i styrgruppen varav tv\u00e5 representerar regional utveckling och en h\u00e4lso- och sjukv\u00e5rdsfr\u00e5gor. L\u00e4ros\u00e4tena f\u00f6retr\u00e4ds av rektorerna.\u00a0 Styrgruppen fattar beslut om den strategiska inriktningen f\u00f6r samarbetet. Chefsgrupp:\u00a0Gruppen best\u00e5r av en ansvarig chef f\u00f6r regional utveckling fr\u00e5n respektive regionkommun, en representant, utsedd av rektor, fr\u00e5n respektive l\u00e4ros\u00e4te samt kontorschefen f\u00f6r [&hellip;]","og_url":"https:\/\/www.sbhss.eu\/sv\/om-oss\/styrning\/","og_site_name":"SBHSS","article_modified_time":"2024-09-03T07:43:10+00:00","og_image":[{"url":"https:\/\/www.sbhss.eu\/wp-content\/uploads\/2021\/09\/sbshssstyrning.jpg","type":"","width":"","height":""}],"twitter_card":"summary_large_image","twitter_misc":{"Ber\u00e4knad l\u00e4stid":"1 minut"},"schema":{"@context":"https:\/\/schema.org","@graph":[{"@type":"WebPage","@id":"https:\/\/www.sbhss.eu\/sv\/om-oss\/styrning\/","url":"https:\/\/www.sbhss.eu\/sv\/om-oss\/styrning\/","name":"Styrning - SBHSS","isPartOf":{"@id":"https:\/\/www.sbhss.eu\/#website"},"primaryImageOfPage":{"@id":"https:\/\/www.sbhss.eu\/sv\/om-oss\/styrning\/#primaryimage"},"image":{"@id":"https:\/\/www.sbhss.eu\/sv\/om-oss\/styrning\/#primaryimage"},"thumbnailUrl":"https:\/\/www.sbhss.eu\/wp-content\/uploads\/2021\/09\/sbshssstyrning.jpg","datePublished":"2021-09-03T12:38:34+00:00","dateModified":"2024-09-03T07:43:10+00:00","breadcrumb":{"@id":"https:\/\/www.sbhss.eu\/sv\/om-oss\/styrning\/#breadcrumb"},"inLanguage":"sv-SE","potentialAction":[{"@type":"ReadAction","target":["https:\/\/www.sbhss.eu\/sv\/om-oss\/styrning\/"]}]},{"@type":"ImageObject","inLanguage":"sv-SE","@id":"https:\/\/www.sbhss.eu\/sv\/om-oss\/styrning\/#primaryimage","url":"https:\/\/www.sbhss.eu\/wp-content\/uploads\/2021\/09\/sbshssstyrning.jpg","contentUrl":"https:\/\/www.sbhss.eu\/wp-content\/uploads\/2021\/09\/sbshssstyrning.jpg"},{"@type":"BreadcrumbList","@id":"https:\/\/www.sbhss.eu\/sv\/om-oss\/styrning\/#breadcrumb","itemListElement":[{"@type":"ListItem","position":1,"name":"Hem","item":"https:\/\/www.sbhss.eu\/sv\/"},{"@type":"ListItem","position":2,"name":"Om oss","item":"https:\/\/www.sbhss.eu\/sv\/om-oss\/"},{"@type":"ListItem","position":3,"name":"Styrning"}]},{"@type":"WebSite","@id":"https:\/\/www.sbhss.eu\/#website","url":"https:\/\/www.sbhss.eu\/","name":"SBHSS","description":"","potentialAction":[{"@type":"SearchAction","target":{"@type":"EntryPoint","urlTemplate":"https:\/\/www.sbhss.eu\/?s={search_term_string}"},"query-input":{"@type":"PropertyValueSpecification","valueRequired":true,"valueName":"search_term_string"}}],"inLanguage":"sv-SE"}]}},"_links":{"self":[{"href":"https:\/\/www.sbhss.eu\/sv\/wp-json\/wp\/v2\/pages\/1752","targetHints":{"allow":["GET"]}}],"collection":[{"href":"https:\/\/www.sbhss.eu\/sv\/wp-json\/wp\/v2\/pages"}],"about":[{"href":"https:\/\/www.sbhss.eu\/sv\/wp-json\/wp\/v2\/types\/page"}],"author":[{"embeddable":true,"href":"https:\/\/www.sbhss.eu\/sv\/wp-json\/wp\/v2\/users\/3"}],"replies":[{"embeddable":true,"href":"https:\/\/www.sbhss.eu\/sv\/wp-json\/wp\/v2\/comments?post=1752"}],"version-history":[{"count":5,"href":"https:\/\/www.sbhss.eu\/sv\/wp-json\/wp\/v2\/pages\/1752\/revisions"}],"predecessor-version":[{"id":6845,"href":"https:\/\/www.sbhss.eu\/sv\/wp-json\/wp\/v2\/pages\/1752\/revisions\/6845"}],"up":[{"embeddable":true,"href":"https:\/\/www.sbhss.eu\/sv\/wp-json\/wp\/v2\/pages\/223"}],"wp:attachment":[{"href":"https:\/\/www.sbhss.eu\/sv\/wp-json\/wp\/v2\/media?parent=1752"}],"curies":[{"name":"wp","href":"https:\/\/api.w.org\/{rel}","templated":true}]}}