{"id":1858,"date":"2021-09-14T10:13:54","date_gmt":"2021-09-14T10:13:54","guid":{"rendered":"https:\/\/www.sbhss.eu\/?page_id=1858"},"modified":"2024-09-03T07:31:05","modified_gmt":"2024-09-03T07:31:05","slug":"eu-design-days","status":"publish","type":"page","link":"https:\/\/www.sbhss.eu\/sv\/eu-design-days\/","title":{"rendered":"EU Design Days"},"content":{"rendered":"<table width=\"100%\">\n<tbody>\n<tr>\n<td>\n<p style=\"text-align: justify;\">Efter flera \u00e5r har de \u00e5rliga dagarna EU Design <em>Days<\/em> etablerats som ett koncept och varum\u00e4rke som intresserar designers, forskare, sm\u00e5f\u00f6retag, lagstiftare, tj\u00e4nstepersoner fr\u00e5n regioner och EU-kommissionen. M\u00e5let \u00e4r att lyfta fram design och kreativitet som ett verktyg f\u00f6r innovation och f\u00f6r att tackla samh\u00e4lleliga utmaningar samt att stimulera till samarbete. Dagarna erbjuder ett utm\u00e4rkt tillf\u00e4lle att profilera din regions styrkor inom design och sammanf\u00f6ra dem med andras kompetenser. Design Days gr\u00e4nsar mellan flera eventtyper; seminarier, workshops, paneldebatter, diskussioner och erfarenhetsutbyte. Tolkningen av <em>design<\/em> \u00e4r bred och inrymmer allt fr\u00e5n utformning av offentlig service till industriell design \u2013 egentligen det mesta som ryms inom den kreativa och kulturella sektorn.<\/p>\n<p style=\"text-align: justify;\">I \u00e5r g\u00e5r eventet av stapeln 1 december och det \u00e4r i skrivande stund oklart om eventet sker i fysisk eller digital form. \u00c5rets tema blir <em>Design contributing to the green transition<\/em>, en h\u00e4nvisning till hur vi kan n\u00e5 m\u00e5len i EU-kommissionens v\u00e4gledande strategi \u201dDen gr\u00f6na given\u201d.<\/p>\n<p style=\"text-align: justify;\"><img loading=\"lazy\" decoding=\"async\" class=\"alignnone size-full wp-image-1844 aligncenter\" src=\"https:\/\/www.sbhss.eu\/wp-content\/uploads\/2021\/09\/errin.jpg\" alt=\"\" width=\"225\" height=\"225\" \/><\/p>\n<p style=\"text-align: justify;\">N\u00e4tverket ERRIN:s (som \u00e4r medarrang\u00f6r) arbetsgrupp f\u00f6r design och kreativitet efterfr\u00e5gar nu goda exempel som visar hur den gr\u00f6na \u00f6verg\u00e5ngen sker i medborgarnas vardag och involverar innovativa och kreativa l\u00f6sningar. En m\u00f6jlighet f\u00f6r Sm\u00e5land-Blekinge-Hallands alla duktiga akt\u00f6rer. <strong>F\u00f6rslag ska inkommit till ERRIN innan 21 september<\/strong>. H\u00f6r av dig till\u00a0<a href=\"mailto:sven.kasto@sbhss.eu\">Sven<\/a> f\u00f6r att f\u00e5 veta mer!<\/p>\n<\/td>\n<\/tr>\n<\/tbody>\n<\/table>\n<p style=\"text-align: justify;\"><!--more--><\/p>\n","protected":false},"excerpt":{"rendered":"<p>Efter flera \u00e5r har de \u00e5rliga dagarna EU Design Days etablerats som ett koncept och varum\u00e4rke som intresserar designers, forskare, sm\u00e5f\u00f6retag, lagstiftare, tj\u00e4nstepersoner fr\u00e5n regioner och EU-kommissionen. M\u00e5let \u00e4r att lyfta fram design och kreativitet som ett verktyg f\u00f6r innovation och f\u00f6r att tackla samh\u00e4lleliga utmaningar samt att stimulera till samarbete. Dagarna erbjuder ett utm\u00e4rkt [&hellip;]<\/p>\n","protected":false},"author":3,"featured_media":1843,"parent":0,"menu_order":1,"comment_status":"closed","ping_status":"closed","template":"","meta":{"_acf_changed":false,"footnotes":"","advanced-sidebar-menu\/link-title":"","advanced-sidebar-menu\/exclude-page":false},"class_list":["post-1858","page","type-page","status-publish","has-post-thumbnail","hentry"],"acf":[],"yoast_head":"<!-- This site is optimized with the Yoast SEO plugin v27.2 - https:\/\/yoast.com\/product\/yoast-seo-wordpress\/ -->\n<title>EU Design Days - SBHSS<\/title>\n<meta name=\"robots\" content=\"index, follow, max-snippet:-1, max-image-preview:large, max-video-preview:-1\" \/>\n<link rel=\"canonical\" href=\"https:\/\/www.sbhss.eu\/sv\/eu-design-days\/\" \/>\n<meta property=\"og:locale\" content=\"sv_SE\" \/>\n<meta property=\"og:type\" content=\"article\" \/>\n<meta property=\"og:title\" content=\"EU Design Days - SBHSS\" \/>\n<meta property=\"og:description\" content=\"Efter flera \u00e5r har de \u00e5rliga dagarna EU Design Days etablerats som ett koncept och varum\u00e4rke som intresserar designers, forskare, sm\u00e5f\u00f6retag, lagstiftare, tj\u00e4nstepersoner fr\u00e5n regioner och EU-kommissionen. M\u00e5let \u00e4r att lyfta fram design och kreativitet som ett verktyg f\u00f6r innovation och f\u00f6r att tackla samh\u00e4lleliga utmaningar samt att stimulera till samarbete. Dagarna erbjuder ett utm\u00e4rkt [&hellip;]\" \/>\n<meta property=\"og:url\" content=\"https:\/\/www.sbhss.eu\/sv\/eu-design-days\/\" \/>\n<meta property=\"og:site_name\" content=\"SBHSS\" \/>\n<meta property=\"article:modified_time\" content=\"2024-09-03T07:31:05+00:00\" \/>\n<meta property=\"og:image\" content=\"https:\/\/www.sbhss.eu\/wp-content\/uploads\/2021\/09\/design.jpg\" \/>\n\t<meta property=\"og:image:width\" content=\"2000\" \/>\n\t<meta property=\"og:image:height\" content=\"2500\" \/>\n\t<meta property=\"og:image:type\" content=\"image\/jpeg\" \/>\n<meta name=\"twitter:card\" content=\"summary_large_image\" \/>\n<meta name=\"twitter:label1\" content=\"Ber\u00e4knad l\u00e4stid\" \/>\n\t<meta name=\"twitter:data1\" content=\"2 minuter\" \/>\n<script type=\"application\/ld+json\" class=\"yoast-schema-graph\">{\"@context\":\"https:\/\/schema.org\",\"@graph\":[{\"@type\":\"WebPage\",\"@id\":\"https:\/\/www.sbhss.eu\/sv\/eu-design-days\/\",\"url\":\"https:\/\/www.sbhss.eu\/sv\/eu-design-days\/\",\"name\":\"EU Design Days - SBHSS\",\"isPartOf\":{\"@id\":\"https:\/\/www.sbhss.eu\/#website\"},\"primaryImageOfPage\":{\"@id\":\"https:\/\/www.sbhss.eu\/sv\/eu-design-days\/#primaryimage\"},\"image\":{\"@id\":\"https:\/\/www.sbhss.eu\/sv\/eu-design-days\/#primaryimage\"},\"thumbnailUrl\":\"https:\/\/www.sbhss.eu\/wp-content\/uploads\/2021\/09\/design.jpg\",\"datePublished\":\"2021-09-14T10:13:54+00:00\",\"dateModified\":\"2024-09-03T07:31:05+00:00\",\"breadcrumb\":{\"@id\":\"https:\/\/www.sbhss.eu\/sv\/eu-design-days\/#breadcrumb\"},\"inLanguage\":\"sv-SE\",\"potentialAction\":[{\"@type\":\"ReadAction\",\"target\":[\"https:\/\/www.sbhss.eu\/sv\/eu-design-days\/\"]}]},{\"@type\":\"ImageObject\",\"inLanguage\":\"sv-SE\",\"@id\":\"https:\/\/www.sbhss.eu\/sv\/eu-design-days\/#primaryimage\",\"url\":\"https:\/\/www.sbhss.eu\/wp-content\/uploads\/2021\/09\/design.jpg\",\"contentUrl\":\"https:\/\/www.sbhss.eu\/wp-content\/uploads\/2021\/09\/design.jpg\",\"width\":2000,\"height\":2500},{\"@type\":\"BreadcrumbList\",\"@id\":\"https:\/\/www.sbhss.eu\/sv\/eu-design-days\/#breadcrumb\",\"itemListElement\":[{\"@type\":\"ListItem\",\"position\":1,\"name\":\"Hem\",\"item\":\"https:\/\/www.sbhss.eu\/sv\/\"},{\"@type\":\"ListItem\",\"position\":2,\"name\":\"EU Design Days\"}]},{\"@type\":\"WebSite\",\"@id\":\"https:\/\/www.sbhss.eu\/#website\",\"url\":\"https:\/\/www.sbhss.eu\/\",\"name\":\"SBHSS\",\"description\":\"\",\"potentialAction\":[{\"@type\":\"SearchAction\",\"target\":{\"@type\":\"EntryPoint\",\"urlTemplate\":\"https:\/\/www.sbhss.eu\/?s={search_term_string}\"},\"query-input\":{\"@type\":\"PropertyValueSpecification\",\"valueRequired\":true,\"valueName\":\"search_term_string\"}}],\"inLanguage\":\"sv-SE\"}]}<\/script>\n<!-- \/ Yoast SEO plugin. -->","yoast_head_json":{"title":"EU Design Days - SBHSS","robots":{"index":"index","follow":"follow","max-snippet":"max-snippet:-1","max-image-preview":"max-image-preview:large","max-video-preview":"max-video-preview:-1"},"canonical":"https:\/\/www.sbhss.eu\/sv\/eu-design-days\/","og_locale":"sv_SE","og_type":"article","og_title":"EU Design Days - SBHSS","og_description":"Efter flera \u00e5r har de \u00e5rliga dagarna EU Design Days etablerats som ett koncept och varum\u00e4rke som intresserar designers, forskare, sm\u00e5f\u00f6retag, lagstiftare, tj\u00e4nstepersoner fr\u00e5n regioner och EU-kommissionen. M\u00e5let \u00e4r att lyfta fram design och kreativitet som ett verktyg f\u00f6r innovation och f\u00f6r att tackla samh\u00e4lleliga utmaningar samt att stimulera till samarbete. Dagarna erbjuder ett utm\u00e4rkt [&hellip;]","og_url":"https:\/\/www.sbhss.eu\/sv\/eu-design-days\/","og_site_name":"SBHSS","article_modified_time":"2024-09-03T07:31:05+00:00","og_image":[{"width":2000,"height":2500,"url":"https:\/\/www.sbhss.eu\/wp-content\/uploads\/2021\/09\/design.jpg","type":"image\/jpeg"}],"twitter_card":"summary_large_image","twitter_misc":{"Ber\u00e4knad l\u00e4stid":"2 minuter"},"schema":{"@context":"https:\/\/schema.org","@graph":[{"@type":"WebPage","@id":"https:\/\/www.sbhss.eu\/sv\/eu-design-days\/","url":"https:\/\/www.sbhss.eu\/sv\/eu-design-days\/","name":"EU Design Days - SBHSS","isPartOf":{"@id":"https:\/\/www.sbhss.eu\/#website"},"primaryImageOfPage":{"@id":"https:\/\/www.sbhss.eu\/sv\/eu-design-days\/#primaryimage"},"image":{"@id":"https:\/\/www.sbhss.eu\/sv\/eu-design-days\/#primaryimage"},"thumbnailUrl":"https:\/\/www.sbhss.eu\/wp-content\/uploads\/2021\/09\/design.jpg","datePublished":"2021-09-14T10:13:54+00:00","dateModified":"2024-09-03T07:31:05+00:00","breadcrumb":{"@id":"https:\/\/www.sbhss.eu\/sv\/eu-design-days\/#breadcrumb"},"inLanguage":"sv-SE","potentialAction":[{"@type":"ReadAction","target":["https:\/\/www.sbhss.eu\/sv\/eu-design-days\/"]}]},{"@type":"ImageObject","inLanguage":"sv-SE","@id":"https:\/\/www.sbhss.eu\/sv\/eu-design-days\/#primaryimage","url":"https:\/\/www.sbhss.eu\/wp-content\/uploads\/2021\/09\/design.jpg","contentUrl":"https:\/\/www.sbhss.eu\/wp-content\/uploads\/2021\/09\/design.jpg","width":2000,"height":2500},{"@type":"BreadcrumbList","@id":"https:\/\/www.sbhss.eu\/sv\/eu-design-days\/#breadcrumb","itemListElement":[{"@type":"ListItem","position":1,"name":"Hem","item":"https:\/\/www.sbhss.eu\/sv\/"},{"@type":"ListItem","position":2,"name":"EU Design Days"}]},{"@type":"WebSite","@id":"https:\/\/www.sbhss.eu\/#website","url":"https:\/\/www.sbhss.eu\/","name":"SBHSS","description":"","potentialAction":[{"@type":"SearchAction","target":{"@type":"EntryPoint","urlTemplate":"https:\/\/www.sbhss.eu\/?s={search_term_string}"},"query-input":{"@type":"PropertyValueSpecification","valueRequired":true,"valueName":"search_term_string"}}],"inLanguage":"sv-SE"}]}},"_links":{"self":[{"href":"https:\/\/www.sbhss.eu\/sv\/wp-json\/wp\/v2\/pages\/1858","targetHints":{"allow":["GET"]}}],"collection":[{"href":"https:\/\/www.sbhss.eu\/sv\/wp-json\/wp\/v2\/pages"}],"about":[{"href":"https:\/\/www.sbhss.eu\/sv\/wp-json\/wp\/v2\/types\/page"}],"author":[{"embeddable":true,"href":"https:\/\/www.sbhss.eu\/sv\/wp-json\/wp\/v2\/users\/3"}],"replies":[{"embeddable":true,"href":"https:\/\/www.sbhss.eu\/sv\/wp-json\/wp\/v2\/comments?post=1858"}],"version-history":[{"count":2,"href":"https:\/\/www.sbhss.eu\/sv\/wp-json\/wp\/v2\/pages\/1858\/revisions"}],"predecessor-version":[{"id":6835,"href":"https:\/\/www.sbhss.eu\/sv\/wp-json\/wp\/v2\/pages\/1858\/revisions\/6835"}],"wp:featuredmedia":[{"embeddable":true,"href":"https:\/\/www.sbhss.eu\/sv\/wp-json\/wp\/v2\/media\/1843"}],"wp:attachment":[{"href":"https:\/\/www.sbhss.eu\/sv\/wp-json\/wp\/v2\/media?parent=1858"}],"curies":[{"name":"wp","href":"https:\/\/api.w.org\/{rel}","templated":true}]}}