{"id":223,"date":"2021-05-04T12:25:25","date_gmt":"2021-05-04T12:25:25","guid":{"rendered":"https:\/\/staging.webbskisser.se\/sbhss\/?page_id=223"},"modified":"2026-02-04T12:56:28","modified_gmt":"2026-02-04T12:56:28","slug":"om-oss","status":"publish","type":"page","link":"https:\/\/www.sbhss.eu\/sv\/om-oss\/","title":{"rendered":"Om oss"},"content":{"rendered":"<p style=\"text-align: justify;\">Sm\u00e5land Blekinge Halland South Sweden \u00e4r ett samarbete mellan fem regioner och tv\u00e5 l\u00e4ros\u00e4ten i s\u00f6dra Sverige.<\/p>\n<p style=\"text-align: justify;\"><img loading=\"lazy\" decoding=\"async\" class=\"alignnone size-full wp-image-5958\" src=\"https:\/\/www.sbhss.eu\/wp-content\/uploads\/2024\/03\/ny-bild-till-hemsidan-sv-2.png\" alt=\"\" width=\"973\" height=\"706\" \/><\/p>\n<p style=\"text-align: justify;\">Syftet med Sm\u00e5land-Blekinge-Hallands samarbete \u00e4r att verka f\u00f6r en h\u00e5llbar utveckling och tillv\u00e4xt i regionen. Samarbetets \u00f6vergripande m\u00e5l \u00e4r att fr\u00e4mja medlemmarnas verksamhet och ekonomiska intresse samt att \u00f6ka samverkan mellan \u00e4garna i viktiga strategiska fr\u00e5gor, s\u00e5v\u00e4l p\u00e5 den europeiska arenan som p\u00e5 den svenska.<\/p>\n<p style=\"text-align: justify;\">Genom att vara p\u00e5 plats i Bryssel och i olika sammanhang lyfta fram Sm\u00e5land-Blekinge-Hallands st\u00e5ndpunkter och f\u00f6ruts\u00e4ttningar kan beslutsfattare f\u00e5 en \u00f6kad f\u00f6rst\u00e5else f\u00f6r regionen och d\u00e4rmed \u00f6kar m\u00f6jligheten till p\u00e5verkan och att politiska beslut samt finansieringsm\u00f6jligheter utformas p\u00e5 ett s\u00e5dant s\u00e4tt att detta gynnar regionens utveckling. Kontoret bemannas av tre heltidsanst\u00e4llda och arbetar f\u00f6r att europeisk politik och finansieringsm\u00f6jligheter ska komma till nytta f\u00f6r regionens medborgare, l\u00e4ros\u00e4ten och n\u00e4ringsliv.<\/p>\n<p style=\"text-decoration: underline; text-align: justify;\">Kontorets huvudsakliga uppgifter \u00e4r:<\/p>\n<p style=\"text-align: justify;\"><strong>Intressebevakning<\/strong> av fr\u00e5gor prioriterade av \u00e4garna som bland annat g\u00e4ller analyser av politiska initiativ och lagf\u00f6rslag, programutformning, finansieringsformer samt deltagande i samverkansplattformar inom de fokusomr\u00e5den som \u00e4garna identifierat.<\/p>\n<p style=\"text-align: justify;\"><strong>P\u00e5verkansarbete <\/strong>i de fr\u00e5gor som \u00e4garna via intressebevakningen identifierat som viktiga f\u00f6r hela eller delar av regionen.<\/p>\n<p style=\"text-align: justify;\"><strong>Service<\/strong> till medlemmarna genom att Brysselkontorets medarbetare regelbundet bes\u00f6ker regionen, informerar och r\u00e5dger via direktkontakter, webbsida och veckobrev, tar emot studiebes\u00f6k p\u00e5 plats i Bryssel, erbjuder \u00e4garna en arbetsplats i Bryssel samt i \u00f6vrigt verkar f\u00f6r medlemmarnas intressen*.<\/p>\n<p style=\"text-align: justify;\"><strong>Kontaktskapande<\/strong> verksamhet genom att f\u00f6rmedla kontakter i Bryssel samt bitr\u00e4da medlemmarna i planering av studiebes\u00f6k och annan informations- och kontaktservice.<\/p>\n<p style=\"text-align: justify;\"><strong>Kunskapsh\u00f6jande<\/strong> insatser genom att Brysselkontorets medarbetare \u00e4r behj\u00e4lpliga som experter vid utbildningsinsatser hos medlemmarna och regionernas akt\u00f6rer.<\/p>\n<p style=\"text-align: justify;\"><strong>Marknadsf\u00f6ring<\/strong> och profilering av \u00e4garna och dess akt\u00f6rer p\u00e5 plats i Bryssel i syfte att skapa f\u00f6ruts\u00e4ttningar f\u00f6r att kunna ing\u00e5 i n\u00f6dv\u00e4ndiga samarbeten.<\/p>\n","protected":false},"excerpt":{"rendered":"<p>Sm\u00e5land Blekinge Halland South Sweden \u00e4r ett samarbete mellan fem regioner och tv\u00e5 l\u00e4ros\u00e4ten i s\u00f6dra Sverige. Syftet med Sm\u00e5land-Blekinge-Hallands samarbete \u00e4r att verka f\u00f6r en h\u00e5llbar utveckling och tillv\u00e4xt i regionen. Samarbetets \u00f6vergripande m\u00e5l \u00e4r att fr\u00e4mja medlemmarnas verksamhet och ekonomiska intresse samt att \u00f6ka samverkan mellan \u00e4garna i viktiga strategiska fr\u00e5gor, s\u00e5v\u00e4l p\u00e5 [&hellip;]<\/p>\n","protected":false},"author":1,"featured_media":0,"parent":0,"menu_order":32,"comment_status":"closed","ping_status":"closed","template":"page_about_us.php","meta":{"_acf_changed":false,"footnotes":"","advanced-sidebar-menu\/link-title":"","advanced-sidebar-menu\/exclude-page":false},"class_list":["post-223","page","type-page","status-publish","hentry"],"acf":[],"yoast_head":"<!-- This site is optimized with the Yoast SEO plugin v27.2 - https:\/\/yoast.com\/product\/yoast-seo-wordpress\/ -->\n<title>Om oss - SBHSS<\/title>\n<meta name=\"robots\" content=\"index, follow, max-snippet:-1, max-image-preview:large, max-video-preview:-1\" \/>\n<link rel=\"canonical\" href=\"https:\/\/www.sbhss.eu\/sv\/om-oss\/\" \/>\n<meta property=\"og:locale\" content=\"sv_SE\" \/>\n<meta property=\"og:type\" content=\"article\" \/>\n<meta property=\"og:title\" content=\"Om oss - SBHSS\" \/>\n<meta property=\"og:description\" content=\"Sm\u00e5land Blekinge Halland South Sweden \u00e4r ett samarbete mellan fem regioner och tv\u00e5 l\u00e4ros\u00e4ten i s\u00f6dra Sverige. Syftet med Sm\u00e5land-Blekinge-Hallands samarbete \u00e4r att verka f\u00f6r en h\u00e5llbar utveckling och tillv\u00e4xt i regionen. Samarbetets \u00f6vergripande m\u00e5l \u00e4r att fr\u00e4mja medlemmarnas verksamhet och ekonomiska intresse samt att \u00f6ka samverkan mellan \u00e4garna i viktiga strategiska fr\u00e5gor, s\u00e5v\u00e4l p\u00e5 [&hellip;]\" \/>\n<meta property=\"og:url\" content=\"https:\/\/www.sbhss.eu\/sv\/om-oss\/\" \/>\n<meta property=\"og:site_name\" content=\"SBHSS\" \/>\n<meta property=\"article:modified_time\" content=\"2026-02-04T12:56:28+00:00\" \/>\n<meta property=\"og:image\" content=\"https:\/\/www.sbhss.eu\/wp-content\/uploads\/2024\/03\/ny-bild-till-hemsidan-sv-2.png\" \/>\n\t<meta property=\"og:image:width\" content=\"973\" \/>\n\t<meta property=\"og:image:height\" content=\"706\" \/>\n\t<meta property=\"og:image:type\" content=\"image\/png\" \/>\n<meta name=\"twitter:card\" content=\"summary_large_image\" \/>\n<meta name=\"twitter:label1\" content=\"Ber\u00e4knad l\u00e4stid\" \/>\n\t<meta name=\"twitter:data1\" content=\"2 minuter\" \/>\n<script type=\"application\/ld+json\" class=\"yoast-schema-graph\">{\"@context\":\"https:\/\/schema.org\",\"@graph\":[{\"@type\":\"WebPage\",\"@id\":\"https:\/\/www.sbhss.eu\/sv\/om-oss\/\",\"url\":\"https:\/\/www.sbhss.eu\/sv\/om-oss\/\",\"name\":\"Om oss - SBHSS\",\"isPartOf\":{\"@id\":\"https:\/\/www.sbhss.eu\/#website\"},\"primaryImageOfPage\":{\"@id\":\"https:\/\/www.sbhss.eu\/sv\/om-oss\/#primaryimage\"},\"image\":{\"@id\":\"https:\/\/www.sbhss.eu\/sv\/om-oss\/#primaryimage\"},\"thumbnailUrl\":\"https:\/\/www.sbhss.eu\/wp-content\/uploads\/2024\/03\/ny-bild-till-hemsidan-sv-2.png\",\"datePublished\":\"2021-05-04T12:25:25+00:00\",\"dateModified\":\"2026-02-04T12:56:28+00:00\",\"breadcrumb\":{\"@id\":\"https:\/\/www.sbhss.eu\/sv\/om-oss\/#breadcrumb\"},\"inLanguage\":\"sv-SE\",\"potentialAction\":[{\"@type\":\"ReadAction\",\"target\":[\"https:\/\/www.sbhss.eu\/sv\/om-oss\/\"]}]},{\"@type\":\"ImageObject\",\"inLanguage\":\"sv-SE\",\"@id\":\"https:\/\/www.sbhss.eu\/sv\/om-oss\/#primaryimage\",\"url\":\"https:\/\/www.sbhss.eu\/wp-content\/uploads\/2024\/03\/ny-bild-till-hemsidan-sv-2.png\",\"contentUrl\":\"https:\/\/www.sbhss.eu\/wp-content\/uploads\/2024\/03\/ny-bild-till-hemsidan-sv-2.png\"},{\"@type\":\"BreadcrumbList\",\"@id\":\"https:\/\/www.sbhss.eu\/sv\/om-oss\/#breadcrumb\",\"itemListElement\":[{\"@type\":\"ListItem\",\"position\":1,\"name\":\"Hem\",\"item\":\"https:\/\/www.sbhss.eu\/sv\/\"},{\"@type\":\"ListItem\",\"position\":2,\"name\":\"Om oss\"}]},{\"@type\":\"WebSite\",\"@id\":\"https:\/\/www.sbhss.eu\/#website\",\"url\":\"https:\/\/www.sbhss.eu\/\",\"name\":\"SBHSS\",\"description\":\"\",\"potentialAction\":[{\"@type\":\"SearchAction\",\"target\":{\"@type\":\"EntryPoint\",\"urlTemplate\":\"https:\/\/www.sbhss.eu\/?s={search_term_string}\"},\"query-input\":{\"@type\":\"PropertyValueSpecification\",\"valueRequired\":true,\"valueName\":\"search_term_string\"}}],\"inLanguage\":\"sv-SE\"}]}<\/script>\n<!-- \/ Yoast SEO plugin. -->","yoast_head_json":{"title":"Om oss - SBHSS","robots":{"index":"index","follow":"follow","max-snippet":"max-snippet:-1","max-image-preview":"max-image-preview:large","max-video-preview":"max-video-preview:-1"},"canonical":"https:\/\/www.sbhss.eu\/sv\/om-oss\/","og_locale":"sv_SE","og_type":"article","og_title":"Om oss - SBHSS","og_description":"Sm\u00e5land Blekinge Halland South Sweden \u00e4r ett samarbete mellan fem regioner och tv\u00e5 l\u00e4ros\u00e4ten i s\u00f6dra Sverige. Syftet med Sm\u00e5land-Blekinge-Hallands samarbete \u00e4r att verka f\u00f6r en h\u00e5llbar utveckling och tillv\u00e4xt i regionen. Samarbetets \u00f6vergripande m\u00e5l \u00e4r att fr\u00e4mja medlemmarnas verksamhet och ekonomiska intresse samt att \u00f6ka samverkan mellan \u00e4garna i viktiga strategiska fr\u00e5gor, s\u00e5v\u00e4l p\u00e5 [&hellip;]","og_url":"https:\/\/www.sbhss.eu\/sv\/om-oss\/","og_site_name":"SBHSS","article_modified_time":"2026-02-04T12:56:28+00:00","og_image":[{"width":973,"height":706,"url":"https:\/\/www.sbhss.eu\/wp-content\/uploads\/2024\/03\/ny-bild-till-hemsidan-sv-2.png","type":"image\/png"}],"twitter_card":"summary_large_image","twitter_misc":{"Ber\u00e4knad l\u00e4stid":"2 minuter"},"schema":{"@context":"https:\/\/schema.org","@graph":[{"@type":"WebPage","@id":"https:\/\/www.sbhss.eu\/sv\/om-oss\/","url":"https:\/\/www.sbhss.eu\/sv\/om-oss\/","name":"Om oss - SBHSS","isPartOf":{"@id":"https:\/\/www.sbhss.eu\/#website"},"primaryImageOfPage":{"@id":"https:\/\/www.sbhss.eu\/sv\/om-oss\/#primaryimage"},"image":{"@id":"https:\/\/www.sbhss.eu\/sv\/om-oss\/#primaryimage"},"thumbnailUrl":"https:\/\/www.sbhss.eu\/wp-content\/uploads\/2024\/03\/ny-bild-till-hemsidan-sv-2.png","datePublished":"2021-05-04T12:25:25+00:00","dateModified":"2026-02-04T12:56:28+00:00","breadcrumb":{"@id":"https:\/\/www.sbhss.eu\/sv\/om-oss\/#breadcrumb"},"inLanguage":"sv-SE","potentialAction":[{"@type":"ReadAction","target":["https:\/\/www.sbhss.eu\/sv\/om-oss\/"]}]},{"@type":"ImageObject","inLanguage":"sv-SE","@id":"https:\/\/www.sbhss.eu\/sv\/om-oss\/#primaryimage","url":"https:\/\/www.sbhss.eu\/wp-content\/uploads\/2024\/03\/ny-bild-till-hemsidan-sv-2.png","contentUrl":"https:\/\/www.sbhss.eu\/wp-content\/uploads\/2024\/03\/ny-bild-till-hemsidan-sv-2.png"},{"@type":"BreadcrumbList","@id":"https:\/\/www.sbhss.eu\/sv\/om-oss\/#breadcrumb","itemListElement":[{"@type":"ListItem","position":1,"name":"Hem","item":"https:\/\/www.sbhss.eu\/sv\/"},{"@type":"ListItem","position":2,"name":"Om oss"}]},{"@type":"WebSite","@id":"https:\/\/www.sbhss.eu\/#website","url":"https:\/\/www.sbhss.eu\/","name":"SBHSS","description":"","potentialAction":[{"@type":"SearchAction","target":{"@type":"EntryPoint","urlTemplate":"https:\/\/www.sbhss.eu\/?s={search_term_string}"},"query-input":{"@type":"PropertyValueSpecification","valueRequired":true,"valueName":"search_term_string"}}],"inLanguage":"sv-SE"}]}},"_links":{"self":[{"href":"https:\/\/www.sbhss.eu\/sv\/wp-json\/wp\/v2\/pages\/223","targetHints":{"allow":["GET"]}}],"collection":[{"href":"https:\/\/www.sbhss.eu\/sv\/wp-json\/wp\/v2\/pages"}],"about":[{"href":"https:\/\/www.sbhss.eu\/sv\/wp-json\/wp\/v2\/types\/page"}],"author":[{"embeddable":true,"href":"https:\/\/www.sbhss.eu\/sv\/wp-json\/wp\/v2\/users\/1"}],"replies":[{"embeddable":true,"href":"https:\/\/www.sbhss.eu\/sv\/wp-json\/wp\/v2\/comments?post=223"}],"version-history":[{"count":17,"href":"https:\/\/www.sbhss.eu\/sv\/wp-json\/wp\/v2\/pages\/223\/revisions"}],"predecessor-version":[{"id":9251,"href":"https:\/\/www.sbhss.eu\/sv\/wp-json\/wp\/v2\/pages\/223\/revisions\/9251"}],"wp:attachment":[{"href":"https:\/\/www.sbhss.eu\/sv\/wp-json\/wp\/v2\/media?parent=223"}],"curies":[{"name":"wp","href":"https:\/\/api.w.org\/{rel}","templated":true}]}}