{"id":236,"date":"2021-05-04T12:34:06","date_gmt":"2021-05-04T12:34:06","guid":{"rendered":"https:\/\/staging.webbskisser.se\/sbhss\/?page_id=236"},"modified":"2024-09-03T07:44:08","modified_gmt":"2024-09-03T07:44:08","slug":"dokument","status":"publish","type":"page","link":"https:\/\/www.sbhss.eu\/sv\/om-oss\/dokument\/","title":{"rendered":"Dokument"},"content":{"rendered":"<p style=\"text-align: justify;\">H\u00e4r kan du l\u00e4sa dokument som p\u00e5verkar SBHSS arbete och resultat.<\/p>\n<p style=\"text-align: justify;\">Verksamhetsinriktningen s\u00e4tter en l\u00e5ngsiktig ram f\u00f6r fokusomr\u00e5den i \u00e5rliga verksamhetsplaner och<br \/>\nger samtidigt flexibilitet f\u00f6r att kunna hantera of\u00f6rutsedda situationer.<\/p>\n<p style=\"text-align: justify;\"><a href=\"https:\/\/www.sbhss.eu\/sv\/om-oss\/dokument\/verksamhetsplan-for-2021\/\"><strong>Verksamhetsplanen<\/strong><\/a> speglar \u00e4garnas fokus f\u00f6r \u00e5ret i relation till vad som sker p\u00e5 den europeiska arenan.<\/p>\n<p style=\"text-align: justify;\"><a href=\"https:\/\/www.sbhss.eu\/sv\/om-oss\/dokument\/verksamhetsberattelse-for-2020\/\"><strong>Verksamhetsber\u00e4ttelsen<\/strong><\/a> beskriver f\u00f6reg\u00e5ende \u00e5rs aktiviteter beskrivs.<\/p>\n<p style=\"text-align: justify;\"><a href=\"https:\/\/www.sbhss.eu\/sv\/om-oss\/dokument\/omvarldsbevakning\/\"><strong>Omv\u00e4rldsbevakningen<\/strong><\/a> bygger p\u00e5 ett urval av fr\u00e5gor fr\u00e5n EU-arenan som f\u00f6ranleder Sm\u00e5land-Blekinge-Halland att se n\u00e4rmare p\u00e5 sitt engagemang \u2013 p\u00e5 den europeiska arenan s\u00e5v\u00e4l som p\u00e5 hemmaplan.<\/p>\n<p style=\"text-align: justify;\"><a href=\"https:\/\/www.sbhss.eu\/sv\/om-oss\/dokument\/styrgruppsprotokoll\/\"><strong>Styrgruppsprotokollen<\/strong><\/a> sammanfattar beslut och f\u00f6rda diskussioner vid SBHSS styrgruppsm\u00f6ten. Styrgruppens representanter best\u00e5r av politiker och l\u00e4ros\u00e4tenas rektorer.<\/p>\n<p style=\"text-align: justify;\"><a href=\"https:\/\/www.sbhss.eu\/sv\/om-oss\/dokument\/sbhss-positioner-samradssvar-och-debattartiklar\/\"><strong>SBHSS-positioner,\u00a0 samr\u00e5dssvar och debattartiklar<\/strong><\/a>. G\u00e4ller b\u00e5de gemensamma och enskilda dokument som speglar arbetet inom SBHSS.<\/p>\n","protected":false},"excerpt":{"rendered":"<p>H\u00e4r kan du l\u00e4sa dokument som p\u00e5verkar SBHSS arbete och resultat. Verksamhetsinriktningen s\u00e4tter en l\u00e5ngsiktig ram f\u00f6r fokusomr\u00e5den i \u00e5rliga verksamhetsplaner och ger samtidigt flexibilitet f\u00f6r att kunna hantera of\u00f6rutsedda situationer. Verksamhetsplanen speglar \u00e4garnas fokus f\u00f6r \u00e5ret i relation till vad som sker p\u00e5 den europeiska arenan. Verksamhetsber\u00e4ttelsen beskriver f\u00f6reg\u00e5ende \u00e5rs aktiviteter beskrivs. Omv\u00e4rldsbevakningen bygger [&hellip;]<\/p>\n","protected":false},"author":1,"featured_media":0,"parent":223,"menu_order":24,"comment_status":"closed","ping_status":"closed","template":"","meta":{"_acf_changed":false,"footnotes":"","advanced-sidebar-menu\/link-title":"","advanced-sidebar-menu\/exclude-page":false},"class_list":["post-236","page","type-page","status-publish","hentry"],"acf":[],"yoast_head":"<!-- This site is optimized with the Yoast SEO plugin v27.2 - https:\/\/yoast.com\/product\/yoast-seo-wordpress\/ -->\n<title>Dokument - SBHSS<\/title>\n<meta name=\"robots\" content=\"index, follow, max-snippet:-1, max-image-preview:large, max-video-preview:-1\" \/>\n<link rel=\"canonical\" href=\"https:\/\/www.sbhss.eu\/sv\/om-oss\/dokument\/\" \/>\n<meta property=\"og:locale\" content=\"sv_SE\" \/>\n<meta property=\"og:type\" content=\"article\" \/>\n<meta property=\"og:title\" content=\"Dokument - SBHSS\" \/>\n<meta property=\"og:description\" content=\"H\u00e4r kan du l\u00e4sa dokument som p\u00e5verkar SBHSS arbete och resultat. Verksamhetsinriktningen s\u00e4tter en l\u00e5ngsiktig ram f\u00f6r fokusomr\u00e5den i \u00e5rliga verksamhetsplaner och ger samtidigt flexibilitet f\u00f6r att kunna hantera of\u00f6rutsedda situationer. Verksamhetsplanen speglar \u00e4garnas fokus f\u00f6r \u00e5ret i relation till vad som sker p\u00e5 den europeiska arenan. Verksamhetsber\u00e4ttelsen beskriver f\u00f6reg\u00e5ende \u00e5rs aktiviteter beskrivs. Omv\u00e4rldsbevakningen bygger [&hellip;]\" \/>\n<meta property=\"og:url\" content=\"https:\/\/www.sbhss.eu\/sv\/om-oss\/dokument\/\" \/>\n<meta property=\"og:site_name\" content=\"SBHSS\" \/>\n<meta property=\"article:modified_time\" content=\"2024-09-03T07:44:08+00:00\" \/>\n<meta name=\"twitter:card\" content=\"summary_large_image\" \/>\n<meta name=\"twitter:label1\" content=\"Ber\u00e4knad l\u00e4stid\" \/>\n\t<meta name=\"twitter:data1\" content=\"1 minut\" \/>\n<script type=\"application\/ld+json\" class=\"yoast-schema-graph\">{\"@context\":\"https:\/\/schema.org\",\"@graph\":[{\"@type\":\"WebPage\",\"@id\":\"https:\/\/www.sbhss.eu\/sv\/om-oss\/dokument\/\",\"url\":\"https:\/\/www.sbhss.eu\/sv\/om-oss\/dokument\/\",\"name\":\"Dokument - SBHSS\",\"isPartOf\":{\"@id\":\"https:\/\/www.sbhss.eu\/#website\"},\"datePublished\":\"2021-05-04T12:34:06+00:00\",\"dateModified\":\"2024-09-03T07:44:08+00:00\",\"breadcrumb\":{\"@id\":\"https:\/\/www.sbhss.eu\/sv\/om-oss\/dokument\/#breadcrumb\"},\"inLanguage\":\"sv-SE\",\"potentialAction\":[{\"@type\":\"ReadAction\",\"target\":[\"https:\/\/www.sbhss.eu\/sv\/om-oss\/dokument\/\"]}]},{\"@type\":\"BreadcrumbList\",\"@id\":\"https:\/\/www.sbhss.eu\/sv\/om-oss\/dokument\/#breadcrumb\",\"itemListElement\":[{\"@type\":\"ListItem\",\"position\":1,\"name\":\"Hem\",\"item\":\"https:\/\/www.sbhss.eu\/sv\/\"},{\"@type\":\"ListItem\",\"position\":2,\"name\":\"Om oss\",\"item\":\"https:\/\/www.sbhss.eu\/sv\/om-oss\/\"},{\"@type\":\"ListItem\",\"position\":3,\"name\":\"Dokument\"}]},{\"@type\":\"WebSite\",\"@id\":\"https:\/\/www.sbhss.eu\/#website\",\"url\":\"https:\/\/www.sbhss.eu\/\",\"name\":\"SBHSS\",\"description\":\"\",\"potentialAction\":[{\"@type\":\"SearchAction\",\"target\":{\"@type\":\"EntryPoint\",\"urlTemplate\":\"https:\/\/www.sbhss.eu\/?s={search_term_string}\"},\"query-input\":{\"@type\":\"PropertyValueSpecification\",\"valueRequired\":true,\"valueName\":\"search_term_string\"}}],\"inLanguage\":\"sv-SE\"}]}<\/script>\n<!-- \/ Yoast SEO plugin. -->","yoast_head_json":{"title":"Dokument - SBHSS","robots":{"index":"index","follow":"follow","max-snippet":"max-snippet:-1","max-image-preview":"max-image-preview:large","max-video-preview":"max-video-preview:-1"},"canonical":"https:\/\/www.sbhss.eu\/sv\/om-oss\/dokument\/","og_locale":"sv_SE","og_type":"article","og_title":"Dokument - SBHSS","og_description":"H\u00e4r kan du l\u00e4sa dokument som p\u00e5verkar SBHSS arbete och resultat. Verksamhetsinriktningen s\u00e4tter en l\u00e5ngsiktig ram f\u00f6r fokusomr\u00e5den i \u00e5rliga verksamhetsplaner och ger samtidigt flexibilitet f\u00f6r att kunna hantera of\u00f6rutsedda situationer. Verksamhetsplanen speglar \u00e4garnas fokus f\u00f6r \u00e5ret i relation till vad som sker p\u00e5 den europeiska arenan. Verksamhetsber\u00e4ttelsen beskriver f\u00f6reg\u00e5ende \u00e5rs aktiviteter beskrivs. Omv\u00e4rldsbevakningen bygger [&hellip;]","og_url":"https:\/\/www.sbhss.eu\/sv\/om-oss\/dokument\/","og_site_name":"SBHSS","article_modified_time":"2024-09-03T07:44:08+00:00","twitter_card":"summary_large_image","twitter_misc":{"Ber\u00e4knad l\u00e4stid":"1 minut"},"schema":{"@context":"https:\/\/schema.org","@graph":[{"@type":"WebPage","@id":"https:\/\/www.sbhss.eu\/sv\/om-oss\/dokument\/","url":"https:\/\/www.sbhss.eu\/sv\/om-oss\/dokument\/","name":"Dokument - SBHSS","isPartOf":{"@id":"https:\/\/www.sbhss.eu\/#website"},"datePublished":"2021-05-04T12:34:06+00:00","dateModified":"2024-09-03T07:44:08+00:00","breadcrumb":{"@id":"https:\/\/www.sbhss.eu\/sv\/om-oss\/dokument\/#breadcrumb"},"inLanguage":"sv-SE","potentialAction":[{"@type":"ReadAction","target":["https:\/\/www.sbhss.eu\/sv\/om-oss\/dokument\/"]}]},{"@type":"BreadcrumbList","@id":"https:\/\/www.sbhss.eu\/sv\/om-oss\/dokument\/#breadcrumb","itemListElement":[{"@type":"ListItem","position":1,"name":"Hem","item":"https:\/\/www.sbhss.eu\/sv\/"},{"@type":"ListItem","position":2,"name":"Om oss","item":"https:\/\/www.sbhss.eu\/sv\/om-oss\/"},{"@type":"ListItem","position":3,"name":"Dokument"}]},{"@type":"WebSite","@id":"https:\/\/www.sbhss.eu\/#website","url":"https:\/\/www.sbhss.eu\/","name":"SBHSS","description":"","potentialAction":[{"@type":"SearchAction","target":{"@type":"EntryPoint","urlTemplate":"https:\/\/www.sbhss.eu\/?s={search_term_string}"},"query-input":{"@type":"PropertyValueSpecification","valueRequired":true,"valueName":"search_term_string"}}],"inLanguage":"sv-SE"}]}},"_links":{"self":[{"href":"https:\/\/www.sbhss.eu\/sv\/wp-json\/wp\/v2\/pages\/236","targetHints":{"allow":["GET"]}}],"collection":[{"href":"https:\/\/www.sbhss.eu\/sv\/wp-json\/wp\/v2\/pages"}],"about":[{"href":"https:\/\/www.sbhss.eu\/sv\/wp-json\/wp\/v2\/types\/page"}],"author":[{"embeddable":true,"href":"https:\/\/www.sbhss.eu\/sv\/wp-json\/wp\/v2\/users\/1"}],"replies":[{"embeddable":true,"href":"https:\/\/www.sbhss.eu\/sv\/wp-json\/wp\/v2\/comments?post=236"}],"version-history":[{"count":23,"href":"https:\/\/www.sbhss.eu\/sv\/wp-json\/wp\/v2\/pages\/236\/revisions"}],"predecessor-version":[{"id":6849,"href":"https:\/\/www.sbhss.eu\/sv\/wp-json\/wp\/v2\/pages\/236\/revisions\/6849"}],"up":[{"embeddable":true,"href":"https:\/\/www.sbhss.eu\/sv\/wp-json\/wp\/v2\/pages\/223"}],"wp:attachment":[{"href":"https:\/\/www.sbhss.eu\/sv\/wp-json\/wp\/v2\/media?parent=236"}],"curies":[{"name":"wp","href":"https:\/\/api.w.org\/{rel}","templated":true}]}}