{"id":239,"date":"2021-05-04T12:34:51","date_gmt":"2021-05-04T12:34:51","guid":{"rendered":"https:\/\/staging.webbskisser.se\/sbhss\/?page_id=239"},"modified":"2026-03-23T11:02:43","modified_gmt":"2026-03-23T11:02:43","slug":"kalender","status":"publish","type":"page","link":"https:\/\/www.sbhss.eu\/sv\/kalender\/","title":{"rendered":"Evenemang och kalender"},"content":{"rendered":"<h2><strong>SBHSS \u00e5rshjul<\/strong><\/h2>\n<p><img loading=\"lazy\" decoding=\"async\" class=\"alignnone size-large wp-image-7731\" src=\"https:\/\/www.sbhss.eu\/wp-content\/uploads\/2025\/02\/ta-denna-1024x632.png\" alt=\"\" width=\"1024\" height=\"632\" \/><\/p>\n<p>F\u00f6r att underl\u00e4tta planeringen tar Brysselkontoret varje \u00e5r fram ett \u00e5rshjul f\u00f6r v\u00e5ra interna aktiviteter s\u00e5 som styr- och chefsgruppsm\u00f6ten samt v\u00e5r \u00e5rliga konferens Europaforum. Med \u00e5rshjulet blir det \u00e4ven tydligt hur Brysselkontorets sammanst\u00e4llning \u201dOmv\u00e4rldsbevakning\u201d i maj ligger till grund f\u00f6r \u00e4garnas uppdragsbeskrivningar i de l\u00e4nsspecifika dokumenten, som i sin tur ligger till grund f\u00f6r n\u00e4stkommande \u00e5rs verksamhetsplan och planeringsm\u00f6tena under Brysselkontorets \u00e5rliga januarirundtur.<\/p>\n<p>Senare i v\u00e5r, n\u00e4r fler datum \u00e4r k\u00e4nda, kommer \u00e4ven ett \u00e5rshjul f\u00f6r evenemang att tas fram.<\/p>\n<h2 style=\"text-align: justify;\">European Week of Regions and Cities<\/h2>\n<p style=\"text-align: justify;\">Den 12-14 oktober g\u00e5r European Week of Regions and Cities (EWRC) av stapeln i Bryssel! Under denna vecka samlas handl\u00e4ggare och politiker fr\u00e5n hela Europa f\u00f6r att knyta kontakter och diskutera regional och lokal utveckling \u2013 ett slags Almedalen f\u00f6r Europa. Varmt v\u00e4lkommen att kontakta v\u00e5rt Brysselkontor f\u00f6r ytterligare information.<\/p>\n<h2 style=\"text-align: justify;\">Kalender<\/h2>\n<p style=\"text-align: justify;\">H\u00e4ndelserna som vi l\u00e4gger upp \u00e4r ett urval av alla aktiviteter som h\u00e4nder p\u00e5 Brysselarenan. H\u00f6r av dig om du tycker vi gl\u00f6mt n\u00e5got som borde vara med! Brysselkontoret bevakar de flesta av dessa event:<\/p>\n","protected":false},"excerpt":{"rendered":"<p>SBHSS \u00e5rshjul F\u00f6r att underl\u00e4tta planeringen tar Brysselkontoret varje \u00e5r fram ett \u00e5rshjul f\u00f6r v\u00e5ra interna aktiviteter s\u00e5 som styr- och chefsgruppsm\u00f6ten samt v\u00e5r \u00e5rliga konferens Europaforum. Med \u00e5rshjulet blir det \u00e4ven tydligt hur Brysselkontorets sammanst\u00e4llning \u201dOmv\u00e4rldsbevakning\u201d i maj ligger till grund f\u00f6r \u00e4garnas uppdragsbeskrivningar i de l\u00e4nsspecifika dokumenten, som i sin tur ligger till [&hellip;]<\/p>\n","protected":false},"author":1,"featured_media":0,"parent":0,"menu_order":23,"comment_status":"closed","ping_status":"closed","template":"page_calendar.php","meta":{"_acf_changed":false,"footnotes":"","advanced-sidebar-menu\/link-title":"Evenemang och kalender","advanced-sidebar-menu\/exclude-page":false},"class_list":["post-239","page","type-page","status-publish","hentry"],"acf":[],"yoast_head":"<!-- This site is optimized with the Yoast SEO plugin v27.2 - https:\/\/yoast.com\/product\/yoast-seo-wordpress\/ -->\n<title>Evenemang och kalender - SBHSS<\/title>\n<meta name=\"robots\" content=\"index, follow, max-snippet:-1, max-image-preview:large, max-video-preview:-1\" \/>\n<link rel=\"canonical\" href=\"https:\/\/www.sbhss.eu\/sv\/kalender\/\" \/>\n<meta property=\"og:locale\" content=\"sv_SE\" \/>\n<meta property=\"og:type\" content=\"article\" \/>\n<meta property=\"og:title\" content=\"Evenemang och kalender - SBHSS\" \/>\n<meta property=\"og:description\" content=\"SBHSS \u00e5rshjul F\u00f6r att underl\u00e4tta planeringen tar Brysselkontoret varje \u00e5r fram ett \u00e5rshjul f\u00f6r v\u00e5ra interna aktiviteter s\u00e5 som styr- och chefsgruppsm\u00f6ten samt v\u00e5r \u00e5rliga konferens Europaforum. Med \u00e5rshjulet blir det \u00e4ven tydligt hur Brysselkontorets sammanst\u00e4llning \u201dOmv\u00e4rldsbevakning\u201d i maj ligger till grund f\u00f6r \u00e4garnas uppdragsbeskrivningar i de l\u00e4nsspecifika dokumenten, som i sin tur ligger till [&hellip;]\" \/>\n<meta property=\"og:url\" content=\"https:\/\/www.sbhss.eu\/sv\/kalender\/\" \/>\n<meta property=\"og:site_name\" content=\"SBHSS\" \/>\n<meta property=\"article:modified_time\" content=\"2026-03-23T11:02:43+00:00\" \/>\n<meta property=\"og:image\" content=\"https:\/\/www.sbhss.eu\/wp-content\/uploads\/2025\/02\/ta-denna.png\" \/>\n\t<meta property=\"og:image:width\" content=\"1230\" \/>\n\t<meta property=\"og:image:height\" content=\"759\" \/>\n\t<meta property=\"og:image:type\" content=\"image\/png\" \/>\n<meta name=\"twitter:card\" content=\"summary_large_image\" \/>\n<meta name=\"twitter:label1\" content=\"Ber\u00e4knad l\u00e4stid\" \/>\n\t<meta name=\"twitter:data1\" content=\"1 minut\" \/>\n<script type=\"application\/ld+json\" class=\"yoast-schema-graph\">{\"@context\":\"https:\/\/schema.org\",\"@graph\":[{\"@type\":\"WebPage\",\"@id\":\"https:\/\/www.sbhss.eu\/sv\/kalender\/\",\"url\":\"https:\/\/www.sbhss.eu\/sv\/kalender\/\",\"name\":\"Evenemang och kalender - SBHSS\",\"isPartOf\":{\"@id\":\"https:\/\/www.sbhss.eu\/#website\"},\"primaryImageOfPage\":{\"@id\":\"https:\/\/www.sbhss.eu\/sv\/kalender\/#primaryimage\"},\"image\":{\"@id\":\"https:\/\/www.sbhss.eu\/sv\/kalender\/#primaryimage\"},\"thumbnailUrl\":\"https:\/\/www.sbhss.eu\/wp-content\/uploads\/2025\/02\/ta-denna-1024x632.png\",\"datePublished\":\"2021-05-04T12:34:51+00:00\",\"dateModified\":\"2026-03-23T11:02:43+00:00\",\"breadcrumb\":{\"@id\":\"https:\/\/www.sbhss.eu\/sv\/kalender\/#breadcrumb\"},\"inLanguage\":\"sv-SE\",\"potentialAction\":[{\"@type\":\"ReadAction\",\"target\":[\"https:\/\/www.sbhss.eu\/sv\/kalender\/\"]}]},{\"@type\":\"ImageObject\",\"inLanguage\":\"sv-SE\",\"@id\":\"https:\/\/www.sbhss.eu\/sv\/kalender\/#primaryimage\",\"url\":\"https:\/\/www.sbhss.eu\/wp-content\/uploads\/2025\/02\/ta-denna-1024x632.png\",\"contentUrl\":\"https:\/\/www.sbhss.eu\/wp-content\/uploads\/2025\/02\/ta-denna-1024x632.png\"},{\"@type\":\"BreadcrumbList\",\"@id\":\"https:\/\/www.sbhss.eu\/sv\/kalender\/#breadcrumb\",\"itemListElement\":[{\"@type\":\"ListItem\",\"position\":1,\"name\":\"Hem\",\"item\":\"https:\/\/www.sbhss.eu\/sv\/\"},{\"@type\":\"ListItem\",\"position\":2,\"name\":\"Evenemang och kalender\"}]},{\"@type\":\"WebSite\",\"@id\":\"https:\/\/www.sbhss.eu\/#website\",\"url\":\"https:\/\/www.sbhss.eu\/\",\"name\":\"SBHSS\",\"description\":\"\",\"potentialAction\":[{\"@type\":\"SearchAction\",\"target\":{\"@type\":\"EntryPoint\",\"urlTemplate\":\"https:\/\/www.sbhss.eu\/?s={search_term_string}\"},\"query-input\":{\"@type\":\"PropertyValueSpecification\",\"valueRequired\":true,\"valueName\":\"search_term_string\"}}],\"inLanguage\":\"sv-SE\"}]}<\/script>\n<!-- \/ Yoast SEO plugin. -->","yoast_head_json":{"title":"Evenemang och kalender - SBHSS","robots":{"index":"index","follow":"follow","max-snippet":"max-snippet:-1","max-image-preview":"max-image-preview:large","max-video-preview":"max-video-preview:-1"},"canonical":"https:\/\/www.sbhss.eu\/sv\/kalender\/","og_locale":"sv_SE","og_type":"article","og_title":"Evenemang och kalender - SBHSS","og_description":"SBHSS \u00e5rshjul F\u00f6r att underl\u00e4tta planeringen tar Brysselkontoret varje \u00e5r fram ett \u00e5rshjul f\u00f6r v\u00e5ra interna aktiviteter s\u00e5 som styr- och chefsgruppsm\u00f6ten samt v\u00e5r \u00e5rliga konferens Europaforum. Med \u00e5rshjulet blir det \u00e4ven tydligt hur Brysselkontorets sammanst\u00e4llning \u201dOmv\u00e4rldsbevakning\u201d i maj ligger till grund f\u00f6r \u00e4garnas uppdragsbeskrivningar i de l\u00e4nsspecifika dokumenten, som i sin tur ligger till [&hellip;]","og_url":"https:\/\/www.sbhss.eu\/sv\/kalender\/","og_site_name":"SBHSS","article_modified_time":"2026-03-23T11:02:43+00:00","og_image":[{"width":1230,"height":759,"url":"https:\/\/www.sbhss.eu\/wp-content\/uploads\/2025\/02\/ta-denna.png","type":"image\/png"}],"twitter_card":"summary_large_image","twitter_misc":{"Ber\u00e4knad l\u00e4stid":"1 minut"},"schema":{"@context":"https:\/\/schema.org","@graph":[{"@type":"WebPage","@id":"https:\/\/www.sbhss.eu\/sv\/kalender\/","url":"https:\/\/www.sbhss.eu\/sv\/kalender\/","name":"Evenemang och kalender - SBHSS","isPartOf":{"@id":"https:\/\/www.sbhss.eu\/#website"},"primaryImageOfPage":{"@id":"https:\/\/www.sbhss.eu\/sv\/kalender\/#primaryimage"},"image":{"@id":"https:\/\/www.sbhss.eu\/sv\/kalender\/#primaryimage"},"thumbnailUrl":"https:\/\/www.sbhss.eu\/wp-content\/uploads\/2025\/02\/ta-denna-1024x632.png","datePublished":"2021-05-04T12:34:51+00:00","dateModified":"2026-03-23T11:02:43+00:00","breadcrumb":{"@id":"https:\/\/www.sbhss.eu\/sv\/kalender\/#breadcrumb"},"inLanguage":"sv-SE","potentialAction":[{"@type":"ReadAction","target":["https:\/\/www.sbhss.eu\/sv\/kalender\/"]}]},{"@type":"ImageObject","inLanguage":"sv-SE","@id":"https:\/\/www.sbhss.eu\/sv\/kalender\/#primaryimage","url":"https:\/\/www.sbhss.eu\/wp-content\/uploads\/2025\/02\/ta-denna-1024x632.png","contentUrl":"https:\/\/www.sbhss.eu\/wp-content\/uploads\/2025\/02\/ta-denna-1024x632.png"},{"@type":"BreadcrumbList","@id":"https:\/\/www.sbhss.eu\/sv\/kalender\/#breadcrumb","itemListElement":[{"@type":"ListItem","position":1,"name":"Hem","item":"https:\/\/www.sbhss.eu\/sv\/"},{"@type":"ListItem","position":2,"name":"Evenemang och kalender"}]},{"@type":"WebSite","@id":"https:\/\/www.sbhss.eu\/#website","url":"https:\/\/www.sbhss.eu\/","name":"SBHSS","description":"","potentialAction":[{"@type":"SearchAction","target":{"@type":"EntryPoint","urlTemplate":"https:\/\/www.sbhss.eu\/?s={search_term_string}"},"query-input":{"@type":"PropertyValueSpecification","valueRequired":true,"valueName":"search_term_string"}}],"inLanguage":"sv-SE"}]}},"_links":{"self":[{"href":"https:\/\/www.sbhss.eu\/sv\/wp-json\/wp\/v2\/pages\/239","targetHints":{"allow":["GET"]}}],"collection":[{"href":"https:\/\/www.sbhss.eu\/sv\/wp-json\/wp\/v2\/pages"}],"about":[{"href":"https:\/\/www.sbhss.eu\/sv\/wp-json\/wp\/v2\/types\/page"}],"author":[{"embeddable":true,"href":"https:\/\/www.sbhss.eu\/sv\/wp-json\/wp\/v2\/users\/1"}],"replies":[{"embeddable":true,"href":"https:\/\/www.sbhss.eu\/sv\/wp-json\/wp\/v2\/comments?post=239"}],"version-history":[{"count":21,"href":"https:\/\/www.sbhss.eu\/sv\/wp-json\/wp\/v2\/pages\/239\/revisions"}],"predecessor-version":[{"id":9650,"href":"https:\/\/www.sbhss.eu\/sv\/wp-json\/wp\/v2\/pages\/239\/revisions\/9650"}],"wp:attachment":[{"href":"https:\/\/www.sbhss.eu\/sv\/wp-json\/wp\/v2\/media?parent=239"}],"curies":[{"name":"wp","href":"https:\/\/api.w.org\/{rel}","templated":true}]}}