{"id":246,"date":"2021-05-04T12:38:29","date_gmt":"2021-05-04T12:38:29","guid":{"rendered":"https:\/\/staging.webbskisser.se\/sbhss\/?page_id=246"},"modified":"2026-02-23T15:00:37","modified_gmt":"2026-02-23T15:00:37","slug":"nyhetsbrev","status":"publish","type":"page","link":"https:\/\/www.sbhss.eu\/sv\/nyhetsbrev\/","title":{"rendered":"Nyhetsbrev"},"content":{"rendered":"<p style=\"text-align: justify;\">Ut\u00f6ver kontinuerlig kontakt mellan Brysselkontoret och v\u00e5ra medlemmar skickar Brysselkontoret ut l\u00f6pande kommunikation under \u00e5ret:<\/p>\n<p style=\"text-align: justify;\"><strong>Veckobrevet\u00a0<\/strong>riktar sig till Sm\u00e5land-Blekinge-Hallands kontaktpersoner och skickas ut varje vecka. Brysselarenans h\u00f6ga tempo och snabba ledtider inneb\u00e4r m\u00f6jligheter till aktiviteter med kort framf\u00f6rh\u00e5llning. Informationen syftar till att presentera f\u00f6rslag och information som kan verkst\u00e4lla \u00e4garnas planer. Akt\u00f6rer i Sm\u00e5land-Blekinge-Halland \u00e4r v\u00e4lkomna att prenumerera p\u00e5 veckobrevet.<\/p>\n<p style=\"text-align: justify;\"><strong>Brysselbrevet\u00a0<\/strong>skickas ut n\u00e5gra g\u00e5nger om \u00e5ret till en bred skara l\u00e4sare i v\u00e5ra regioner. Nyhetsbrevet belyser storpolitik fr\u00e5n ett regionalt perspektiv och syftar till att inspirera till europeiskt engagemang f\u00f6r bland Sm\u00e5land-Blekinge-Hallands akt\u00f6rer.\u00a0Alla \u00e4r v\u00e4lkomna att prenumerera p\u00e5 Brysselbrevet.<\/p>\n<p style=\"text-align: justify;\"><strong>Tematiska f\u00f6rdjupningar\u00a0<\/strong>skickas ut efter best\u00e4llning fr\u00e5n v\u00e5ra medlemmar och\/eller om stora f\u00f6r\u00e4ndringar inom ett omr\u00e5de f\u00f6ranleder behov till f\u00f6rdjupad analys och kommunikation.<\/p>\n<p><strong>F\u00f6r att prenumerera p\u00e5 v\u00e5ra nyhetsbrev, v\u00e4nligen mejla contact@sbhss.eu genom att f\u00f6lja l\u00e4nkarna nedan s\u00e5 blir du tillagd i s\u00e4ndlistan.<\/strong><\/p>\n<p data-start=\"235\" data-end=\"319\"><a href=\"mailto:contact@sbhss.eu?subject=Prenumerera%20p\u00e5%20Veckobrevet\">Veckobrevet<\/a><\/p>\n<p data-start=\"235\" data-end=\"319\"><a href=\"mailto:contact@sbhss.eu?subject=Prenumerera%20p\u00e5%20Brysselbrevet\">Brysselbrevet<\/a><\/p>\n","protected":false},"excerpt":{"rendered":"<p>Ut\u00f6ver kontinuerlig kontakt mellan Brysselkontoret och v\u00e5ra medlemmar skickar Brysselkontoret ut l\u00f6pande kommunikation under \u00e5ret: Veckobrevet\u00a0riktar sig till Sm\u00e5land-Blekinge-Hallands kontaktpersoner och skickas ut varje vecka. Brysselarenans h\u00f6ga tempo och snabba ledtider inneb\u00e4r m\u00f6jligheter till aktiviteter med kort framf\u00f6rh\u00e5llning. Informationen syftar till att presentera f\u00f6rslag och information som kan verkst\u00e4lla \u00e4garnas planer. Akt\u00f6rer i Sm\u00e5land-Blekinge-Halland \u00e4r [&hellip;]<\/p>\n","protected":false},"author":1,"featured_media":0,"parent":0,"menu_order":20,"comment_status":"closed","ping_status":"closed","template":"page_newsletter.php","meta":{"_acf_changed":false,"footnotes":"","advanced-sidebar-menu\/link-title":"","advanced-sidebar-menu\/exclude-page":false},"class_list":["post-246","page","type-page","status-publish","hentry"],"acf":[],"yoast_head":"<!-- This site is optimized with the Yoast SEO plugin v27.2 - https:\/\/yoast.com\/product\/yoast-seo-wordpress\/ -->\n<title>Nyhetsbrev - SBHSS<\/title>\n<meta name=\"robots\" content=\"index, follow, max-snippet:-1, max-image-preview:large, max-video-preview:-1\" \/>\n<link rel=\"canonical\" href=\"https:\/\/www.sbhss.eu\/sv\/nyhetsbrev\/\" \/>\n<meta property=\"og:locale\" content=\"sv_SE\" \/>\n<meta property=\"og:type\" content=\"article\" \/>\n<meta property=\"og:title\" content=\"Nyhetsbrev - SBHSS\" \/>\n<meta property=\"og:description\" content=\"Ut\u00f6ver kontinuerlig kontakt mellan Brysselkontoret och v\u00e5ra medlemmar skickar Brysselkontoret ut l\u00f6pande kommunikation under \u00e5ret: Veckobrevet\u00a0riktar sig till Sm\u00e5land-Blekinge-Hallands kontaktpersoner och skickas ut varje vecka. Brysselarenans h\u00f6ga tempo och snabba ledtider inneb\u00e4r m\u00f6jligheter till aktiviteter med kort framf\u00f6rh\u00e5llning. Informationen syftar till att presentera f\u00f6rslag och information som kan verkst\u00e4lla \u00e4garnas planer. Akt\u00f6rer i Sm\u00e5land-Blekinge-Halland \u00e4r [&hellip;]\" \/>\n<meta property=\"og:url\" content=\"https:\/\/www.sbhss.eu\/sv\/nyhetsbrev\/\" \/>\n<meta property=\"og:site_name\" content=\"SBHSS\" \/>\n<meta property=\"article:modified_time\" content=\"2026-02-23T15:00:37+00:00\" \/>\n<meta name=\"twitter:card\" content=\"summary_large_image\" \/>\n<meta name=\"twitter:label1\" content=\"Ber\u00e4knad l\u00e4stid\" \/>\n\t<meta name=\"twitter:data1\" content=\"1 minut\" \/>\n<script type=\"application\/ld+json\" class=\"yoast-schema-graph\">{\"@context\":\"https:\/\/schema.org\",\"@graph\":[{\"@type\":\"WebPage\",\"@id\":\"https:\/\/www.sbhss.eu\/sv\/nyhetsbrev\/\",\"url\":\"https:\/\/www.sbhss.eu\/sv\/nyhetsbrev\/\",\"name\":\"Nyhetsbrev - SBHSS\",\"isPartOf\":{\"@id\":\"https:\/\/www.sbhss.eu\/#website\"},\"datePublished\":\"2021-05-04T12:38:29+00:00\",\"dateModified\":\"2026-02-23T15:00:37+00:00\",\"breadcrumb\":{\"@id\":\"https:\/\/www.sbhss.eu\/sv\/nyhetsbrev\/#breadcrumb\"},\"inLanguage\":\"sv-SE\",\"potentialAction\":[{\"@type\":\"ReadAction\",\"target\":[\"https:\/\/www.sbhss.eu\/sv\/nyhetsbrev\/\"]}]},{\"@type\":\"BreadcrumbList\",\"@id\":\"https:\/\/www.sbhss.eu\/sv\/nyhetsbrev\/#breadcrumb\",\"itemListElement\":[{\"@type\":\"ListItem\",\"position\":1,\"name\":\"Hem\",\"item\":\"https:\/\/www.sbhss.eu\/sv\/\"},{\"@type\":\"ListItem\",\"position\":2,\"name\":\"Nyhetsbrev\"}]},{\"@type\":\"WebSite\",\"@id\":\"https:\/\/www.sbhss.eu\/#website\",\"url\":\"https:\/\/www.sbhss.eu\/\",\"name\":\"SBHSS\",\"description\":\"\",\"potentialAction\":[{\"@type\":\"SearchAction\",\"target\":{\"@type\":\"EntryPoint\",\"urlTemplate\":\"https:\/\/www.sbhss.eu\/?s={search_term_string}\"},\"query-input\":{\"@type\":\"PropertyValueSpecification\",\"valueRequired\":true,\"valueName\":\"search_term_string\"}}],\"inLanguage\":\"sv-SE\"}]}<\/script>\n<!-- \/ Yoast SEO plugin. -->","yoast_head_json":{"title":"Nyhetsbrev - SBHSS","robots":{"index":"index","follow":"follow","max-snippet":"max-snippet:-1","max-image-preview":"max-image-preview:large","max-video-preview":"max-video-preview:-1"},"canonical":"https:\/\/www.sbhss.eu\/sv\/nyhetsbrev\/","og_locale":"sv_SE","og_type":"article","og_title":"Nyhetsbrev - SBHSS","og_description":"Ut\u00f6ver kontinuerlig kontakt mellan Brysselkontoret och v\u00e5ra medlemmar skickar Brysselkontoret ut l\u00f6pande kommunikation under \u00e5ret: Veckobrevet\u00a0riktar sig till Sm\u00e5land-Blekinge-Hallands kontaktpersoner och skickas ut varje vecka. Brysselarenans h\u00f6ga tempo och snabba ledtider inneb\u00e4r m\u00f6jligheter till aktiviteter med kort framf\u00f6rh\u00e5llning. Informationen syftar till att presentera f\u00f6rslag och information som kan verkst\u00e4lla \u00e4garnas planer. Akt\u00f6rer i Sm\u00e5land-Blekinge-Halland \u00e4r [&hellip;]","og_url":"https:\/\/www.sbhss.eu\/sv\/nyhetsbrev\/","og_site_name":"SBHSS","article_modified_time":"2026-02-23T15:00:37+00:00","twitter_card":"summary_large_image","twitter_misc":{"Ber\u00e4knad l\u00e4stid":"1 minut"},"schema":{"@context":"https:\/\/schema.org","@graph":[{"@type":"WebPage","@id":"https:\/\/www.sbhss.eu\/sv\/nyhetsbrev\/","url":"https:\/\/www.sbhss.eu\/sv\/nyhetsbrev\/","name":"Nyhetsbrev - SBHSS","isPartOf":{"@id":"https:\/\/www.sbhss.eu\/#website"},"datePublished":"2021-05-04T12:38:29+00:00","dateModified":"2026-02-23T15:00:37+00:00","breadcrumb":{"@id":"https:\/\/www.sbhss.eu\/sv\/nyhetsbrev\/#breadcrumb"},"inLanguage":"sv-SE","potentialAction":[{"@type":"ReadAction","target":["https:\/\/www.sbhss.eu\/sv\/nyhetsbrev\/"]}]},{"@type":"BreadcrumbList","@id":"https:\/\/www.sbhss.eu\/sv\/nyhetsbrev\/#breadcrumb","itemListElement":[{"@type":"ListItem","position":1,"name":"Hem","item":"https:\/\/www.sbhss.eu\/sv\/"},{"@type":"ListItem","position":2,"name":"Nyhetsbrev"}]},{"@type":"WebSite","@id":"https:\/\/www.sbhss.eu\/#website","url":"https:\/\/www.sbhss.eu\/","name":"SBHSS","description":"","potentialAction":[{"@type":"SearchAction","target":{"@type":"EntryPoint","urlTemplate":"https:\/\/www.sbhss.eu\/?s={search_term_string}"},"query-input":{"@type":"PropertyValueSpecification","valueRequired":true,"valueName":"search_term_string"}}],"inLanguage":"sv-SE"}]}},"_links":{"self":[{"href":"https:\/\/www.sbhss.eu\/sv\/wp-json\/wp\/v2\/pages\/246","targetHints":{"allow":["GET"]}}],"collection":[{"href":"https:\/\/www.sbhss.eu\/sv\/wp-json\/wp\/v2\/pages"}],"about":[{"href":"https:\/\/www.sbhss.eu\/sv\/wp-json\/wp\/v2\/types\/page"}],"author":[{"embeddable":true,"href":"https:\/\/www.sbhss.eu\/sv\/wp-json\/wp\/v2\/users\/1"}],"replies":[{"embeddable":true,"href":"https:\/\/www.sbhss.eu\/sv\/wp-json\/wp\/v2\/comments?post=246"}],"version-history":[{"count":32,"href":"https:\/\/www.sbhss.eu\/sv\/wp-json\/wp\/v2\/pages\/246\/revisions"}],"predecessor-version":[{"id":9411,"href":"https:\/\/www.sbhss.eu\/sv\/wp-json\/wp\/v2\/pages\/246\/revisions\/9411"}],"wp:attachment":[{"href":"https:\/\/www.sbhss.eu\/sv\/wp-json\/wp\/v2\/media?parent=246"}],"curies":[{"name":"wp","href":"https:\/\/api.w.org\/{rel}","templated":true}]}}