{"id":249,"date":"2021-05-04T12:39:39","date_gmt":"2021-05-04T12:39:39","guid":{"rendered":"https:\/\/staging.webbskisser.se\/sbhss\/?page_id=249"},"modified":"2026-02-04T15:20:08","modified_gmt":"2026-02-04T15:20:08","slug":"besok-oss","status":"publish","type":"page","link":"https:\/\/www.sbhss.eu\/sv\/besok-oss\/","title":{"rendered":"Bes\u00f6k oss"},"content":{"rendered":"<p style=\"text-align: justify;\">Bryssel \u00e4r en samlingsplats f\u00f6r akt\u00f6rer som verkar inom offentlig och privat sektor som vill delta i utformningen av europeisk politik. Sm\u00e5land-Blekinge-Halland Brysselkontor \u00e4r bel\u00e4get i Bryssels EU-kvarter med fem minuters avst\u00e5nd till flera av EU:s institutioner, perfekt f\u00f6r dig som vill bes\u00f6ka Bryssel f\u00f6r att g\u00f6ra din r\u00f6st h\u00f6rd, utbyta erfarenheter eller skapa kontakter inom ditt intresseomr\u00e5de!<\/p>\n<p style=\"text-align: justify;\">\u00c4r du politiker, tj\u00e4nsteperson eller forskare hos v\u00e5ra \u00e4gare i Sm\u00e5land-Blekinge-Halland (eller med relevant anknytning till dem) kan du anv\u00e4nda Brysselkontorets lokaler som arbetsyta under tiden du befinner dig i Bryssel. Brysselkontoret tar g\u00e4rna emot bes\u00f6k fr\u00e5n v\u00e5ra regioner och hj\u00e4lper g\u00e4rna till att skapa kontaktytor mellan dig och europeiska beslutsfattare, n\u00e4tverk och akt\u00f6rer.<\/p>\n<p style=\"text-align: justify;\">\u00c4r ni en grupp fr\u00e5n Sm\u00e5land-Blekinge-Halland som planerar ett studiebes\u00f6k i Bryssel? V\u00e4lkomna till Sm\u00e5land-Blekinge-Hallands kontor f\u00f6r en presentation om kontorets arbete och EU:s betydelsefulla roll f\u00f6r regional utveckling (Brysselkontoret m\u00f6tesrum rymmer cirka 15 personer, men vi kan ha flera pass om ni \u00e4r en st\u00f6rre grupp). F\u00f6r SBHSS \u00e4gare skapar vi \u00e4ven bes\u00f6ksprogram med intressanta presentationer fr\u00e5n relevanta f\u00f6redragsh\u00e5llare!<\/p>\n","protected":false},"excerpt":{"rendered":"<p>Bryssel \u00e4r en samlingsplats f\u00f6r akt\u00f6rer som verkar inom offentlig och privat sektor som vill delta i utformningen av europeisk politik. Sm\u00e5land-Blekinge-Halland Brysselkontor \u00e4r bel\u00e4get i Bryssels EU-kvarter med fem minuters avst\u00e5nd till flera av EU:s institutioner, perfekt f\u00f6r dig som vill bes\u00f6ka Bryssel f\u00f6r att g\u00f6ra din r\u00f6st h\u00f6rd, utbyta erfarenheter eller skapa kontakter [&hellip;]<\/p>\n","protected":false},"author":1,"featured_media":0,"parent":0,"menu_order":4,"comment_status":"closed","ping_status":"closed","template":"","meta":{"_acf_changed":false,"footnotes":"","advanced-sidebar-menu\/link-title":"","advanced-sidebar-menu\/exclude-page":false},"class_list":["post-249","page","type-page","status-publish","hentry"],"acf":[],"yoast_head":"<!-- This site is optimized with the Yoast SEO plugin v27.2 - https:\/\/yoast.com\/product\/yoast-seo-wordpress\/ -->\n<title>Bes\u00f6k oss - SBHSS<\/title>\n<meta name=\"robots\" content=\"index, follow, max-snippet:-1, max-image-preview:large, max-video-preview:-1\" \/>\n<link rel=\"canonical\" href=\"https:\/\/www.sbhss.eu\/sv\/besok-oss\/\" \/>\n<meta property=\"og:locale\" content=\"sv_SE\" \/>\n<meta property=\"og:type\" content=\"article\" \/>\n<meta property=\"og:title\" content=\"Bes\u00f6k oss - SBHSS\" \/>\n<meta property=\"og:description\" content=\"Bryssel \u00e4r en samlingsplats f\u00f6r akt\u00f6rer som verkar inom offentlig och privat sektor som vill delta i utformningen av europeisk politik. Sm\u00e5land-Blekinge-Halland Brysselkontor \u00e4r bel\u00e4get i Bryssels EU-kvarter med fem minuters avst\u00e5nd till flera av EU:s institutioner, perfekt f\u00f6r dig som vill bes\u00f6ka Bryssel f\u00f6r att g\u00f6ra din r\u00f6st h\u00f6rd, utbyta erfarenheter eller skapa kontakter [&hellip;]\" \/>\n<meta property=\"og:url\" content=\"https:\/\/www.sbhss.eu\/sv\/besok-oss\/\" \/>\n<meta property=\"og:site_name\" content=\"SBHSS\" \/>\n<meta property=\"article:modified_time\" content=\"2026-02-04T15:20:08+00:00\" \/>\n<meta name=\"twitter:card\" content=\"summary_large_image\" \/>\n<meta name=\"twitter:label1\" content=\"Ber\u00e4knad l\u00e4stid\" \/>\n\t<meta name=\"twitter:data1\" content=\"1 minut\" \/>\n<script type=\"application\/ld+json\" class=\"yoast-schema-graph\">{\"@context\":\"https:\/\/schema.org\",\"@graph\":[{\"@type\":\"WebPage\",\"@id\":\"https:\/\/www.sbhss.eu\/sv\/besok-oss\/\",\"url\":\"https:\/\/www.sbhss.eu\/sv\/besok-oss\/\",\"name\":\"Bes\u00f6k oss - SBHSS\",\"isPartOf\":{\"@id\":\"https:\/\/www.sbhss.eu\/#website\"},\"datePublished\":\"2021-05-04T12:39:39+00:00\",\"dateModified\":\"2026-02-04T15:20:08+00:00\",\"breadcrumb\":{\"@id\":\"https:\/\/www.sbhss.eu\/sv\/besok-oss\/#breadcrumb\"},\"inLanguage\":\"sv-SE\",\"potentialAction\":[{\"@type\":\"ReadAction\",\"target\":[\"https:\/\/www.sbhss.eu\/sv\/besok-oss\/\"]}]},{\"@type\":\"BreadcrumbList\",\"@id\":\"https:\/\/www.sbhss.eu\/sv\/besok-oss\/#breadcrumb\",\"itemListElement\":[{\"@type\":\"ListItem\",\"position\":1,\"name\":\"Hem\",\"item\":\"https:\/\/www.sbhss.eu\/sv\/\"},{\"@type\":\"ListItem\",\"position\":2,\"name\":\"Bes\u00f6k oss\"}]},{\"@type\":\"WebSite\",\"@id\":\"https:\/\/www.sbhss.eu\/#website\",\"url\":\"https:\/\/www.sbhss.eu\/\",\"name\":\"SBHSS\",\"description\":\"\",\"potentialAction\":[{\"@type\":\"SearchAction\",\"target\":{\"@type\":\"EntryPoint\",\"urlTemplate\":\"https:\/\/www.sbhss.eu\/?s={search_term_string}\"},\"query-input\":{\"@type\":\"PropertyValueSpecification\",\"valueRequired\":true,\"valueName\":\"search_term_string\"}}],\"inLanguage\":\"sv-SE\"}]}<\/script>\n<!-- \/ Yoast SEO plugin. -->","yoast_head_json":{"title":"Bes\u00f6k oss - SBHSS","robots":{"index":"index","follow":"follow","max-snippet":"max-snippet:-1","max-image-preview":"max-image-preview:large","max-video-preview":"max-video-preview:-1"},"canonical":"https:\/\/www.sbhss.eu\/sv\/besok-oss\/","og_locale":"sv_SE","og_type":"article","og_title":"Bes\u00f6k oss - SBHSS","og_description":"Bryssel \u00e4r en samlingsplats f\u00f6r akt\u00f6rer som verkar inom offentlig och privat sektor som vill delta i utformningen av europeisk politik. Sm\u00e5land-Blekinge-Halland Brysselkontor \u00e4r bel\u00e4get i Bryssels EU-kvarter med fem minuters avst\u00e5nd till flera av EU:s institutioner, perfekt f\u00f6r dig som vill bes\u00f6ka Bryssel f\u00f6r att g\u00f6ra din r\u00f6st h\u00f6rd, utbyta erfarenheter eller skapa kontakter [&hellip;]","og_url":"https:\/\/www.sbhss.eu\/sv\/besok-oss\/","og_site_name":"SBHSS","article_modified_time":"2026-02-04T15:20:08+00:00","twitter_card":"summary_large_image","twitter_misc":{"Ber\u00e4knad l\u00e4stid":"1 minut"},"schema":{"@context":"https:\/\/schema.org","@graph":[{"@type":"WebPage","@id":"https:\/\/www.sbhss.eu\/sv\/besok-oss\/","url":"https:\/\/www.sbhss.eu\/sv\/besok-oss\/","name":"Bes\u00f6k oss - SBHSS","isPartOf":{"@id":"https:\/\/www.sbhss.eu\/#website"},"datePublished":"2021-05-04T12:39:39+00:00","dateModified":"2026-02-04T15:20:08+00:00","breadcrumb":{"@id":"https:\/\/www.sbhss.eu\/sv\/besok-oss\/#breadcrumb"},"inLanguage":"sv-SE","potentialAction":[{"@type":"ReadAction","target":["https:\/\/www.sbhss.eu\/sv\/besok-oss\/"]}]},{"@type":"BreadcrumbList","@id":"https:\/\/www.sbhss.eu\/sv\/besok-oss\/#breadcrumb","itemListElement":[{"@type":"ListItem","position":1,"name":"Hem","item":"https:\/\/www.sbhss.eu\/sv\/"},{"@type":"ListItem","position":2,"name":"Bes\u00f6k oss"}]},{"@type":"WebSite","@id":"https:\/\/www.sbhss.eu\/#website","url":"https:\/\/www.sbhss.eu\/","name":"SBHSS","description":"","potentialAction":[{"@type":"SearchAction","target":{"@type":"EntryPoint","urlTemplate":"https:\/\/www.sbhss.eu\/?s={search_term_string}"},"query-input":{"@type":"PropertyValueSpecification","valueRequired":true,"valueName":"search_term_string"}}],"inLanguage":"sv-SE"}]}},"_links":{"self":[{"href":"https:\/\/www.sbhss.eu\/sv\/wp-json\/wp\/v2\/pages\/249","targetHints":{"allow":["GET"]}}],"collection":[{"href":"https:\/\/www.sbhss.eu\/sv\/wp-json\/wp\/v2\/pages"}],"about":[{"href":"https:\/\/www.sbhss.eu\/sv\/wp-json\/wp\/v2\/types\/page"}],"author":[{"embeddable":true,"href":"https:\/\/www.sbhss.eu\/sv\/wp-json\/wp\/v2\/users\/1"}],"replies":[{"embeddable":true,"href":"https:\/\/www.sbhss.eu\/sv\/wp-json\/wp\/v2\/comments?post=249"}],"version-history":[{"count":15,"href":"https:\/\/www.sbhss.eu\/sv\/wp-json\/wp\/v2\/pages\/249\/revisions"}],"predecessor-version":[{"id":9273,"href":"https:\/\/www.sbhss.eu\/sv\/wp-json\/wp\/v2\/pages\/249\/revisions\/9273"}],"wp:attachment":[{"href":"https:\/\/www.sbhss.eu\/sv\/wp-json\/wp\/v2\/media?parent=249"}],"curies":[{"name":"wp","href":"https:\/\/api.w.org\/{rel}","templated":true}]}}