{"id":318,"date":"2021-06-15T06:54:20","date_gmt":"2021-06-15T06:54:20","guid":{"rendered":"https:\/\/staging.webbskisser.se\/sbhss\/?page_id=318"},"modified":"2026-02-05T15:42:21","modified_gmt":"2026-02-05T15:42:21","slug":"chefsgrupp","status":"publish","type":"page","link":"https:\/\/www.sbhss.eu\/sv\/om-oss\/styrning\/chefsgrupp\/","title":{"rendered":"Chefsgrupp"},"content":{"rendered":"<p style=\"text-align: justify;\">Chefsgruppen bereder styrgruppens \u00e4renden och m\u00f6ten samt ansvarar f\u00f6r l\u00f6pande avst\u00e4mningar med kontaktpersonsgruppen. Gruppen best\u00e5r av en ansvarig chef f\u00f6r regional utveckling fr\u00e5n respektive region, en representant, utsedd av rektor, fr\u00e5n respektive l\u00e4ros\u00e4te samt kontorschefen f\u00f6r Brysselkontoret.<\/p>\n","protected":false},"excerpt":{"rendered":"<p>Chefsgruppen bereder styrgruppens \u00e4renden och m\u00f6ten samt ansvarar f\u00f6r l\u00f6pande avst\u00e4mningar med kontaktpersonsgruppen. Gruppen best\u00e5r av en ansvarig chef f\u00f6r regional utveckling fr\u00e5n respektive region, en representant, utsedd av rektor, fr\u00e5n respektive l\u00e4ros\u00e4te samt kontorschefen f\u00f6r Brysselkontoret.<\/p>\n","protected":false},"author":1,"featured_media":0,"parent":1752,"menu_order":13,"comment_status":"closed","ping_status":"closed","template":"page_contact_xs.php","meta":{"_acf_changed":false,"footnotes":"","advanced-sidebar-menu\/link-title":"","advanced-sidebar-menu\/exclude-page":false},"class_list":["post-318","page","type-page","status-publish","hentry"],"acf":[],"yoast_head":"<!-- This site is optimized with the Yoast SEO plugin v27.2 - https:\/\/yoast.com\/product\/yoast-seo-wordpress\/ -->\n<title>Chefsgrupp - SBHSS<\/title>\n<meta name=\"robots\" content=\"index, follow, max-snippet:-1, max-image-preview:large, max-video-preview:-1\" \/>\n<link rel=\"canonical\" href=\"https:\/\/www.sbhss.eu\/sv\/om-oss\/styrning\/chefsgrupp\/\" \/>\n<meta property=\"og:locale\" content=\"sv_SE\" \/>\n<meta property=\"og:type\" content=\"article\" \/>\n<meta property=\"og:title\" content=\"Chefsgrupp - SBHSS\" \/>\n<meta property=\"og:description\" content=\"Chefsgruppen bereder styrgruppens \u00e4renden och m\u00f6ten samt ansvarar f\u00f6r l\u00f6pande avst\u00e4mningar med kontaktpersonsgruppen. Gruppen best\u00e5r av en ansvarig chef f\u00f6r regional utveckling fr\u00e5n respektive region, en representant, utsedd av rektor, fr\u00e5n respektive l\u00e4ros\u00e4te samt kontorschefen f\u00f6r Brysselkontoret.\" \/>\n<meta property=\"og:url\" content=\"https:\/\/www.sbhss.eu\/sv\/om-oss\/styrning\/chefsgrupp\/\" \/>\n<meta property=\"og:site_name\" content=\"SBHSS\" \/>\n<meta property=\"article:modified_time\" content=\"2026-02-05T15:42:21+00:00\" \/>\n<meta name=\"twitter:card\" content=\"summary_large_image\" \/>\n<meta name=\"twitter:label1\" content=\"Ber\u00e4knad l\u00e4stid\" \/>\n\t<meta name=\"twitter:data1\" content=\"1 minut\" \/>\n<script type=\"application\/ld+json\" class=\"yoast-schema-graph\">{\"@context\":\"https:\/\/schema.org\",\"@graph\":[{\"@type\":\"WebPage\",\"@id\":\"https:\/\/www.sbhss.eu\/sv\/om-oss\/styrning\/chefsgrupp\/\",\"url\":\"https:\/\/www.sbhss.eu\/sv\/om-oss\/styrning\/chefsgrupp\/\",\"name\":\"Chefsgrupp - SBHSS\",\"isPartOf\":{\"@id\":\"https:\/\/www.sbhss.eu\/#website\"},\"datePublished\":\"2021-06-15T06:54:20+00:00\",\"dateModified\":\"2026-02-05T15:42:21+00:00\",\"breadcrumb\":{\"@id\":\"https:\/\/www.sbhss.eu\/sv\/om-oss\/styrning\/chefsgrupp\/#breadcrumb\"},\"inLanguage\":\"sv-SE\",\"potentialAction\":[{\"@type\":\"ReadAction\",\"target\":[\"https:\/\/www.sbhss.eu\/sv\/om-oss\/styrning\/chefsgrupp\/\"]}]},{\"@type\":\"BreadcrumbList\",\"@id\":\"https:\/\/www.sbhss.eu\/sv\/om-oss\/styrning\/chefsgrupp\/#breadcrumb\",\"itemListElement\":[{\"@type\":\"ListItem\",\"position\":1,\"name\":\"Hem\",\"item\":\"https:\/\/www.sbhss.eu\/sv\/\"},{\"@type\":\"ListItem\",\"position\":2,\"name\":\"Om oss\",\"item\":\"https:\/\/www.sbhss.eu\/sv\/om-oss\/\"},{\"@type\":\"ListItem\",\"position\":3,\"name\":\"Styrning\",\"item\":\"https:\/\/www.sbhss.eu\/sv\/om-oss\/styrning\/\"},{\"@type\":\"ListItem\",\"position\":4,\"name\":\"Chefsgrupp\"}]},{\"@type\":\"WebSite\",\"@id\":\"https:\/\/www.sbhss.eu\/#website\",\"url\":\"https:\/\/www.sbhss.eu\/\",\"name\":\"SBHSS\",\"description\":\"\",\"potentialAction\":[{\"@type\":\"SearchAction\",\"target\":{\"@type\":\"EntryPoint\",\"urlTemplate\":\"https:\/\/www.sbhss.eu\/?s={search_term_string}\"},\"query-input\":{\"@type\":\"PropertyValueSpecification\",\"valueRequired\":true,\"valueName\":\"search_term_string\"}}],\"inLanguage\":\"sv-SE\"}]}<\/script>\n<!-- \/ Yoast SEO plugin. -->","yoast_head_json":{"title":"Chefsgrupp - SBHSS","robots":{"index":"index","follow":"follow","max-snippet":"max-snippet:-1","max-image-preview":"max-image-preview:large","max-video-preview":"max-video-preview:-1"},"canonical":"https:\/\/www.sbhss.eu\/sv\/om-oss\/styrning\/chefsgrupp\/","og_locale":"sv_SE","og_type":"article","og_title":"Chefsgrupp - SBHSS","og_description":"Chefsgruppen bereder styrgruppens \u00e4renden och m\u00f6ten samt ansvarar f\u00f6r l\u00f6pande avst\u00e4mningar med kontaktpersonsgruppen. Gruppen best\u00e5r av en ansvarig chef f\u00f6r regional utveckling fr\u00e5n respektive region, en representant, utsedd av rektor, fr\u00e5n respektive l\u00e4ros\u00e4te samt kontorschefen f\u00f6r Brysselkontoret.","og_url":"https:\/\/www.sbhss.eu\/sv\/om-oss\/styrning\/chefsgrupp\/","og_site_name":"SBHSS","article_modified_time":"2026-02-05T15:42:21+00:00","twitter_card":"summary_large_image","twitter_misc":{"Ber\u00e4knad l\u00e4stid":"1 minut"},"schema":{"@context":"https:\/\/schema.org","@graph":[{"@type":"WebPage","@id":"https:\/\/www.sbhss.eu\/sv\/om-oss\/styrning\/chefsgrupp\/","url":"https:\/\/www.sbhss.eu\/sv\/om-oss\/styrning\/chefsgrupp\/","name":"Chefsgrupp - SBHSS","isPartOf":{"@id":"https:\/\/www.sbhss.eu\/#website"},"datePublished":"2021-06-15T06:54:20+00:00","dateModified":"2026-02-05T15:42:21+00:00","breadcrumb":{"@id":"https:\/\/www.sbhss.eu\/sv\/om-oss\/styrning\/chefsgrupp\/#breadcrumb"},"inLanguage":"sv-SE","potentialAction":[{"@type":"ReadAction","target":["https:\/\/www.sbhss.eu\/sv\/om-oss\/styrning\/chefsgrupp\/"]}]},{"@type":"BreadcrumbList","@id":"https:\/\/www.sbhss.eu\/sv\/om-oss\/styrning\/chefsgrupp\/#breadcrumb","itemListElement":[{"@type":"ListItem","position":1,"name":"Hem","item":"https:\/\/www.sbhss.eu\/sv\/"},{"@type":"ListItem","position":2,"name":"Om oss","item":"https:\/\/www.sbhss.eu\/sv\/om-oss\/"},{"@type":"ListItem","position":3,"name":"Styrning","item":"https:\/\/www.sbhss.eu\/sv\/om-oss\/styrning\/"},{"@type":"ListItem","position":4,"name":"Chefsgrupp"}]},{"@type":"WebSite","@id":"https:\/\/www.sbhss.eu\/#website","url":"https:\/\/www.sbhss.eu\/","name":"SBHSS","description":"","potentialAction":[{"@type":"SearchAction","target":{"@type":"EntryPoint","urlTemplate":"https:\/\/www.sbhss.eu\/?s={search_term_string}"},"query-input":{"@type":"PropertyValueSpecification","valueRequired":true,"valueName":"search_term_string"}}],"inLanguage":"sv-SE"}]}},"_links":{"self":[{"href":"https:\/\/www.sbhss.eu\/sv\/wp-json\/wp\/v2\/pages\/318","targetHints":{"allow":["GET"]}}],"collection":[{"href":"https:\/\/www.sbhss.eu\/sv\/wp-json\/wp\/v2\/pages"}],"about":[{"href":"https:\/\/www.sbhss.eu\/sv\/wp-json\/wp\/v2\/types\/page"}],"author":[{"embeddable":true,"href":"https:\/\/www.sbhss.eu\/sv\/wp-json\/wp\/v2\/users\/1"}],"replies":[{"embeddable":true,"href":"https:\/\/www.sbhss.eu\/sv\/wp-json\/wp\/v2\/comments?post=318"}],"version-history":[{"count":22,"href":"https:\/\/www.sbhss.eu\/sv\/wp-json\/wp\/v2\/pages\/318\/revisions"}],"predecessor-version":[{"id":9288,"href":"https:\/\/www.sbhss.eu\/sv\/wp-json\/wp\/v2\/pages\/318\/revisions\/9288"}],"up":[{"embeddable":true,"href":"https:\/\/www.sbhss.eu\/sv\/wp-json\/wp\/v2\/pages\/1752"}],"wp:attachment":[{"href":"https:\/\/www.sbhss.eu\/sv\/wp-json\/wp\/v2\/media?parent=318"}],"curies":[{"name":"wp","href":"https:\/\/api.w.org\/{rel}","templated":true}]}}