{"id":371,"date":"2021-06-15T09:14:46","date_gmt":"2021-06-15T09:14:46","guid":{"rendered":"https:\/\/staging.webbskisser.se\/sbhss\/?page_id=371"},"modified":"2026-02-09T11:01:19","modified_gmt":"2026-02-09T11:01:19","slug":"praktisera-hos-oss","status":"publish","type":"page","link":"https:\/\/www.sbhss.eu\/sv\/praktisera-hos-oss\/","title":{"rendered":"Praktisera hos oss"},"content":{"rendered":"<p style=\"text-align: justify;\">Sm\u00e5land Blekinge Halland South Swedens Brysselkontor erbjuder varje termin tv\u00e5 praktikplatser till studenter som studerar p\u00e5 universitet eller h\u00f6gskola. En praktikplats p\u00e5 Brysselkontoret inneb\u00e4r att du deltar i kontorets dagliga verksamhet med arbetsuppgifter som omv\u00e4rldsbevakning, rapport\/analys och kontakter p\u00e5 den europeiska arenan.<\/p>\n<p style=\"text-align: justify;\"><strong>Vem s\u00f6ker vi?<\/strong> Vi s\u00f6ker studenter som gillar att skriva, har ett stort intresse f\u00f6r europeisk politik med mycket goda spr\u00e5kkunskaper i svenska och engelska.<\/p>\n<p style=\"text-align: justify;\"><strong>Var \u00e4r praktiken?<\/strong>\u00a0Kontoret\u00a0\u00e4r strategiskt placerat i Nordic House som \u00e4r v\u00e4ldigt n\u00e4ra EU:s institutioner i Bryssel.<\/p>\n<p style=\"text-align: justify;\"><strong>N\u00e4r b\u00f6rjar praktiken?<\/strong> Praktiken omfattar 20 veckor och vi ser att du \u00e4r p\u00e5 plats i slutet av januari (v\u00e5rterminen) respektive slutet av augusti (h\u00f6stterminen) beroende p\u00e5 vilken termin du s\u00f6ker.<\/p>\n<p style=\"text-align: justify;\"><strong>Arbetsuppgifter<\/strong> &#8211; som praktikant f\u00e5r du arbeta med en rad olika arbetsuppgifter, t.ex. rapportera fr\u00e5n m\u00f6ten och seminarier, skriva artiklar och f\u00f6rdjupningar inom olika politikomr\u00e5den och hj\u00e4lpa till med att arrangera olika evenemang. Du blir, med andra ord, en viktig medarbetare p\u00e5 SBHSS Brysselkontor. <a href=\"https:\/\/www.sbhss.eu\/sv\/hostens-praktikanter-tackar-for-sig\/\">L\u00e4s om tidigare praktikanters erfarenheter h\u00e4r<\/a>.<\/p>\n<p style=\"text-align: justify;\">Praktiken \u00e4r oavl\u00f6nad, vilket f\u00f6ruts\u00e4tter egen finansiering, exempelvis genom studiemedel och eventuella stipendier (Erasmus). Bostad ordnar praktikanten sj\u00e4lv d\u00e5 utbudet \u00e4r stort, men Brysselkontoret bidrar g\u00e4rna med tips!<\/p>\n<h3 style=\"text-align: justify;\">Ans\u00f6kan<\/h3>\n<p style=\"text-align: justify;\">Skicka din ans\u00f6kan (<em>CV och personligt brev i PDF-format<\/em>) till <strong>martin.broberg@sbhss.eu<\/strong> senast den 29 september\u00a0(V\u00e5rterminen)\/<strong>8 mars (h\u00f6stterminen)<\/strong>.<\/p>\n<p><strong><a href=\"https:\/\/www.sbhss.eu\/wp-content\/uploads\/2026\/01\/praktikannons-ht26.pdf\" target=\"\">Praktikannons HT26<\/a><\/strong><\/p>\n","protected":false},"excerpt":{"rendered":"<p>Sm\u00e5land Blekinge Halland South Swedens Brysselkontor erbjuder varje termin tv\u00e5 praktikplatser till studenter som studerar p\u00e5 universitet eller h\u00f6gskola. En praktikplats p\u00e5 Brysselkontoret inneb\u00e4r att du deltar i kontorets dagliga verksamhet med arbetsuppgifter som omv\u00e4rldsbevakning, rapport\/analys och kontakter p\u00e5 den europeiska arenan. Vem s\u00f6ker vi? Vi s\u00f6ker studenter som gillar att skriva, har ett stort [&hellip;]<\/p>\n","protected":false},"author":1,"featured_media":0,"parent":0,"menu_order":3,"comment_status":"closed","ping_status":"closed","template":"","meta":{"_acf_changed":false,"footnotes":"","advanced-sidebar-menu\/link-title":"","advanced-sidebar-menu\/exclude-page":false},"class_list":["post-371","page","type-page","status-publish","hentry"],"acf":[],"yoast_head":"<!-- This site is optimized with the Yoast SEO plugin v27.2 - https:\/\/yoast.com\/product\/yoast-seo-wordpress\/ -->\n<title>Praktisera hos oss - SBHSS<\/title>\n<meta name=\"robots\" content=\"index, follow, max-snippet:-1, max-image-preview:large, max-video-preview:-1\" \/>\n<link rel=\"canonical\" href=\"https:\/\/www.sbhss.eu\/sv\/praktisera-hos-oss\/\" \/>\n<meta property=\"og:locale\" content=\"sv_SE\" \/>\n<meta property=\"og:type\" content=\"article\" \/>\n<meta property=\"og:title\" content=\"Praktisera hos oss - SBHSS\" \/>\n<meta property=\"og:description\" content=\"Sm\u00e5land Blekinge Halland South Swedens Brysselkontor erbjuder varje termin tv\u00e5 praktikplatser till studenter som studerar p\u00e5 universitet eller h\u00f6gskola. En praktikplats p\u00e5 Brysselkontoret inneb\u00e4r att du deltar i kontorets dagliga verksamhet med arbetsuppgifter som omv\u00e4rldsbevakning, rapport\/analys och kontakter p\u00e5 den europeiska arenan. Vem s\u00f6ker vi? Vi s\u00f6ker studenter som gillar att skriva, har ett stort [&hellip;]\" \/>\n<meta property=\"og:url\" content=\"https:\/\/www.sbhss.eu\/sv\/praktisera-hos-oss\/\" \/>\n<meta property=\"og:site_name\" content=\"SBHSS\" \/>\n<meta property=\"article:modified_time\" content=\"2026-02-09T11:01:19+00:00\" \/>\n<meta name=\"twitter:card\" content=\"summary_large_image\" \/>\n<meta name=\"twitter:label1\" content=\"Ber\u00e4knad l\u00e4stid\" \/>\n\t<meta name=\"twitter:data1\" content=\"1 minut\" \/>\n<script type=\"application\/ld+json\" class=\"yoast-schema-graph\">{\"@context\":\"https:\/\/schema.org\",\"@graph\":[{\"@type\":\"WebPage\",\"@id\":\"https:\/\/www.sbhss.eu\/sv\/praktisera-hos-oss\/\",\"url\":\"https:\/\/www.sbhss.eu\/sv\/praktisera-hos-oss\/\",\"name\":\"Praktisera hos oss - SBHSS\",\"isPartOf\":{\"@id\":\"https:\/\/www.sbhss.eu\/#website\"},\"datePublished\":\"2021-06-15T09:14:46+00:00\",\"dateModified\":\"2026-02-09T11:01:19+00:00\",\"breadcrumb\":{\"@id\":\"https:\/\/www.sbhss.eu\/sv\/praktisera-hos-oss\/#breadcrumb\"},\"inLanguage\":\"sv-SE\",\"potentialAction\":[{\"@type\":\"ReadAction\",\"target\":[\"https:\/\/www.sbhss.eu\/sv\/praktisera-hos-oss\/\"]}]},{\"@type\":\"BreadcrumbList\",\"@id\":\"https:\/\/www.sbhss.eu\/sv\/praktisera-hos-oss\/#breadcrumb\",\"itemListElement\":[{\"@type\":\"ListItem\",\"position\":1,\"name\":\"Hem\",\"item\":\"https:\/\/www.sbhss.eu\/sv\/\"},{\"@type\":\"ListItem\",\"position\":2,\"name\":\"Praktisera hos oss\"}]},{\"@type\":\"WebSite\",\"@id\":\"https:\/\/www.sbhss.eu\/#website\",\"url\":\"https:\/\/www.sbhss.eu\/\",\"name\":\"SBHSS\",\"description\":\"\",\"potentialAction\":[{\"@type\":\"SearchAction\",\"target\":{\"@type\":\"EntryPoint\",\"urlTemplate\":\"https:\/\/www.sbhss.eu\/?s={search_term_string}\"},\"query-input\":{\"@type\":\"PropertyValueSpecification\",\"valueRequired\":true,\"valueName\":\"search_term_string\"}}],\"inLanguage\":\"sv-SE\"}]}<\/script>\n<!-- \/ Yoast SEO plugin. -->","yoast_head_json":{"title":"Praktisera hos oss - SBHSS","robots":{"index":"index","follow":"follow","max-snippet":"max-snippet:-1","max-image-preview":"max-image-preview:large","max-video-preview":"max-video-preview:-1"},"canonical":"https:\/\/www.sbhss.eu\/sv\/praktisera-hos-oss\/","og_locale":"sv_SE","og_type":"article","og_title":"Praktisera hos oss - SBHSS","og_description":"Sm\u00e5land Blekinge Halland South Swedens Brysselkontor erbjuder varje termin tv\u00e5 praktikplatser till studenter som studerar p\u00e5 universitet eller h\u00f6gskola. En praktikplats p\u00e5 Brysselkontoret inneb\u00e4r att du deltar i kontorets dagliga verksamhet med arbetsuppgifter som omv\u00e4rldsbevakning, rapport\/analys och kontakter p\u00e5 den europeiska arenan. Vem s\u00f6ker vi? Vi s\u00f6ker studenter som gillar att skriva, har ett stort [&hellip;]","og_url":"https:\/\/www.sbhss.eu\/sv\/praktisera-hos-oss\/","og_site_name":"SBHSS","article_modified_time":"2026-02-09T11:01:19+00:00","twitter_card":"summary_large_image","twitter_misc":{"Ber\u00e4knad l\u00e4stid":"1 minut"},"schema":{"@context":"https:\/\/schema.org","@graph":[{"@type":"WebPage","@id":"https:\/\/www.sbhss.eu\/sv\/praktisera-hos-oss\/","url":"https:\/\/www.sbhss.eu\/sv\/praktisera-hos-oss\/","name":"Praktisera hos oss - SBHSS","isPartOf":{"@id":"https:\/\/www.sbhss.eu\/#website"},"datePublished":"2021-06-15T09:14:46+00:00","dateModified":"2026-02-09T11:01:19+00:00","breadcrumb":{"@id":"https:\/\/www.sbhss.eu\/sv\/praktisera-hos-oss\/#breadcrumb"},"inLanguage":"sv-SE","potentialAction":[{"@type":"ReadAction","target":["https:\/\/www.sbhss.eu\/sv\/praktisera-hos-oss\/"]}]},{"@type":"BreadcrumbList","@id":"https:\/\/www.sbhss.eu\/sv\/praktisera-hos-oss\/#breadcrumb","itemListElement":[{"@type":"ListItem","position":1,"name":"Hem","item":"https:\/\/www.sbhss.eu\/sv\/"},{"@type":"ListItem","position":2,"name":"Praktisera hos oss"}]},{"@type":"WebSite","@id":"https:\/\/www.sbhss.eu\/#website","url":"https:\/\/www.sbhss.eu\/","name":"SBHSS","description":"","potentialAction":[{"@type":"SearchAction","target":{"@type":"EntryPoint","urlTemplate":"https:\/\/www.sbhss.eu\/?s={search_term_string}"},"query-input":{"@type":"PropertyValueSpecification","valueRequired":true,"valueName":"search_term_string"}}],"inLanguage":"sv-SE"}]}},"_links":{"self":[{"href":"https:\/\/www.sbhss.eu\/sv\/wp-json\/wp\/v2\/pages\/371","targetHints":{"allow":["GET"]}}],"collection":[{"href":"https:\/\/www.sbhss.eu\/sv\/wp-json\/wp\/v2\/pages"}],"about":[{"href":"https:\/\/www.sbhss.eu\/sv\/wp-json\/wp\/v2\/types\/page"}],"author":[{"embeddable":true,"href":"https:\/\/www.sbhss.eu\/sv\/wp-json\/wp\/v2\/users\/1"}],"replies":[{"embeddable":true,"href":"https:\/\/www.sbhss.eu\/sv\/wp-json\/wp\/v2\/comments?post=371"}],"version-history":[{"count":73,"href":"https:\/\/www.sbhss.eu\/sv\/wp-json\/wp\/v2\/pages\/371\/revisions"}],"predecessor-version":[{"id":9331,"href":"https:\/\/www.sbhss.eu\/sv\/wp-json\/wp\/v2\/pages\/371\/revisions\/9331"}],"wp:attachment":[{"href":"https:\/\/www.sbhss.eu\/sv\/wp-json\/wp\/v2\/media?parent=371"}],"curies":[{"name":"wp","href":"https:\/\/api.w.org\/{rel}","templated":true}]}}