{"id":6285,"date":"2024-05-21T07:38:20","date_gmt":"2024-05-21T07:38:20","guid":{"rendered":"https:\/\/www.sbhss.eu\/?page_id=6285"},"modified":"2025-06-18T09:12:15","modified_gmt":"2025-06-18T09:12:15","slug":"almedalen","status":"publish","type":"page","link":"https:\/\/www.sbhss.eu\/sv\/kalender\/almedalen\/","title":{"rendered":"SBHSS i Almedalen 2025"},"content":{"rendered":"<p style=\"text-align: justify;\"><img loading=\"lazy\" decoding=\"async\" class=\"aligncenter wp-image-8279 size-full\" src=\"https:\/\/www.sbhss.eu\/wp-content\/uploads\/2025\/06\/fran-taltetlogo.png\" alt=\"\" width=\"747\" height=\"438\" \/><\/p>\n<p style=\"text-align: justify;\">Den 23-27 juni g\u00e5r \u00e5rets Almedalsvecka av stapeln. Som en del av SBHSS styrgruppsuppdrag att verka f\u00f6r en \u00f6kad dialog kring regionernas betydelse f\u00f6r svensk och europeisk konkurrenskraft och beredskap anordnar SBHSS, under Region J\u00f6nk\u00f6ping l\u00e4ns v\u00e4rdskap, tre tematiska seminarier torsdag 26 juni mellan kl.13:00-15:45 d\u00e4r vi kommer diskutera f\u00f6ljande teman:<\/p>\n<ul>\n<li style=\"list-style-type: none;\">\n<ul style=\"text-align: justify;\">\n<li><strong>Hur f\u00e5r Sverige en starkare r\u00f6st i EU?<\/strong><\/li>\n<li><strong>Omst\u00e4llning och beredskap sker b\u00e4st p\u00e5 plats!<\/strong><\/li>\n<li><strong>Vattnet &#8211; v\u00e5r konkurrenskraft<\/strong><\/li>\n<\/ul>\n<\/li>\n<\/ul>\n<p>F\u00f6r dig som inte \u00e4r p\u00e5 plats tipsar vi om m\u00f6jligheten att <a href=\"https:\/\/almedalsveckanplay.info\/\">f\u00f6lja seminarierna digitalt p\u00e5 Almedalsveckan Play<\/a><\/p>\n<h3 style=\"text-align: justify;\">Var hittar ni oss under Almedalsveckan?<\/h3>\n<p>Seminarierna kommer \u00e4ga rum under torsdag 26 juni p\u00e5 Strandv\u00e4gen, H535, &#8221;M\u00f6tesplats J\u00f6nk\u00f6pings l\u00e4n&#8221;.<\/p>\n<p style=\"text-align: justify;\"><img loading=\"lazy\" decoding=\"async\" class=\"size-full wp-image-8278 aligncenter\" src=\"https:\/\/www.sbhss.eu\/wp-content\/uploads\/2025\/06\/markplatsfoto.png\" alt=\"\" width=\"600\" height=\"616\" \/><\/p>\n<h2 style=\"text-align: justify;\">Program<\/h2>\n<h3 style=\"text-align: left;\">HUR F\u00c5R SVERIGE EN STARKARE R\u00d6ST I EU?<\/h3>\n<p style=\"text-align: justify;\"><strong>Tid: Torsdag 26 juni, kl. 13:00 \u2013 13:45<\/strong><\/p>\n<p>P\u00e5verkansm\u00f6jligheterna \u00e4r st\u00f6rst tidigt i EU:s beslutsprocess, innan ett f\u00f6rslag ligger p\u00e5 bordet. Medan den nationella niv\u00e5n fr\u00e4mst ansvarar f\u00f6r att f\u00f6rhandla f\u00e4rdiga f\u00f6rslag, engagerar sig flera svenska akt\u00f6rer betydligt tidigare i en rad fr\u00e5gor.\u00a0Genom att f\u00f6rb\u00e4ttra den svenska dialogen kring EU-initiativ mellan den regionala och nationella niv\u00e5n skulle vi sannolikt f\u00e5 st\u00f6rre genomslag f\u00f6r svenska st\u00e5ndpunkter inf\u00f6r beslut p\u00e5 EU-niv\u00e5. En utvecklad dialog skulle \u00e4ven gynna en effektiv implementering av EU-beslut i Sverige. L\u00e5t oss dra nytta av varandra f\u00f6r att en starkare svensk r\u00f6st i EU!<\/p>\n<p>Idag efterfr\u00e5gar svensk nationell niv\u00e5 input kring EU-initiativ framf\u00f6r allt genom remisser, ofta sent i EU:s beslutsprocess i samband med implementering. Det kan leda till o\u00f6nskade effekter i form av missf\u00f6rst\u00e5nd, \u00f6kad arbetsb\u00f6rda och kostnader.<\/p>\n<p>F\u00f6r att s\u00e4kerst\u00e4lla sina intressen arbetar svenska regioner sedan l\u00e4nge med att g\u00f6ra sin r\u00f6st h\u00f6rd i Bryssel, innan ett f\u00f6rslag l\u00e4ggs fram f\u00f6r f\u00f6rhandling i EU:s institutioner. Genom \u00e5ren har v\u00e4rdefulla n\u00e4tverk byggts upp som kan ge Sverige betydelsefull information och p\u00e5verkansm\u00f6jligheter. Gl\u00e4djande nog \u00e4r upplevelsen att EU-arenan lyssnar med intresse p\u00e5 svenska regionala erfarenheter och \u00e5sikter.<\/p>\n<p><img loading=\"lazy\" decoding=\"async\" class=\"size-full wp-image-8300 aligncenter\" src=\"https:\/\/www.sbhss.eu\/wp-content\/uploads\/2025\/06\/sem-12.png\" alt=\"\" width=\"648\" height=\"270\" \/><\/p>\n<p style=\"text-align: justify;\"><span style=\"text-decoration: underline;\"><strong>Medverkande<\/strong><\/span><\/p>\n<p>Erik Ottosson (M), ordf\u00f6rande i riksdagens EU-n\u00e4mnd<\/p>\n<p>Peter Aronsson, rektor Linn\u00e9universitetet<\/p>\n<p>Rachel de Basso (S), regionstyrelsens ordf\u00f6rande i Region J\u00f6nk\u00f6pings l\u00e4n<\/p>\n<p>Helene Andersson (C), ordf\u00f6rande i tillv\u00e4xtutskottet i Region Halland<\/p>\n<p><em>Moderator: Sven Kast\u00f6, kontorschef f\u00f6r Sm\u00e5land Blekinge Halland South Sweden\u00a0<\/em><\/p>\n<p>&nbsp;<\/p>\n<h3 style=\"text-align: left;\">OMST\u00c4LLNING OCH BEREDSKAP SKER B\u00c4ST P\u00c5 PLATS!<\/h3>\n<p style=\"text-align: justify;\"><strong>Tid: 14:00 \u2013 14:45<\/strong><\/p>\n<div class=\"editor contents\" style=\"text-align: justify;\">\n<p>Det europeiska fokuset p\u00e5 konkurrenskraft och s\u00e4kerhet blir allt tydligare. Det p\u00e5verkar Sverige som helhet och regionernas utvecklingsuppdrag. F\u00f6r att ambitionerna ska kunna f\u00f6rverkligas och samh\u00e4llet ska lyckas st\u00e4lla om, kommer alla krafter att beh\u00f6va engageras.<\/p>\n<p>B\u00e5de EU-kommissionen och svenska regioner betonar vikten av platsbaserade l\u00f6sningar f\u00f6r att tackla utmaningar. Begreppet <em>platsbaserat<\/em> \u00e4r dock brett och Sverige beh\u00f6ver enas om en gemensam tolkning. Den regionala niv\u00e5n v\u00e4lkomnar d\u00e4rf\u00f6r en utvecklad svensk dialog om hur vi st\u00e5r beredda n\u00e4r EU:s nya programperiod inleds 2028, med nya resurser och f\u00f6ruts\u00e4ttningar.<\/p>\n<p>Idag koordinerar svenska regioner resurser och akt\u00f6rer som g\u00f6r att vi kan h\u00f6ja v\u00e5r konkurrenskraft i s\u00e5v\u00e4l st\u00e4der som landsbygder. EU:s budget \u00e4r dock satt under press och medlen svenska regioner hittills anv\u00e4nt f\u00f6r platsbaserade l\u00f6sningar kan inte tas f\u00f6r givna fram\u00f6ver. Det kan p\u00e5verka regionernas m\u00f6jligheter att utf\u00f6ra sitt utvecklingsuppdrag, och d\u00e4rmed Sveriges f\u00f6rm\u00e5gan att dra nytta av lokalt och regionalt engagemang f\u00f6r omst\u00e4llning och \u00f6kad beredskap.<\/p>\n<p>Svenska regioner har en nyckelroll f\u00f6r att samh\u00e4llet ska kunna st\u00e4lla om snabbt. Nyckeln \u00e4r f\u00f6rst\u00e5s att engagera hela samh\u00e4llet med medborgare, akademi och n\u00e4ringsliv.<\/p>\n<p><img loading=\"lazy\" decoding=\"async\" class=\"size-full wp-image-8299 aligncenter\" src=\"https:\/\/www.sbhss.eu\/wp-content\/uploads\/2025\/06\/sem-22.png\" alt=\"\" width=\"791\" height=\"380\" \/><\/p>\n<p><strong>Medverkande:<\/strong><\/p>\n<p>Douglas Brommesson, professor Linn\u00e9universitetet,<\/p>\n<p>Frida Boklund, regionchef f\u00f6r Gotland, Sm\u00e5land och \u00d6sterg\u00f6tland vidF\u00f6retagarna<\/p>\n<p>Peter Uppman, innovationsstrateg (Leap for Life) vid Region Halland<\/p>\n<p>Helene Andersson (C), ordf\u00f6rande i tillv\u00e4xtutskottet i Region Halland<\/p>\n<p><em>Moderator: Sven Kast\u00f6, kontorschef f\u00f6r Sm\u00e5land Blekinge Halland South Sweden\u00a0<\/em><\/p>\n<p>&nbsp;<\/p>\n<\/div>\n<h3 style=\"text-align: left;\">VATTNET &#8211; V\u00c5R KONKURRENSKRAFT<\/h3>\n<p style=\"text-align: justify;\"><strong>Tid: 15:00 \u2013 15:45<\/strong><\/p>\n<p>Vattenfr\u00e5gan har p\u00e5 senare \u00e5r lyfts som en samh\u00e4llsutmaning. Den svenska EU-kommission\u00e4ren Jessika Roswalls planer p\u00e5 en vattenstrategi tydligg\u00f6r att fr\u00e5gan \u00e4r av strategisk vikt f\u00f6r en ekonomisk h\u00e5llbar utveckling. F\u00f6r att m\u00f6ta utmaningarna inom vattenomr\u00e5det kommer alla krafter att beh\u00f6va engageras, fr\u00e5n det privata n\u00e4ringslivet och lokala offentliga akt\u00f6rer till nationalstater och EU. Sverige har d\u00e4rf\u00f6r allt att vinna p\u00e5 en f\u00f6rdjupad dialog f\u00f6r att v\u00e5r gemensamma r\u00f6st ska bli s\u00e5 stark som m\u00f6jligt p\u00e5 den europeiska arenan och f\u00f6r att vi ska kunna s\u00e4kerst\u00e4lla kraften av l\u00f6sningar anpassade efter platsen.<\/p>\n<p>Flera regioner har redan inlett ett strategiskt arbete i s\u00e5v\u00e4l Sverige som p\u00e5 EU-arenan. Svenska l\u00f6sningar kan exporteras till \u00f6vriga Europa samtidigt som vi tar del av andras erfarenheter. Regioner arbetar \u00e4ven f\u00f6r att g\u00f6ra sin r\u00f6st h\u00f6rd i ett tidigt skede av EU:s beslutsprocess. Det kan visa sig vara v\u00e4lbeh\u00f6vligt n\u00e4r EU:s vattenstrategi f\u00f6ljs av konkreta initiativ och regelverk.<\/p>\n<p><img loading=\"lazy\" decoding=\"async\" class=\"size-full wp-image-8296 aligncenter\" src=\"https:\/\/www.sbhss.eu\/wp-content\/uploads\/2025\/06\/sem-3-1.png\" alt=\"\" width=\"742\" height=\"255\" \/><\/p>\n<p style=\"text-align: justify;\"><strong>Medverkande:<\/strong><\/p>\n<p>Valdete Hashani, samverkansr\u00e5dgivare Linn\u00e9universitetet<\/p>\n<p>Karin Nilsson, milj\u00f6policyexpert p\u00e5 Svenskt N\u00e4ringsliv<\/p>\n<p>Helena Tinnert,\u00a0f\u00f6r\u00e4ndringsledare h\u00e5llbar utveckling och cirkul\u00e4r ekonomi p\u00e5 IUC Kalmar l\u00e4n<\/p>\n<p>Helena Sj\u00f6gren, ansvarig milj\u00f6politik p\u00e5 Skogsindustrierna<\/p>\n<p>Mona Glans, regional utvecklingsdirekt\u00f6r i Region Blekinge<\/p>\n<p>Martina Adiels Balk, basenhetschef h\u00e5llbar samh\u00e4llsplanering i Region Kalmar l\u00e4n<\/p>\n<p><em>Moderator: Sven Kast\u00f6, kontorschef f\u00f6r Sm\u00e5land Blekinge Halland South Sweden\u00a0<\/em><\/p>\n<p>&nbsp;<\/p>\n<p><a href=\"https:\/\/www.rjl.se\/om-oss\/pressrum\/region-jonkopings-lan-i-almedalen-20242\/\">L\u00e4s mer om Region J\u00f6nk\u00f6ping l\u00e4ns \u00f6vriga seminarier under veckan h\u00e4r<\/a><\/p>\n<p><a href=\"https:\/\/almedalsveckan.info\/rg\/almedalsveckan\/om-almedalsveckan\/det-har-ar-almedalsveckan-2025\">L\u00e4s mer om Almedalsveckan 2025 h\u00e4r<\/a><\/p>\n<p style=\"text-align: justify;\">\n","protected":false},"excerpt":{"rendered":"<p>Den 23-27 juni g\u00e5r \u00e5rets Almedalsvecka av stapeln. Som en del av SBHSS styrgruppsuppdrag att verka f\u00f6r en \u00f6kad dialog kring regionernas betydelse f\u00f6r svensk och europeisk konkurrenskraft och beredskap anordnar SBHSS, under Region J\u00f6nk\u00f6ping l\u00e4ns v\u00e4rdskap, tre tematiska seminarier torsdag 26 juni mellan kl.13:00-15:45 d\u00e4r vi kommer diskutera f\u00f6ljande teman: Hur f\u00e5r Sverige en [&hellip;]<\/p>\n","protected":false},"author":1,"featured_media":0,"parent":239,"menu_order":0,"comment_status":"closed","ping_status":"closed","template":"","meta":{"_acf_changed":false,"footnotes":"","advanced-sidebar-menu\/link-title":"","advanced-sidebar-menu\/exclude-page":false},"class_list":["post-6285","page","type-page","status-publish","hentry"],"acf":[],"yoast_head":"<!-- This site is optimized with the Yoast SEO plugin v27.2 - https:\/\/yoast.com\/product\/yoast-seo-wordpress\/ -->\n<title>SBHSS i Almedalen 2025 - SBHSS<\/title>\n<meta name=\"robots\" content=\"index, follow, max-snippet:-1, max-image-preview:large, max-video-preview:-1\" \/>\n<link rel=\"canonical\" href=\"https:\/\/www.sbhss.eu\/sv\/kalender\/almedalen\/\" \/>\n<meta property=\"og:locale\" content=\"sv_SE\" \/>\n<meta property=\"og:type\" content=\"article\" \/>\n<meta property=\"og:title\" content=\"SBHSS i Almedalen 2025 - SBHSS\" \/>\n<meta property=\"og:description\" content=\"Den 23-27 juni g\u00e5r \u00e5rets Almedalsvecka av stapeln. Som en del av SBHSS styrgruppsuppdrag att verka f\u00f6r en \u00f6kad dialog kring regionernas betydelse f\u00f6r svensk och europeisk konkurrenskraft och beredskap anordnar SBHSS, under Region J\u00f6nk\u00f6ping l\u00e4ns v\u00e4rdskap, tre tematiska seminarier torsdag 26 juni mellan kl.13:00-15:45 d\u00e4r vi kommer diskutera f\u00f6ljande teman: Hur f\u00e5r Sverige en [&hellip;]\" \/>\n<meta property=\"og:url\" content=\"https:\/\/www.sbhss.eu\/sv\/kalender\/almedalen\/\" \/>\n<meta property=\"og:site_name\" content=\"SBHSS\" \/>\n<meta property=\"article:modified_time\" content=\"2025-06-18T09:12:15+00:00\" \/>\n<meta property=\"og:image\" content=\"https:\/\/www.sbhss.eu\/wp-content\/uploads\/2025\/06\/fran-taltetlogo.png\" \/>\n\t<meta property=\"og:image:width\" content=\"747\" \/>\n\t<meta property=\"og:image:height\" content=\"438\" \/>\n\t<meta property=\"og:image:type\" content=\"image\/png\" \/>\n<meta name=\"twitter:card\" content=\"summary_large_image\" \/>\n<meta name=\"twitter:label1\" content=\"Ber\u00e4knad l\u00e4stid\" \/>\n\t<meta name=\"twitter:data1\" content=\"6 minuter\" \/>\n<script type=\"application\/ld+json\" class=\"yoast-schema-graph\">{\"@context\":\"https:\/\/schema.org\",\"@graph\":[{\"@type\":\"WebPage\",\"@id\":\"https:\/\/www.sbhss.eu\/sv\/kalender\/almedalen\/\",\"url\":\"https:\/\/www.sbhss.eu\/sv\/kalender\/almedalen\/\",\"name\":\"SBHSS i Almedalen 2025 - SBHSS\",\"isPartOf\":{\"@id\":\"https:\/\/www.sbhss.eu\/#website\"},\"primaryImageOfPage\":{\"@id\":\"https:\/\/www.sbhss.eu\/sv\/kalender\/almedalen\/#primaryimage\"},\"image\":{\"@id\":\"https:\/\/www.sbhss.eu\/sv\/kalender\/almedalen\/#primaryimage\"},\"thumbnailUrl\":\"https:\/\/www.sbhss.eu\/wp-content\/uploads\/2025\/06\/fran-taltetlogo.png\",\"datePublished\":\"2024-05-21T07:38:20+00:00\",\"dateModified\":\"2025-06-18T09:12:15+00:00\",\"breadcrumb\":{\"@id\":\"https:\/\/www.sbhss.eu\/sv\/kalender\/almedalen\/#breadcrumb\"},\"inLanguage\":\"sv-SE\",\"potentialAction\":[{\"@type\":\"ReadAction\",\"target\":[\"https:\/\/www.sbhss.eu\/sv\/kalender\/almedalen\/\"]}]},{\"@type\":\"ImageObject\",\"inLanguage\":\"sv-SE\",\"@id\":\"https:\/\/www.sbhss.eu\/sv\/kalender\/almedalen\/#primaryimage\",\"url\":\"https:\/\/www.sbhss.eu\/wp-content\/uploads\/2025\/06\/fran-taltetlogo.png\",\"contentUrl\":\"https:\/\/www.sbhss.eu\/wp-content\/uploads\/2025\/06\/fran-taltetlogo.png\"},{\"@type\":\"BreadcrumbList\",\"@id\":\"https:\/\/www.sbhss.eu\/sv\/kalender\/almedalen\/#breadcrumb\",\"itemListElement\":[{\"@type\":\"ListItem\",\"position\":1,\"name\":\"Hem\",\"item\":\"https:\/\/www.sbhss.eu\/sv\/\"},{\"@type\":\"ListItem\",\"position\":2,\"name\":\"Evenemang och kalender\",\"item\":\"https:\/\/www.sbhss.eu\/sv\/kalender\/\"},{\"@type\":\"ListItem\",\"position\":3,\"name\":\"SBHSS i Almedalen 2025\"}]},{\"@type\":\"WebSite\",\"@id\":\"https:\/\/www.sbhss.eu\/#website\",\"url\":\"https:\/\/www.sbhss.eu\/\",\"name\":\"SBHSS\",\"description\":\"\",\"potentialAction\":[{\"@type\":\"SearchAction\",\"target\":{\"@type\":\"EntryPoint\",\"urlTemplate\":\"https:\/\/www.sbhss.eu\/?s={search_term_string}\"},\"query-input\":{\"@type\":\"PropertyValueSpecification\",\"valueRequired\":true,\"valueName\":\"search_term_string\"}}],\"inLanguage\":\"sv-SE\"}]}<\/script>\n<!-- \/ Yoast SEO plugin. -->","yoast_head_json":{"title":"SBHSS i Almedalen 2025 - SBHSS","robots":{"index":"index","follow":"follow","max-snippet":"max-snippet:-1","max-image-preview":"max-image-preview:large","max-video-preview":"max-video-preview:-1"},"canonical":"https:\/\/www.sbhss.eu\/sv\/kalender\/almedalen\/","og_locale":"sv_SE","og_type":"article","og_title":"SBHSS i Almedalen 2025 - SBHSS","og_description":"Den 23-27 juni g\u00e5r \u00e5rets Almedalsvecka av stapeln. Som en del av SBHSS styrgruppsuppdrag att verka f\u00f6r en \u00f6kad dialog kring regionernas betydelse f\u00f6r svensk och europeisk konkurrenskraft och beredskap anordnar SBHSS, under Region J\u00f6nk\u00f6ping l\u00e4ns v\u00e4rdskap, tre tematiska seminarier torsdag 26 juni mellan kl.13:00-15:45 d\u00e4r vi kommer diskutera f\u00f6ljande teman: Hur f\u00e5r Sverige en [&hellip;]","og_url":"https:\/\/www.sbhss.eu\/sv\/kalender\/almedalen\/","og_site_name":"SBHSS","article_modified_time":"2025-06-18T09:12:15+00:00","og_image":[{"width":747,"height":438,"url":"https:\/\/www.sbhss.eu\/wp-content\/uploads\/2025\/06\/fran-taltetlogo.png","type":"image\/png"}],"twitter_card":"summary_large_image","twitter_misc":{"Ber\u00e4knad l\u00e4stid":"6 minuter"},"schema":{"@context":"https:\/\/schema.org","@graph":[{"@type":"WebPage","@id":"https:\/\/www.sbhss.eu\/sv\/kalender\/almedalen\/","url":"https:\/\/www.sbhss.eu\/sv\/kalender\/almedalen\/","name":"SBHSS i Almedalen 2025 - SBHSS","isPartOf":{"@id":"https:\/\/www.sbhss.eu\/#website"},"primaryImageOfPage":{"@id":"https:\/\/www.sbhss.eu\/sv\/kalender\/almedalen\/#primaryimage"},"image":{"@id":"https:\/\/www.sbhss.eu\/sv\/kalender\/almedalen\/#primaryimage"},"thumbnailUrl":"https:\/\/www.sbhss.eu\/wp-content\/uploads\/2025\/06\/fran-taltetlogo.png","datePublished":"2024-05-21T07:38:20+00:00","dateModified":"2025-06-18T09:12:15+00:00","breadcrumb":{"@id":"https:\/\/www.sbhss.eu\/sv\/kalender\/almedalen\/#breadcrumb"},"inLanguage":"sv-SE","potentialAction":[{"@type":"ReadAction","target":["https:\/\/www.sbhss.eu\/sv\/kalender\/almedalen\/"]}]},{"@type":"ImageObject","inLanguage":"sv-SE","@id":"https:\/\/www.sbhss.eu\/sv\/kalender\/almedalen\/#primaryimage","url":"https:\/\/www.sbhss.eu\/wp-content\/uploads\/2025\/06\/fran-taltetlogo.png","contentUrl":"https:\/\/www.sbhss.eu\/wp-content\/uploads\/2025\/06\/fran-taltetlogo.png"},{"@type":"BreadcrumbList","@id":"https:\/\/www.sbhss.eu\/sv\/kalender\/almedalen\/#breadcrumb","itemListElement":[{"@type":"ListItem","position":1,"name":"Hem","item":"https:\/\/www.sbhss.eu\/sv\/"},{"@type":"ListItem","position":2,"name":"Evenemang och kalender","item":"https:\/\/www.sbhss.eu\/sv\/kalender\/"},{"@type":"ListItem","position":3,"name":"SBHSS i Almedalen 2025"}]},{"@type":"WebSite","@id":"https:\/\/www.sbhss.eu\/#website","url":"https:\/\/www.sbhss.eu\/","name":"SBHSS","description":"","potentialAction":[{"@type":"SearchAction","target":{"@type":"EntryPoint","urlTemplate":"https:\/\/www.sbhss.eu\/?s={search_term_string}"},"query-input":{"@type":"PropertyValueSpecification","valueRequired":true,"valueName":"search_term_string"}}],"inLanguage":"sv-SE"}]}},"_links":{"self":[{"href":"https:\/\/www.sbhss.eu\/sv\/wp-json\/wp\/v2\/pages\/6285","targetHints":{"allow":["GET"]}}],"collection":[{"href":"https:\/\/www.sbhss.eu\/sv\/wp-json\/wp\/v2\/pages"}],"about":[{"href":"https:\/\/www.sbhss.eu\/sv\/wp-json\/wp\/v2\/types\/page"}],"author":[{"embeddable":true,"href":"https:\/\/www.sbhss.eu\/sv\/wp-json\/wp\/v2\/users\/1"}],"replies":[{"embeddable":true,"href":"https:\/\/www.sbhss.eu\/sv\/wp-json\/wp\/v2\/comments?post=6285"}],"version-history":[{"count":73,"href":"https:\/\/www.sbhss.eu\/sv\/wp-json\/wp\/v2\/pages\/6285\/revisions"}],"predecessor-version":[{"id":8365,"href":"https:\/\/www.sbhss.eu\/sv\/wp-json\/wp\/v2\/pages\/6285\/revisions\/8365"}],"up":[{"embeddable":true,"href":"https:\/\/www.sbhss.eu\/sv\/wp-json\/wp\/v2\/pages\/239"}],"wp:attachment":[{"href":"https:\/\/www.sbhss.eu\/sv\/wp-json\/wp\/v2\/media?parent=6285"}],"curies":[{"name":"wp","href":"https:\/\/api.w.org\/{rel}","templated":true}]}}