{"id":6291,"date":"2024-05-21T07:57:40","date_gmt":"2024-05-21T07:57:40","guid":{"rendered":"https:\/\/www.sbhss.eu\/?page_id=6291"},"modified":"2024-09-03T07:42:13","modified_gmt":"2024-09-03T07:42:13","slug":"media","status":"publish","type":"page","link":"https:\/\/www.sbhss.eu\/sv\/kontakta-oss\/media\/","title":{"rendered":"Media"},"content":{"rendered":"<p style=\"text-align: justify;\"><img loading=\"lazy\" decoding=\"async\" class=\"wp-image-6330 alignright\" src=\"https:\/\/www.sbhss.eu\/wp-content\/uploads\/2024\/05\/brysselkontoret-2023.jpg\" alt=\"\" width=\"389\" height=\"292\" \/><\/p>\n<p style=\"text-align: justify;\"><strong>S\u00e5 kan SBHSS hj\u00e4lpa dig som \u00e4r journalist<\/strong><\/p>\n<p style=\"text-align: justify;\">Media och medias bevakning av EU och EU-fr\u00e5gor \u00e4r en viktig v\u00e4g till en djupare kunskap kring EU bland Sveriges inv\u00e5nare. SBHSS vill fr\u00e4mja detta arbete och p\u00e5 denna sida har vi samlat matnyttiga tips till journalister.<\/p>\n<p style=\"text-align: justify;\"><strong>EU-handboken<\/strong><\/p>\n<p style=\"text-align: justify;\">EU-handboken \u00e4r skriven av journalisten Sigrid Melchior och inneh\u00e5ller b\u00e5de f\u00f6rdjupande kunskap kring hur EU fungerar och \u00e4ven en m\u00e4ngd konkreta tips f\u00f6r journalister. EU-handboken \u00e4r ett samarbete mellan Tidningen Journalisten och EU-kommissionens svenska representation och en ypperlig k\u00e4lla till kunskap. EU-handboken finns att ladda ner gratis h\u00e4r: <a href=\"https:\/\/sweden.representation.ec.europa.eu\/nyheter-och-evenemang\/publikationer_sv\">Publikationer &#8211; Europeiska kommissionen (europa.eu)<\/a><\/p>\n<p style=\"text-align: justify;\"><strong>Vill du veta mer om det senaste Europaparlamentsvalet?\u00a0<\/strong><\/p>\n<p style=\"text-align: justify;\">Under m\u00e5naderna som ledde upp till Europaparlamentsvalet har SBHSS Brysselkontor publicerat flera artiklar d\u00e4r vi benade ut n\u00e5gra av de mest f\u00f6rekommande fr\u00e5gorna till Brysselkontoret om samspelet mellan EU och den regionala niv\u00e5n. L\u00e4s samtliga delar via l\u00e4nkarna nedan:<\/p>\n<ul style=\"text-align: justify;\">\n<li><a href=\"https:\/\/gantrack.com\/t\/l\/8361868\/2_NTM5NjExMjEzNzc=\/\">Del 1 \u2013 \u201d50 procent av v\u00e5ra lagar styrs fr\u00e5n EU?\u201d<\/a><\/li>\n<li><a href=\"https:\/\/gantrack.com\/t\/l\/8361869\/2_NTM5NjExMjEzNzc=\/\">Del 2 \u2013 Kandidaterna<\/a><\/li>\n<li><a href=\"https:\/\/gantrack.com\/t\/l\/8361870\/2_NTM5NjExMjEzNzc=\/\">Del 3 \u2013 Valet och en ny EU-kommission<\/a><\/li>\n<li><a href=\"https:\/\/gantrack.com\/t\/l\/8361871\/2_NTM5NjExMjEzNzc=\/\">Del 4 &#8211; Vad kan Europaparlamentariker faktiskt g\u00f6ra?<\/a><\/li>\n<li><a href=\"https:\/\/www.sbhss.eu\/sv\/sbhss-artikelserie-infor-europaparlamentsvalet-del-5-fler-svenskar-i-ratt-utskott\/\">Del 5 &#8211; Fler svenskar i r\u00e4tt utskott<\/a><\/li>\n<li><a href=\"https:\/\/www.sbhss.eu\/sv\/vad-har-hant-under-sommaren-sedan-eu-valet\/\">Vad har h\u00e4nt under sommaren sedan EU-valet?<\/a><\/li>\n<\/ul>\n<p style=\"text-align: justify;\"><strong>S\u00e5 kan SBHSS hj\u00e4lpa dig<\/strong><\/p>\n<p style=\"text-align: justify;\">SBHSS bevakar vad som h\u00e4nder p\u00e5 EU-arenan med koppling till medlemmarnas intressen och delar g\u00e4rna med sig av denna kunskap. L\u00e5ngt ifr\u00e5n allt som vi arbetar med publiceras p\u00e5 hemsidan. F\u00f6r en mer tematisk \u00f6verblick, rekommenderar vi att att ni tar del av v\u00e5r Omv\u00e4rldsbevakning, som ni kan ta del av via <a href=\"https:\/\/www.sbhss.eu\/wp-content\/uploads\/2024\/05\/ob-2024maj-2024.pdf\">l\u00e4nken h\u00e4r<\/a>. Ni \u00e4r hj\u00e4rtligt v\u00e4lkomna att kontakta oss p\u00e5 kontoret vid \u00f6vriga fr\u00e5gor.<\/p>\n<p style=\"text-align: justify;\">En tillt\u00e4nkt arbetsprocess, fr\u00e5n EU-fr\u00e5ga till lokal journalistik, kan se ut p\u00e5 f\u00f6ljande s\u00e4tt:<\/p>\n<ol style=\"text-align: justify;\">\n<li>Mejla SBHSS och be om hj\u00e4lp med att identifiera p\u00e5g\u00e5ende EU-lagstiftningar som p\u00e5verkar ditt t\u00e4ckningsomr\u00e5de<\/li>\n<li>Identifiera en akt\u00f6r i ditt t\u00e4ckningsomr\u00e5de som p\u00e5verkas av lagstiftningen. Be akt\u00f6ren f\u00f6rklara hur lagstiftningen skulle kunna p\u00e5verka akt\u00f6rens verksamhet.<\/li>\n<li>Identifiera vilka politiska skiljelinjer som \u00e4r aktuella i lagstiftningsprocessen och var de olika partigrupperna i EU-parlamentet st\u00e5r i fr\u00e5gan. SBHSS kan hj\u00e4lpa till med detta.<\/li>\n<li>Intervjua EU-parlamentariker p\u00e5 b\u00e5da sidor om skiljelinjen. De svenska parlamentarikerna \u00e4r utspridda i EU:s partigrupper och oftast finns svenska politiker som kan redog\u00f6ra f\u00f6r hur de olika sidorna st\u00e4ller sig till lagstiftningen.<\/li>\n<\/ol>\n<p style=\"text-align: justify;\"><strong>Andra v\u00e4gar till lokalt<\/strong><\/p>\n<ul style=\"text-align: justify;\">\n<li>P\u00e5 din regions utvecklingsf\u00f6rvaltning finns EU-samordnare som \u00e4r experter p\u00e5 de olika EU-samarbeten som din region \u00e4r en del av, exempelvis Interreg South Baltic. Dessa samarbeten genererar en stadig str\u00f6m av projekt som syftar till att f\u00f6rb\u00e4ttra regionen och som m\u00e5nga g\u00e5nger inneh\u00e5ller intressanta uppslag till nyhetsinslag.<\/li>\n<li>\u00c5k till Europaforum! Europaforum \u00e4r en \u00e5rligt \u00e5terkommande konferens som medlemmarna turas om med att vara v\u00e4rd f\u00f6r. P\u00e5 Europaforum presenteras och diskuteras de just nu mest aktuella EU-fr\u00e5gorna och h\u00e4r du som journalist f\u00e5 tips p\u00e5 uppslag samt har goda m\u00f6jligheter att knyta kontakter med akt\u00f6rer och makthavare som g\u00e4rna hj\u00e4lper dig skapa lokalt f\u00f6rankrad journalistik utifr\u00e5n aktuella EU-fr\u00e5gor.<\/li>\n<\/ul>\n<p style=\"text-align: justify;\"><strong>Bes\u00f6k EU-parlamentet<\/strong><\/p>\n<p style=\"text-align: justify;\">Alla journalister som \u00e4r verksamma i n\u00e5got av EU:s medlemsl\u00e4nder kan ans\u00f6ka om stipendium som m\u00f6jligg\u00f6r \u00e4ven f\u00f6r mindre mediehus att skicka reportrar till EU-parlamentet i Bryssel och Strasbourg.<\/p>\n<p style=\"text-align: justify;\">P\u00e5 EU-parlamentets f\u00f6rbindelsekontor i Stockholms hemsida presenteras regelbundet information om kommande journalistresor till Bryssel och Strasbourg: <a href=\"https:\/\/stockholm.europarl.europa.eu\/sv\">Hem | Kontoret i Stockholm | Europaparlamentet<\/a><\/p>\n<p style=\"text-align: justify;\"><strong>Till h\u00f6ger finner du kontaktuppgifter till v\u00e5r pressansvarige\u00a0<\/strong><\/p>\n","protected":false},"excerpt":{"rendered":"<p>S\u00e5 kan SBHSS hj\u00e4lpa dig som \u00e4r journalist Media och medias bevakning av EU och EU-fr\u00e5gor \u00e4r en viktig v\u00e4g till en djupare kunskap kring EU bland Sveriges inv\u00e5nare. SBHSS vill fr\u00e4mja detta arbete och p\u00e5 denna sida har vi samlat matnyttiga tips till journalister. EU-handboken EU-handboken \u00e4r skriven av journalisten Sigrid Melchior och inneh\u00e5ller [&hellip;]<\/p>\n","protected":false},"author":1,"featured_media":6152,"parent":243,"menu_order":0,"comment_status":"closed","ping_status":"closed","template":"page_documents.php","meta":{"_acf_changed":true,"footnotes":"","advanced-sidebar-menu\/link-title":"","advanced-sidebar-menu\/exclude-page":false},"class_list":["post-6291","page","type-page","status-publish","has-post-thumbnail","hentry"],"acf":[],"yoast_head":"<!-- This site is optimized with the Yoast SEO plugin v27.2 - https:\/\/yoast.com\/product\/yoast-seo-wordpress\/ -->\n<title>Media - SBHSS<\/title>\n<meta name=\"robots\" content=\"index, follow, max-snippet:-1, max-image-preview:large, max-video-preview:-1\" \/>\n<link rel=\"canonical\" href=\"https:\/\/www.sbhss.eu\/sv\/kontakta-oss\/media\/\" \/>\n<meta property=\"og:locale\" content=\"sv_SE\" \/>\n<meta property=\"og:type\" content=\"article\" \/>\n<meta property=\"og:title\" content=\"Media - SBHSS\" \/>\n<meta property=\"og:description\" content=\"S\u00e5 kan SBHSS hj\u00e4lpa dig som \u00e4r journalist Media och medias bevakning av EU och EU-fr\u00e5gor \u00e4r en viktig v\u00e4g till en djupare kunskap kring EU bland Sveriges inv\u00e5nare. SBHSS vill fr\u00e4mja detta arbete och p\u00e5 denna sida har vi samlat matnyttiga tips till journalister. EU-handboken EU-handboken \u00e4r skriven av journalisten Sigrid Melchior och inneh\u00e5ller [&hellip;]\" \/>\n<meta property=\"og:url\" content=\"https:\/\/www.sbhss.eu\/sv\/kontakta-oss\/media\/\" \/>\n<meta property=\"og:site_name\" content=\"SBHSS\" \/>\n<meta property=\"article:modified_time\" content=\"2024-09-03T07:42:13+00:00\" \/>\n<meta property=\"og:image\" content=\"https:\/\/www.sbhss.eu\/wp-content\/uploads\/2024\/04\/bigstock-european-commission-eu-flags-i-217699027.jpg\" \/>\n\t<meta property=\"og:image:width\" content=\"1600\" \/>\n\t<meta property=\"og:image:height\" content=\"1067\" \/>\n\t<meta property=\"og:image:type\" content=\"image\/jpeg\" \/>\n<meta name=\"twitter:card\" content=\"summary_large_image\" \/>\n<meta name=\"twitter:label1\" content=\"Ber\u00e4knad l\u00e4stid\" \/>\n\t<meta name=\"twitter:data1\" content=\"3 minuter\" \/>\n<script type=\"application\/ld+json\" class=\"yoast-schema-graph\">{\"@context\":\"https:\/\/schema.org\",\"@graph\":[{\"@type\":\"WebPage\",\"@id\":\"https:\/\/www.sbhss.eu\/sv\/kontakta-oss\/media\/\",\"url\":\"https:\/\/www.sbhss.eu\/sv\/kontakta-oss\/media\/\",\"name\":\"Media - SBHSS\",\"isPartOf\":{\"@id\":\"https:\/\/www.sbhss.eu\/#website\"},\"primaryImageOfPage\":{\"@id\":\"https:\/\/www.sbhss.eu\/sv\/kontakta-oss\/media\/#primaryimage\"},\"image\":{\"@id\":\"https:\/\/www.sbhss.eu\/sv\/kontakta-oss\/media\/#primaryimage\"},\"thumbnailUrl\":\"https:\/\/www.sbhss.eu\/wp-content\/uploads\/2024\/04\/bigstock-european-commission-eu-flags-i-217699027.jpg\",\"datePublished\":\"2024-05-21T07:57:40+00:00\",\"dateModified\":\"2024-09-03T07:42:13+00:00\",\"breadcrumb\":{\"@id\":\"https:\/\/www.sbhss.eu\/sv\/kontakta-oss\/media\/#breadcrumb\"},\"inLanguage\":\"sv-SE\",\"potentialAction\":[{\"@type\":\"ReadAction\",\"target\":[\"https:\/\/www.sbhss.eu\/sv\/kontakta-oss\/media\/\"]}]},{\"@type\":\"ImageObject\",\"inLanguage\":\"sv-SE\",\"@id\":\"https:\/\/www.sbhss.eu\/sv\/kontakta-oss\/media\/#primaryimage\",\"url\":\"https:\/\/www.sbhss.eu\/wp-content\/uploads\/2024\/04\/bigstock-european-commission-eu-flags-i-217699027.jpg\",\"contentUrl\":\"https:\/\/www.sbhss.eu\/wp-content\/uploads\/2024\/04\/bigstock-european-commission-eu-flags-i-217699027.jpg\",\"width\":1600,\"height\":1067,\"caption\":\"European Commission EU flags in Brussels\"},{\"@type\":\"BreadcrumbList\",\"@id\":\"https:\/\/www.sbhss.eu\/sv\/kontakta-oss\/media\/#breadcrumb\",\"itemListElement\":[{\"@type\":\"ListItem\",\"position\":1,\"name\":\"Hem\",\"item\":\"https:\/\/www.sbhss.eu\/sv\/\"},{\"@type\":\"ListItem\",\"position\":2,\"name\":\"Kontakta oss\",\"item\":\"https:\/\/www.sbhss.eu\/sv\/kontakta-oss\/\"},{\"@type\":\"ListItem\",\"position\":3,\"name\":\"Media\"}]},{\"@type\":\"WebSite\",\"@id\":\"https:\/\/www.sbhss.eu\/#website\",\"url\":\"https:\/\/www.sbhss.eu\/\",\"name\":\"SBHSS\",\"description\":\"\",\"potentialAction\":[{\"@type\":\"SearchAction\",\"target\":{\"@type\":\"EntryPoint\",\"urlTemplate\":\"https:\/\/www.sbhss.eu\/?s={search_term_string}\"},\"query-input\":{\"@type\":\"PropertyValueSpecification\",\"valueRequired\":true,\"valueName\":\"search_term_string\"}}],\"inLanguage\":\"sv-SE\"}]}<\/script>\n<!-- \/ Yoast SEO plugin. -->","yoast_head_json":{"title":"Media - SBHSS","robots":{"index":"index","follow":"follow","max-snippet":"max-snippet:-1","max-image-preview":"max-image-preview:large","max-video-preview":"max-video-preview:-1"},"canonical":"https:\/\/www.sbhss.eu\/sv\/kontakta-oss\/media\/","og_locale":"sv_SE","og_type":"article","og_title":"Media - SBHSS","og_description":"S\u00e5 kan SBHSS hj\u00e4lpa dig som \u00e4r journalist Media och medias bevakning av EU och EU-fr\u00e5gor \u00e4r en viktig v\u00e4g till en djupare kunskap kring EU bland Sveriges inv\u00e5nare. SBHSS vill fr\u00e4mja detta arbete och p\u00e5 denna sida har vi samlat matnyttiga tips till journalister. EU-handboken EU-handboken \u00e4r skriven av journalisten Sigrid Melchior och inneh\u00e5ller [&hellip;]","og_url":"https:\/\/www.sbhss.eu\/sv\/kontakta-oss\/media\/","og_site_name":"SBHSS","article_modified_time":"2024-09-03T07:42:13+00:00","og_image":[{"width":1600,"height":1067,"url":"https:\/\/www.sbhss.eu\/wp-content\/uploads\/2024\/04\/bigstock-european-commission-eu-flags-i-217699027.jpg","type":"image\/jpeg"}],"twitter_card":"summary_large_image","twitter_misc":{"Ber\u00e4knad l\u00e4stid":"3 minuter"},"schema":{"@context":"https:\/\/schema.org","@graph":[{"@type":"WebPage","@id":"https:\/\/www.sbhss.eu\/sv\/kontakta-oss\/media\/","url":"https:\/\/www.sbhss.eu\/sv\/kontakta-oss\/media\/","name":"Media - SBHSS","isPartOf":{"@id":"https:\/\/www.sbhss.eu\/#website"},"primaryImageOfPage":{"@id":"https:\/\/www.sbhss.eu\/sv\/kontakta-oss\/media\/#primaryimage"},"image":{"@id":"https:\/\/www.sbhss.eu\/sv\/kontakta-oss\/media\/#primaryimage"},"thumbnailUrl":"https:\/\/www.sbhss.eu\/wp-content\/uploads\/2024\/04\/bigstock-european-commission-eu-flags-i-217699027.jpg","datePublished":"2024-05-21T07:57:40+00:00","dateModified":"2024-09-03T07:42:13+00:00","breadcrumb":{"@id":"https:\/\/www.sbhss.eu\/sv\/kontakta-oss\/media\/#breadcrumb"},"inLanguage":"sv-SE","potentialAction":[{"@type":"ReadAction","target":["https:\/\/www.sbhss.eu\/sv\/kontakta-oss\/media\/"]}]},{"@type":"ImageObject","inLanguage":"sv-SE","@id":"https:\/\/www.sbhss.eu\/sv\/kontakta-oss\/media\/#primaryimage","url":"https:\/\/www.sbhss.eu\/wp-content\/uploads\/2024\/04\/bigstock-european-commission-eu-flags-i-217699027.jpg","contentUrl":"https:\/\/www.sbhss.eu\/wp-content\/uploads\/2024\/04\/bigstock-european-commission-eu-flags-i-217699027.jpg","width":1600,"height":1067,"caption":"European Commission EU flags in Brussels"},{"@type":"BreadcrumbList","@id":"https:\/\/www.sbhss.eu\/sv\/kontakta-oss\/media\/#breadcrumb","itemListElement":[{"@type":"ListItem","position":1,"name":"Hem","item":"https:\/\/www.sbhss.eu\/sv\/"},{"@type":"ListItem","position":2,"name":"Kontakta oss","item":"https:\/\/www.sbhss.eu\/sv\/kontakta-oss\/"},{"@type":"ListItem","position":3,"name":"Media"}]},{"@type":"WebSite","@id":"https:\/\/www.sbhss.eu\/#website","url":"https:\/\/www.sbhss.eu\/","name":"SBHSS","description":"","potentialAction":[{"@type":"SearchAction","target":{"@type":"EntryPoint","urlTemplate":"https:\/\/www.sbhss.eu\/?s={search_term_string}"},"query-input":{"@type":"PropertyValueSpecification","valueRequired":true,"valueName":"search_term_string"}}],"inLanguage":"sv-SE"}]}},"_links":{"self":[{"href":"https:\/\/www.sbhss.eu\/sv\/wp-json\/wp\/v2\/pages\/6291","targetHints":{"allow":["GET"]}}],"collection":[{"href":"https:\/\/www.sbhss.eu\/sv\/wp-json\/wp\/v2\/pages"}],"about":[{"href":"https:\/\/www.sbhss.eu\/sv\/wp-json\/wp\/v2\/types\/page"}],"author":[{"embeddable":true,"href":"https:\/\/www.sbhss.eu\/sv\/wp-json\/wp\/v2\/users\/1"}],"replies":[{"embeddable":true,"href":"https:\/\/www.sbhss.eu\/sv\/wp-json\/wp\/v2\/comments?post=6291"}],"version-history":[{"count":16,"href":"https:\/\/www.sbhss.eu\/sv\/wp-json\/wp\/v2\/pages\/6291\/revisions"}],"predecessor-version":[{"id":6843,"href":"https:\/\/www.sbhss.eu\/sv\/wp-json\/wp\/v2\/pages\/6291\/revisions\/6843"}],"up":[{"embeddable":true,"href":"https:\/\/www.sbhss.eu\/sv\/wp-json\/wp\/v2\/pages\/243"}],"wp:featuredmedia":[{"embeddable":true,"href":"https:\/\/www.sbhss.eu\/sv\/wp-json\/wp\/v2\/media\/6152"}],"wp:attachment":[{"href":"https:\/\/www.sbhss.eu\/sv\/wp-json\/wp\/v2\/media?parent=6291"}],"curies":[{"name":"wp","href":"https:\/\/api.w.org\/{rel}","templated":true}]}}