{"id":6297,"date":"2024-05-21T08:30:46","date_gmt":"2024-05-21T08:30:46","guid":{"rendered":"https:\/\/www.sbhss.eu\/?page_id=6297"},"modified":"2024-05-21T08:30:46","modified_gmt":"2024-05-21T08:30:46","slug":"media-almedalen","status":"publish","type":"page","link":"https:\/\/www.sbhss.eu\/sv\/media-almedalen\/","title":{"rendered":"Media Almedalen"},"content":{"rendered":"<p>H\u00e4r finner du kontaktuppgifter till pressansvarige f\u00f6r v\u00e5r aktivitet i Almedalen<\/p>\n","protected":false},"excerpt":{"rendered":"<p>H\u00e4r finner du kontaktuppgifter till pressansvarige f\u00f6r v\u00e5r aktivitet i Almedalen<\/p>\n","protected":false},"author":1,"featured_media":0,"parent":0,"menu_order":0,"comment_status":"closed","ping_status":"closed","template":"","meta":{"_acf_changed":false,"footnotes":"","advanced-sidebar-menu\/link-title":"","advanced-sidebar-menu\/exclude-page":false},"class_list":["post-6297","page","type-page","status-publish","hentry"],"acf":[],"yoast_head":"<!-- This site is optimized with the Yoast SEO plugin v27.2 - https:\/\/yoast.com\/product\/yoast-seo-wordpress\/ -->\n<title>Media Almedalen - SBHSS<\/title>\n<meta name=\"robots\" content=\"index, follow, max-snippet:-1, max-image-preview:large, max-video-preview:-1\" \/>\n<link rel=\"canonical\" href=\"https:\/\/www.sbhss.eu\/sv\/media-almedalen\/\" \/>\n<meta property=\"og:locale\" content=\"sv_SE\" \/>\n<meta property=\"og:type\" content=\"article\" \/>\n<meta property=\"og:title\" content=\"Media Almedalen - SBHSS\" \/>\n<meta property=\"og:description\" content=\"H\u00e4r finner du kontaktuppgifter till pressansvarige f\u00f6r v\u00e5r aktivitet i Almedalen\" \/>\n<meta property=\"og:url\" content=\"https:\/\/www.sbhss.eu\/sv\/media-almedalen\/\" \/>\n<meta property=\"og:site_name\" content=\"SBHSS\" \/>\n<meta name=\"twitter:card\" content=\"summary_large_image\" \/>\n<meta name=\"twitter:label1\" content=\"Ber\u00e4knad l\u00e4stid\" \/>\n\t<meta name=\"twitter:data1\" content=\"1 minut\" \/>\n<script type=\"application\/ld+json\" class=\"yoast-schema-graph\">{\"@context\":\"https:\/\/schema.org\",\"@graph\":[{\"@type\":\"WebPage\",\"@id\":\"https:\/\/www.sbhss.eu\/sv\/media-almedalen\/\",\"url\":\"https:\/\/www.sbhss.eu\/sv\/media-almedalen\/\",\"name\":\"Media Almedalen - SBHSS\",\"isPartOf\":{\"@id\":\"https:\/\/www.sbhss.eu\/#website\"},\"datePublished\":\"2024-05-21T08:30:46+00:00\",\"breadcrumb\":{\"@id\":\"https:\/\/www.sbhss.eu\/sv\/media-almedalen\/#breadcrumb\"},\"inLanguage\":\"sv-SE\",\"potentialAction\":[{\"@type\":\"ReadAction\",\"target\":[\"https:\/\/www.sbhss.eu\/sv\/media-almedalen\/\"]}]},{\"@type\":\"BreadcrumbList\",\"@id\":\"https:\/\/www.sbhss.eu\/sv\/media-almedalen\/#breadcrumb\",\"itemListElement\":[{\"@type\":\"ListItem\",\"position\":1,\"name\":\"Hem\",\"item\":\"https:\/\/www.sbhss.eu\/sv\/\"},{\"@type\":\"ListItem\",\"position\":2,\"name\":\"Media Almedalen\"}]},{\"@type\":\"WebSite\",\"@id\":\"https:\/\/www.sbhss.eu\/#website\",\"url\":\"https:\/\/www.sbhss.eu\/\",\"name\":\"SBHSS\",\"description\":\"\",\"potentialAction\":[{\"@type\":\"SearchAction\",\"target\":{\"@type\":\"EntryPoint\",\"urlTemplate\":\"https:\/\/www.sbhss.eu\/?s={search_term_string}\"},\"query-input\":{\"@type\":\"PropertyValueSpecification\",\"valueRequired\":true,\"valueName\":\"search_term_string\"}}],\"inLanguage\":\"sv-SE\"}]}<\/script>\n<!-- \/ Yoast SEO plugin. -->","yoast_head_json":{"title":"Media Almedalen - SBHSS","robots":{"index":"index","follow":"follow","max-snippet":"max-snippet:-1","max-image-preview":"max-image-preview:large","max-video-preview":"max-video-preview:-1"},"canonical":"https:\/\/www.sbhss.eu\/sv\/media-almedalen\/","og_locale":"sv_SE","og_type":"article","og_title":"Media Almedalen - SBHSS","og_description":"H\u00e4r finner du kontaktuppgifter till pressansvarige f\u00f6r v\u00e5r aktivitet i Almedalen","og_url":"https:\/\/www.sbhss.eu\/sv\/media-almedalen\/","og_site_name":"SBHSS","twitter_card":"summary_large_image","twitter_misc":{"Ber\u00e4knad l\u00e4stid":"1 minut"},"schema":{"@context":"https:\/\/schema.org","@graph":[{"@type":"WebPage","@id":"https:\/\/www.sbhss.eu\/sv\/media-almedalen\/","url":"https:\/\/www.sbhss.eu\/sv\/media-almedalen\/","name":"Media Almedalen - SBHSS","isPartOf":{"@id":"https:\/\/www.sbhss.eu\/#website"},"datePublished":"2024-05-21T08:30:46+00:00","breadcrumb":{"@id":"https:\/\/www.sbhss.eu\/sv\/media-almedalen\/#breadcrumb"},"inLanguage":"sv-SE","potentialAction":[{"@type":"ReadAction","target":["https:\/\/www.sbhss.eu\/sv\/media-almedalen\/"]}]},{"@type":"BreadcrumbList","@id":"https:\/\/www.sbhss.eu\/sv\/media-almedalen\/#breadcrumb","itemListElement":[{"@type":"ListItem","position":1,"name":"Hem","item":"https:\/\/www.sbhss.eu\/sv\/"},{"@type":"ListItem","position":2,"name":"Media Almedalen"}]},{"@type":"WebSite","@id":"https:\/\/www.sbhss.eu\/#website","url":"https:\/\/www.sbhss.eu\/","name":"SBHSS","description":"","potentialAction":[{"@type":"SearchAction","target":{"@type":"EntryPoint","urlTemplate":"https:\/\/www.sbhss.eu\/?s={search_term_string}"},"query-input":{"@type":"PropertyValueSpecification","valueRequired":true,"valueName":"search_term_string"}}],"inLanguage":"sv-SE"}]}},"_links":{"self":[{"href":"https:\/\/www.sbhss.eu\/sv\/wp-json\/wp\/v2\/pages\/6297","targetHints":{"allow":["GET"]}}],"collection":[{"href":"https:\/\/www.sbhss.eu\/sv\/wp-json\/wp\/v2\/pages"}],"about":[{"href":"https:\/\/www.sbhss.eu\/sv\/wp-json\/wp\/v2\/types\/page"}],"author":[{"embeddable":true,"href":"https:\/\/www.sbhss.eu\/sv\/wp-json\/wp\/v2\/users\/1"}],"replies":[{"embeddable":true,"href":"https:\/\/www.sbhss.eu\/sv\/wp-json\/wp\/v2\/comments?post=6297"}],"version-history":[{"count":1,"href":"https:\/\/www.sbhss.eu\/sv\/wp-json\/wp\/v2\/pages\/6297\/revisions"}],"predecessor-version":[{"id":6298,"href":"https:\/\/www.sbhss.eu\/sv\/wp-json\/wp\/v2\/pages\/6297\/revisions\/6298"}],"wp:attachment":[{"href":"https:\/\/www.sbhss.eu\/sv\/wp-json\/wp\/v2\/media?parent=6297"}],"curies":[{"name":"wp","href":"https:\/\/api.w.org\/{rel}","templated":true}]}}